{"id":1000,"date":"2013-02-26T14:40:05","date_gmt":"2013-02-26T13:40:05","guid":{"rendered":"http:\/\/banques-ecoles-dev.fr\/cms\/?page_id=1000"},"modified":"2013-04-20T19:40:45","modified_gmt":"2013-04-20T18:40:45","slug":"session-2012","status":"publish","type":"page","link":"https:\/\/banques-ecoles.fr\/cms\/filiere-pc\/rapports-des-jurys-de-la-banque-pc\/session-2012\/","title":{"rendered":"Session 2012"},"content":{"rendered":"<p>Rapports de jury des \u00e9preuves scientifiques et litt\u00e9raires pour la session 2012.<\/p>\n<p>&nbsp;<\/p>\n<p><a href=\"\/cms\/wp-content\/uploads\/2013\/04\/12_pc_rap_ecrit_phy_a_xe.pdf\">Rapport de l&rsquo;\u00e9preuve \u00e9crite de physique A &#8211; XE<\/a><\/p>\n<p><a href=\"\/cms\/wp-content\/data\/filiere-pc\/rapports-des-jurys-de-la-banque-pc\/session-2012\/rap_pc2012_e_phy_b.pdf\">Rapport de l&rsquo;\u00e9preuve \u00e9crite de physique B &#8211; XELC<\/a><\/p>\n<p><a href=\"\/cms\/wp-content\/data\/filiere-pc\/rapports-des-jurys-de-la-banque-pc\/session-2012\/rap_pc2012_ecrit_phy_u.pdf\">Rapport de l&rsquo;\u00e9preuve \u00e9crite de physique C &#8211; U<\/a><\/p>\n<p><a href=\"\/cms\/wp-content\/data\/filiere-pc\/rapports-des-jurys-de-la-banque-pc\/session-2012\/rap_pc2012_e_phychy_lyon.pdf\">Rapport de l&rsquo;\u00e9preuve \u00e9crite de physique-chimie &#8211; L<\/a><\/p>\n<p><a href=\"\/cms\/wp-content\/uploads\/2013\/04\/12_pc_rap_ecrit_chi_xeulc.pdf\">Rapport de l&rsquo;\u00e9preuve \u00e9crite de chimie &#8211; XEULC<\/a><\/p>\n<p><a href=\"\/cms\/wp-content\/uploads\/2013\/04\/12_pc_rap_ecrit_math_xeulc.pdf\">Rapport de l&rsquo;\u00e9preuve \u00e9crite de math\u00e9matiques &#8211; XEULC<\/a><\/p>\n<p><a href=\"\/cms\/wp-content\/uploads\/2013\/04\/12_pc_rap_ecrit_info_2h_xec.pdf\">Rapport de l&rsquo;\u00e9preuve \u00e9crite de d&rsquo;informatique 2h &#8211; XEC<\/a><\/p>\n<p>&nbsp;<\/p>\n<p><a href=\"\/cms\/wp-content\/uploads\/2013\/04\/12_pc_rap_oral_phy_lc.pdf\">Rapport de l&rsquo;\u00e9preuve orale de physique &#8211; LC<\/a><\/p>\n<p><a href=\"\/cms\/wp-content\/data\/filiere-pc\/rapports-des-jurys-de-la-banque-pc\/session-2012\/rap_pc2012_oral_phy1_phy2_u.pdf\">Rapport des \u00e9preuves orales de physique 1 et 2 &#8211; U<\/a><\/p>\n<p><a href=\"\/cms\/wp-content\/data\/filiere-pc\/rapports-des-jurys-de-la-banque-pc\/session-2012\/rap_pc2012_oral_chi_lc.pdf\">Rapport de l&rsquo;\u00e9preuve orale de chimie &#8211; LC<\/a><\/p>\n<p><a href=\"\/cms\/wp-content\/data\/filiere-pc\/rapports-des-jurys-de-la-banque-pc\/session-2012\/rap_pc2012_oral_chi1_chi2_u.pdf\">Rapport des \u00e9preuves orales de chimie 1 et 2 &#8211; U<\/a><\/p>\n<p><a href=\"\/cms\/wp-content\/data\/filiere-pc\/rapports-des-jurys-de-la-banque-pc\/session-2012\/rap_pc2012_oral_math.pdf\">Rapport de l&rsquo;\u00e9preuve orale de math\u00e9matiques &#8211; UL<\/a><\/p>\n<p><a href=\"\/cms\/wp-content\/data\/filiere-pc\/rapports-des-jurys-de-la-banque-pc\/session-2012\/rap_mppc2012_oral_lv_all.pdf\">Rapport de l&rsquo;\u00e9preuve orale de LV : allemand &#8211; ULC<\/a><\/p>\n<p><a href=\"\/cms\/wp-content\/data\/filiere-pc\/rapports-des-jurys-de-la-banque-pc\/session-2012\/rap_pc2012_oral_lv_all.pdf\"> Rapport (2) de l&rsquo;\u00e9preuve orale de LV : allemand &#8211; ULC <\/a><\/p>\n<p><a href=\"\/cms\/wp-content\/data\/filiere-pc\/rapports-des-jurys-de-la-banque-pc\/session-2012\/rap_mppc2012_oral_lv_esp.pdf\">Rapport de l&rsquo;\u00e9preuve orale de LV : espagnol &#8211; ULC<\/a><\/p>\n<p><a href=\"\/cms\/wp-content\/data\/filiere-pc\/rapports-des-jurys-de-la-banque-pc\/session-2012\/rap_pc2012_tpchi.pdf\">Rapport des TP de chimie<\/a><\/p>\n<p><a href=\"\/cms\/wp-content\/data\/filiere-pc\/rapports-des-jurys-de-la-banque-pc\/session-2012\/rap_pc2012_oral_tpphy.pdf\">Rapport des TP de physique<\/a><\/p>\n<p><a href=\"\/cms\/wp-content\/data\/filiere-pc\/rapports-des-jurys-de-la-banque-pc\/session-2012\/rap_pc2012_tipepc_ulc.pdf\">Rapport de l&rsquo;\u00e9preuve de TIPE physique-chimie<\/a><\/p>\n","protected":false},"excerpt":{"rendered":"<p>Rapports de jury des \u00e9preuves scientifiques et litt\u00e9raires pour la session 2012. &nbsp; Rapport de l&rsquo;\u00e9preuve \u00e9crite de physique A &#8211; XE Rapport de l&rsquo;\u00e9preuve \u00e9crite de physique B &#8211; XELC Rapport de l&rsquo;\u00e9preuve \u00e9crite de physique C &#8211; U <a href=\"https:\/\/banques-ecoles.fr\/cms\/filiere-pc\/rapports-des-jurys-de-la-banque-pc\/session-2012\/\">[Lire la suite]<\/a><\/p>\n","protected":false},"author":1,"featured_media":0,"parent":969,"menu_order":0,"comment_status":"closed","ping_status":"open","template":"","meta":{"footnotes":""},"class_list":["post-1000","page","type-page","status-publish","hentry"],"_links":{"self":[{"href":"https:\/\/banques-ecoles.fr\/cms\/wp-json\/wp\/v2\/pages\/1000","targetHints":{"allow":["GET"]}}],"collection":[{"href":"https:\/\/banques-ecoles.fr\/cms\/wp-json\/wp\/v2\/pages"}],"about":[{"href":"https:\/\/banques-ecoles.fr\/cms\/wp-json\/wp\/v2\/types\/page"}],"author":[{"embeddable":true,"href":"https:\/\/banques-ecoles.fr\/cms\/wp-json\/wp\/v2\/users\/1"}],"replies":[{"embeddable":true,"href":"https:\/\/banques-ecoles.fr\/cms\/wp-json\/wp\/v2\/comments?post=1000"}],"version-history":[{"count":12,"href":"https:\/\/banques-ecoles.fr\/cms\/wp-json\/wp\/v2\/pages\/1000\/revisions"}],"predecessor-version":[{"id":2041,"href":"https:\/\/banques-ecoles.fr\/cms\/wp-json\/wp\/v2\/pages\/1000\/revisions\/2041"}],"up":[{"embeddable":true,"href":"https:\/\/banques-ecoles.fr\/cms\/wp-json\/wp\/v2\/pages\/969"}],"wp:attachment":[{"href":"https:\/\/banques-ecoles.fr\/cms\/wp-json\/wp\/v2\/media?parent=1000"}],"curies":[{"name":"wp","href":"https:\/\/api.w.org\/{rel}","templated":true}]}}