{"id":1002,"date":"2013-02-26T14:40:19","date_gmt":"2013-02-26T13:40:19","guid":{"rendered":"http:\/\/banques-ecoles-dev.fr\/cms\/?page_id=1002"},"modified":"2013-04-20T17:31:53","modified_gmt":"2013-04-20T16:31:53","slug":"session-2010","status":"publish","type":"page","link":"https:\/\/banques-ecoles.fr\/cms\/filiere-pc\/rapports-des-jurys-de-la-banque-pc\/session-2010\/","title":{"rendered":"Session 2010"},"content":{"rendered":"<p>Rapports de jury des \u00e9preuves scientifiques et litt\u00e9raires pour la session 2010.<\/p>\n<p>&nbsp;<\/p>\n<p><a href=\"\/cms\/wp-content\/data\/filiere-pc\/rapports-des-jurys-de-la-banque-pc\/session-2010\/EPREUVE%20ECRITE%20DE%20PHYSIQUE2.pdf\">Rapport de l&rsquo;\u00e9preuve \u00e9crite de physique 2<\/a><\/p>\n<p><a href=\"\/cms\/wp-content\/data\/filiere-pc\/rapports-des-jurys-de-la-banque-pc\/session-2010\/rapport-ecrit-ulm-lyon-cachan-pc2010.pdf\">Rapport de l&rsquo;\u00e9preuve \u00e9crite de chimie<\/a><\/p>\n<p><a href=\"\/cms\/wp-content\/data\/filiere-pc\/rapports-des-jurys-de-la-banque-pc\/session-2010\/rapport-oraux-chimie1-et-chimie2-ulm-pc2010.pdf\">Rapport des \u00e9preuves orales de chimie 1 et 2 Ulm<\/a><\/p>\n<p><a href=\"\/cms\/wp-content\/data\/filiere-pc\/rapports-des-jurys-de-la-banque-pc\/session-2010\/rapport_op_lc_pc2010_21sep10.pdf\">Rapport de l&rsquo;\u00e9preuve orale de physique LC<\/a><\/p>\n<p><a href=\"\/cms\/wp-content\/data\/filiere-pc\/rapports-des-jurys-de-la-banque-pc\/session-2010\/rapport-MathsPC-2010.pdf\">Rapport de l&rsquo;\u00e9preuve orale de math\u00e9matiques ULC<\/a><\/p>\n<p><a href=\"\/cms\/wp-content\/data\/filiere-pc\/rapports-des-jurys-de-la-banque-pc\/session-2010\/rapport_pc_tp_chimie_ulc.pdf\">Rapport des TP de chimie<\/a><\/p>\n<p><a href=\"\/cms\/wp-content\/data\/filiere-pc\/rapports-des-jurys-de-la-banque-pc\/session-2010\/LV1%20MPPC.pdf\">Rapport de l&rsquo;\u00e9preuve \u00e9crite d&rsquo;italien LV1<\/a><\/p>\n<p><a href=\"\/cms\/wp-content\/data\/filiere-pc\/rapports-des-jurys-de-la-banque-pc\/session-2010\/MP%20oral%20LV%20allemand.pdf\">Rapport de l&rsquo;\u00e9preuve orale d&rsquo;allemand<\/a><\/p>\n<p><a href=\"\/cms\/wp-content\/data\/filiere-pc\/rapports-des-jurys-de-la-banque-pc\/session-2010\/MP%20oral%20espagnol.pdf\">Rapport de l&rsquo;\u00e9preuve orale d&rsquo;espagnol<\/a><\/p>\n<p><a href=\"\/cms\/wp-content\/data\/filiere-pc\/rapports-des-jurys-de-la-banque-pc\/session-2010\/MP-PC_Oral%20italien.pdf\">Rapport de l&rsquo;\u00e9preuve orale d&rsquo;italien<\/a><\/p>\n<p><a href=\"\/cms\/wp-content\/data\/filiere-pc\/rapports-des-jurys-de-la-banque-pc\/session-2010\/MP%20Rapport%20Ecrit-allemandLE2.pdf\">Rapport de l&rsquo;\u00e9crit d&rsquo;allemand LE2<\/a><\/p>\n<p><a href=\"\/cms\/wp-content\/data\/filiere-pc\/rapports-des-jurys-de-la-banque-pc\/session-2010\/rapport%20PC%20Latin%202010.pdf\">Rapport de l&rsquo;\u00e9preuve de latin LE2<\/a><\/p>\n<p><a href=\"\/cms\/wp-content\/data\/filiere-pc\/rapports-des-jurys-de-la-banque-pc\/session-2010\/MP%20Rapport%20Ecrit-chinoisLE2.pdf\">Rapport de l&rsquo;\u00e9crit de chinois LE2<\/a><\/p>\n<p><a href=\"\/cms\/wp-content\/data\/filiere-pc\/rapports-des-jurys-de-la-banque-pc\/session-2010\/LE2%20ItalienMPPC.pdf\">Rapport de l&rsquo;\u00e9crit d&rsquo;italien LE2<\/a><\/p>\n<p><a href=\"\/cms\/wp-content\/data\/filiere-pc\/rapports-des-jurys-de-la-banque-pc\/session-2010\/rapportPortugaisPC%20-%202010.pdf\">Rapport de l&rsquo;\u00e9crit de portugais LE2<\/a><\/p>\n<p><a href=\"\/cms\/wp-content\/data\/filiere-mp\/rapports-des-jurys-de-la-banque-mp\/session-2010\/MP-PC%20Grec%202010.pdf\">Rapport de l&rsquo;\u00e9preuve de grec LE2<\/a><\/p>\n","protected":false},"excerpt":{"rendered":"<p>Rapports de jury des \u00e9preuves scientifiques et litt\u00e9raires pour la session 2010. &nbsp; Rapport de l&rsquo;\u00e9preuve \u00e9crite de physique 2 Rapport de l&rsquo;\u00e9preuve \u00e9crite de chimie Rapport des \u00e9preuves orales de chimie 1 et 2 Ulm Rapport de l&rsquo;\u00e9preuve orale <a href=\"https:\/\/banques-ecoles.fr\/cms\/filiere-pc\/rapports-des-jurys-de-la-banque-pc\/session-2010\/\">[Lire la suite]<\/a><\/p>\n","protected":false},"author":1,"featured_media":0,"parent":969,"menu_order":2,"comment_status":"closed","ping_status":"open","template":"","meta":{"footnotes":""},"class_list":["post-1002","page","type-page","status-publish","hentry"],"_links":{"self":[{"href":"https:\/\/banques-ecoles.fr\/cms\/wp-json\/wp\/v2\/pages\/1002","targetHints":{"allow":["GET"]}}],"collection":[{"href":"https:\/\/banques-ecoles.fr\/cms\/wp-json\/wp\/v2\/pages"}],"about":[{"href":"https:\/\/banques-ecoles.fr\/cms\/wp-json\/wp\/v2\/types\/page"}],"author":[{"embeddable":true,"href":"https:\/\/banques-ecoles.fr\/cms\/wp-json\/wp\/v2\/users\/1"}],"replies":[{"embeddable":true,"href":"https:\/\/banques-ecoles.fr\/cms\/wp-json\/wp\/v2\/comments?post=1002"}],"version-history":[{"count":6,"href":"https:\/\/banques-ecoles.fr\/cms\/wp-json\/wp\/v2\/pages\/1002\/revisions"}],"predecessor-version":[{"id":2025,"href":"https:\/\/banques-ecoles.fr\/cms\/wp-json\/wp\/v2\/pages\/1002\/revisions\/2025"}],"up":[{"embeddable":true,"href":"https:\/\/banques-ecoles.fr\/cms\/wp-json\/wp\/v2\/pages\/969"}],"wp:attachment":[{"href":"https:\/\/banques-ecoles.fr\/cms\/wp-json\/wp\/v2\/media?parent=1002"}],"curies":[{"name":"wp","href":"https:\/\/api.w.org\/{rel}","templated":true}]}}