{"id":10069,"date":"2022-04-12T14:55:48","date_gmt":"2022-04-12T12:55:48","guid":{"rendered":"https:\/\/banques-ecoles.fr\/cms\/?page_id=10069"},"modified":"2022-04-20T09:32:44","modified_gmt":"2022-04-20T07:32:44","slug":"session-2022","status":"publish","type":"page","link":"https:\/\/banques-ecoles.fr\/cms\/accueil\/session-2022\/","title":{"rendered":"Session 2022"},"content":{"rendered":"\n<p>Sujets des \u00e9preuves \u00e9crites :<\/p>\n<h4>\u00c9preuves communes<\/h4>\n<ul>\n<li><a href=\"https:\/\/banques-ecoles.fr\/cms\/wp-content\/uploads\/2022\/04\/Session-2022_BEL_Composition-dhistoire.pdf\">Composition d\u2019histoire<\/a><\/li>\n<li><a href=\"https:\/\/banques-ecoles.fr\/cms\/wp-content\/uploads\/2022\/04\/Session-2022_BEL_Composition-francaise.pdf\">Composition fran\u00e7aise<\/a><\/li>\n<li><a href=\"https:\/\/banques-ecoles.fr\/cms\/wp-content\/uploads\/2022\/04\/Session-2022_BEL_Composition-de-philosophie.pdf\">Composition de philosophie<\/a><\/li>\n<li><a href=\"https:\/\/banques-ecoles.fr\/cms\/wp-content\/uploads\/2022\/04\/Session-2022_BEL_Commentaire-et-traduction.pdf\">Commentaire et traduction en LVE<\/a><\/li>\n<li><a href=\"https:\/\/banques-ecoles.fr\/cms\/wp-content\/uploads\/2022\/04\/Session-2022_BEL_Epreuves-de-la-specialite-Arts.pdf\">Epreuves de la sp\u00e9cialit\u00e9 Arts<\/a><\/li>\n<\/ul>\n<h4>\u00c9preuves sp\u00e9cifiques ENS de Lyon<\/h4>\n<ul>\n<li><a href=\"https:\/\/banques-ecoles.fr\/cms\/wp-content\/uploads\/2022\/04\/VF-Session-2022_BEL_Composition-de-Geographie.pdf\" target=\"_blank\" rel=\"noopener\">Composition de g\u00e9ographie sujet+ fond de carte<\/a><\/li>\n<li><a href=\"https:\/\/banques-ecoles.fr\/cms\/wp-content\/uploads\/2022\/04\/Session-2022_BEL_Epreuves-de-specialite.pdf\">Epreuves de Sp\u00e9cialit\u00e9<\/a><\/li>\n<li><a href=\"https:\/\/banques-ecoles.fr\/cms\/wp-content\/uploads\/2022\/04\/Session-2022_BEL_Version-grecque.pdf\">Version grecque<\/a><\/li>\n<li><a href=\"https:\/\/banques-ecoles.fr\/cms\/wp-content\/uploads\/2022\/04\/Session-2022_BEL_Commentaire-de-carte_compressed.pdf\">Commentaire de carte<\/a><br \/>\n<ul>\n<li><a href=\"https:\/\/banques-ecoles.fr\/cms\/wp-content\/uploads\/2022\/04\/Session-2022_BEL_Document-principal.pdf\">Document principal<\/a><\/li>\n<\/ul>\n<\/li>\n<\/ul>\n<h4>\u00c9preuves sp\u00e9cifiques ENS de Paris<\/h4>\n<ul>\n<li>langue et culture anciennes\n<ul>\n<li>traduction et commentaire d\u2019un texte latin<\/li>\n<li>traduction et commentaire d\u2019un texte grec<\/li>\n<li>version latine<\/li>\n<li>version grecque<\/li>\n<\/ul>\n<\/li>\n<li>\u00e9preuve \u00e0 option\n<ul>\n<li>version latine et court th\u00e8me<\/li>\n<li>commentaire d\u2019un texte philosophique<\/li>\n<li>commentaire d\u2019un texte litt\u00e9raire fran\u00e7ais<\/li>\n<li>composition de g\u00e9ographie<\/li>\n<li>commentaire compos\u00e9 et court th\u00e8me<\/li>\n<li>version et th\u00e8me<\/li>\n<\/ul>\n<\/li>\n<\/ul>\n","protected":false},"excerpt":{"rendered":"<p>Sujets des \u00e9preuves \u00e9crites : \u00c9preuves communes Composition d\u2019histoire Composition fran\u00e7aise Composition de philosophie Commentaire et traduction en LVE Epreuves de la sp\u00e9cialit\u00e9 Arts \u00c9preuves sp\u00e9cifiques ENS de Lyon Composition de g\u00e9ographie sujet+ fond de carte Epreuves de Sp\u00e9cialit\u00e9 Version <a href=\"https:\/\/banques-ecoles.fr\/cms\/accueil\/session-2022\/\">[Lire la suite]<\/a><\/p>\n","protected":false},"author":1,"featured_media":0,"parent":12,"menu_order":0,"comment_status":"closed","ping_status":"closed","template":"","meta":{"footnotes":""},"class_list":["post-10069","page","type-page","status-publish","hentry"],"_links":{"self":[{"href":"https:\/\/banques-ecoles.fr\/cms\/wp-json\/wp\/v2\/pages\/10069","targetHints":{"allow":["GET"]}}],"collection":[{"href":"https:\/\/banques-ecoles.fr\/cms\/wp-json\/wp\/v2\/pages"}],"about":[{"href":"https:\/\/banques-ecoles.fr\/cms\/wp-json\/wp\/v2\/types\/page"}],"author":[{"embeddable":true,"href":"https:\/\/banques-ecoles.fr\/cms\/wp-json\/wp\/v2\/users\/1"}],"replies":[{"embeddable":true,"href":"https:\/\/banques-ecoles.fr\/cms\/wp-json\/wp\/v2\/comments?post=10069"}],"version-history":[{"count":13,"href":"https:\/\/banques-ecoles.fr\/cms\/wp-json\/wp\/v2\/pages\/10069\/revisions"}],"predecessor-version":[{"id":10913,"href":"https:\/\/banques-ecoles.fr\/cms\/wp-json\/wp\/v2\/pages\/10069\/revisions\/10913"}],"up":[{"embeddable":true,"href":"https:\/\/banques-ecoles.fr\/cms\/wp-json\/wp\/v2\/pages\/12"}],"wp:attachment":[{"href":"https:\/\/banques-ecoles.fr\/cms\/wp-json\/wp\/v2\/media?parent=10069"}],"curies":[{"name":"wp","href":"https:\/\/api.w.org\/{rel}","templated":true}]}}