{"id":1007,"date":"2013-02-26T14:40:56","date_gmt":"2013-02-26T13:40:56","guid":{"rendered":"http:\/\/banques-ecoles-dev.fr\/cms\/?page_id=1007"},"modified":"2013-04-20T17:30:06","modified_gmt":"2013-04-20T16:30:06","slug":"session-2005","status":"publish","type":"page","link":"https:\/\/banques-ecoles.fr\/cms\/filiere-pc\/rapports-des-jurys-de-la-banque-pc\/session-2005\/","title":{"rendered":"Session 2005"},"content":{"rendered":"<p>Rapports de jury des \u00e9preuves scientifiques et litt\u00e9raires pour la session 2005.<\/p>\n<p>&nbsp;<\/p>\n<p><a href=\"\/cms\/wp-content\/data\/filiere-pc\/rapports-des-jurys-de-la-banque-pc\/session-2005\/rapport-2005-pc_ecrit_langue_vivante_1_allemand.pdf\">Rapport de l&rsquo;\u00e9crit de langue vivante 1 &#8211; allemand<\/a><\/p>\n<p><a href=\"\/cms\/wp-content\/data\/filiere-pc\/rapports-des-jurys-de-la-banque-pc\/session-2005\/rapport-2005-pc_ecrit_langue_etrangere_2_allemand.pdf\">Rapport de l&rsquo;\u00e9crit de langue \u00e9trang\u00e8re 2 &#8211; allemand<\/a><\/p>\n<p><a href=\"\/cms\/wp-content\/data\/filiere-pc\/rapports-des-jurys-de-la-banque-pc\/session-2005\/rapport-2005-pc_oral_langue_vivante_1_allemand.pdf\">Rapport de l&rsquo;oral de langue vivante 1 &#8211; allemand<\/a><\/p>\n<p><a href=\"\/cms\/wp-content\/data\/filiere-pc\/rapports-des-jurys-de-la-banque-pc\/session-2005\/rapport-2005-pc_ecrit_langue_vivante_1_anglais.pdf\">Rapport de l&rsquo;\u00e9crit de langue vivante 1 &#8211; anglais<\/a><\/p>\n<p><a href=\"\/cms\/wp-content\/data\/filiere-pc\/rapports-des-jurys-de-la-banque-pc\/session-2005\/rapport-2005-pc_ecrit_langue_etrangere_2_anglais.pdf\">Rapport de l&rsquo;\u00e9crit de langue \u00e9trang\u00e8re 2 &#8211; anglais<\/a><\/p>\n<p><a href=\"\/cms\/wp-content\/data\/filiere-pc\/rapports-des-jurys-de-la-banque-pc\/session-2005\/rapport-2005-pc_oral_langue_vivante_1_anglais.pdf\">Rapport de l&rsquo;oral de langue vivante 1 &#8211; anglais<\/a><\/p>\n<p><a href=\"\/cms\/wp-content\/data\/filiere-pc\/rapports-des-jurys-de-la-banque-pc\/session-2005\/rapport-2005-pc_ecrit_langue_etrangere_2_arabe.pdf\">Rapport de l&rsquo;\u00e9crit de langue \u00e9trang\u00e8re 2 &#8211; arabe<\/a><\/p>\n<p><a href=\"\/cms\/wp-content\/data\/filiere-pc\/rapports-des-jurys-de-la-banque-pc\/session-2005\/rapport-2005-pc_ecrit_langue_etrangere_2_latin.pdf\">Rapport de l&rsquo;\u00e9crit de langue \u00e9trang\u00e8re 2 &#8211; latin<\/a><\/p>\n<p><a href=\"\/cms\/wp-content\/data\/filiere-pc\/rapports-des-jurys-de-la-banque-pc\/session-2005\/rapport-2005-pc_oral_chimie_cachan_lyon.pdf\">Rapport de l&rsquo;oral de chimie Cachan-Lyon<\/a><\/p>\n<p><a href=\"\/cms\/wp-content\/data\/filiere-pc\/rapports-des-jurys-de-la-banque-pc\/session-2005\/rapport-2005-pc_tp_chimie.pdf\">Rapport des travaux pratiques de chimie<\/a><\/p>\n<p><a href=\"\/cms\/wp-content\/data\/filiere-pc\/rapports-des-jurys-de-la-banque-pc\/session-2005\/rapport-2005-pc_ecrit_physique_2.pdf\">Rapport de l&rsquo;\u00e9crit de physique 2<\/a><\/p>\n<p><a href=\"\/cms\/wp-content\/data\/filiere-pc\/rapports-des-jurys-de-la-banque-pc\/session-2005\/rapport-2005-pc_oraux_physique_paris.pdf\">Rapport des oraux de physique 1 et 2 Paris<\/a><\/p>\n<p><a href=\"\/cms\/wp-content\/data\/filiere-pc\/rapports-des-jurys-de-la-banque-pc\/session-2005\/rapport-2005-pc_tp_physique.pdf\">Rapport des travaux pratiques de physique<\/a><\/p>\n","protected":false},"excerpt":{"rendered":"<p>Rapports de jury des \u00e9preuves scientifiques et litt\u00e9raires pour la session 2005. &nbsp; Rapport de l&rsquo;\u00e9crit de langue vivante 1 &#8211; allemand Rapport de l&rsquo;\u00e9crit de langue \u00e9trang\u00e8re 2 &#8211; allemand Rapport de l&rsquo;oral de langue vivante 1 &#8211; allemand <a href=\"https:\/\/banques-ecoles.fr\/cms\/filiere-pc\/rapports-des-jurys-de-la-banque-pc\/session-2005\/\">[Lire la suite]<\/a><\/p>\n","protected":false},"author":1,"featured_media":0,"parent":969,"menu_order":7,"comment_status":"closed","ping_status":"open","template":"","meta":{"footnotes":""},"class_list":["post-1007","page","type-page","status-publish","hentry"],"_links":{"self":[{"href":"https:\/\/banques-ecoles.fr\/cms\/wp-json\/wp\/v2\/pages\/1007","targetHints":{"allow":["GET"]}}],"collection":[{"href":"https:\/\/banques-ecoles.fr\/cms\/wp-json\/wp\/v2\/pages"}],"about":[{"href":"https:\/\/banques-ecoles.fr\/cms\/wp-json\/wp\/v2\/types\/page"}],"author":[{"embeddable":true,"href":"https:\/\/banques-ecoles.fr\/cms\/wp-json\/wp\/v2\/users\/1"}],"replies":[{"embeddable":true,"href":"https:\/\/banques-ecoles.fr\/cms\/wp-json\/wp\/v2\/comments?post=1007"}],"version-history":[{"count":3,"href":"https:\/\/banques-ecoles.fr\/cms\/wp-json\/wp\/v2\/pages\/1007\/revisions"}],"predecessor-version":[{"id":2020,"href":"https:\/\/banques-ecoles.fr\/cms\/wp-json\/wp\/v2\/pages\/1007\/revisions\/2020"}],"up":[{"embeddable":true,"href":"https:\/\/banques-ecoles.fr\/cms\/wp-json\/wp\/v2\/pages\/969"}],"wp:attachment":[{"href":"https:\/\/banques-ecoles.fr\/cms\/wp-json\/wp\/v2\/media?parent=1007"}],"curies":[{"name":"wp","href":"https:\/\/api.w.org\/{rel}","templated":true}]}}