{"id":1009,"date":"2013-02-26T14:41:11","date_gmt":"2013-02-26T13:41:11","guid":{"rendered":"http:\/\/banques-ecoles-dev.fr\/cms\/?page_id=1009"},"modified":"2013-04-20T17:30:50","modified_gmt":"2013-04-20T16:30:50","slug":"session-2003","status":"publish","type":"page","link":"https:\/\/banques-ecoles.fr\/cms\/filiere-pc\/rapports-des-jurys-de-la-banque-pc\/session-2003\/","title":{"rendered":"Session 2003"},"content":{"rendered":"<p>Rapports de jury des \u00e9preuves scientifiques et litt\u00e9raires pour la session 2003.<\/p>\n<p>&nbsp;<\/p>\n<p><a href=\"\/cms\/wp-content\/data\/filiere-pc\/rapports-des-jurys-de-la-banque-pc\/session-2003\/rapport-2003-pc_ecrit_francais.pdf\">Rapport de l&rsquo;\u00e9crit de fran\u00e7ais<\/a><\/p>\n<p><a href=\"\/cms\/wp-content\/data\/filiere-pc\/rapports-des-jurys-de-la-banque-pc\/session-2003\/rapport-2003-pc_ecrit_langue_vivante_1_allemand.pdf\">Rapport de l&rsquo;\u00e9crit de langue vivante 1 &#8211; allemand<\/a><\/p>\n<p><a href=\"\/cms\/wp-content\/data\/filiere-pc\/rapports-des-jurys-de-la-banque-pc\/session-2003\/rapport-2003-pc_ecrit_langue_etrangere_2_allemand.pdf\">Rapport de l&rsquo;\u00e9crit de langue \u00e9trang\u00e8re 2 &#8211; allemand<\/a><\/p>\n<p><a href=\"\/cms\/wp-content\/data\/filiere-pc\/rapports-des-jurys-de-la-banque-pc\/session-2003\/rapport-2003-pc_oral_langue_vivante_1_allemand.pdf\">Rapport de l&rsquo;oral de langue vivante 1 &#8211; allemand<\/a><\/p>\n<p><a href=\"\/cms\/wp-content\/data\/filiere-pc\/rapports-des-jurys-de-la-banque-pc\/session-2003\/rapport-2003-pc_ecrit_langue_vivante_1_anglais.pdf\">Rapport de l&rsquo;\u00e9crit de langue vivante 1 &#8211; anglais<\/a><\/p>\n<p><a href=\"\/cms\/wp-content\/data\/filiere-pc\/rapports-des-jurys-de-la-banque-pc\/session-2003\/rapport-2003-pc_ecrit_langue_etrangere_2_anglais.pdf\">Rapport de l&rsquo;\u00e9crit de langue \u00e9trang\u00e8re 2 &#8211; anglais<\/a><\/p>\n<p><a href=\"\/cms\/wp-content\/data\/filiere-pc\/rapports-des-jurys-de-la-banque-pc\/session-2003\/rapport-2003-pc_oral_langue_vivante_1_anglais.pdf\">Rapport de l&rsquo;oral de langue vivante 1 &#8211; anglais<\/a><\/p>\n<p><a href=\"\/cms\/wp-content\/data\/filiere-pc\/rapports-des-jurys-de-la-banque-pc\/session-2003\/rapport-2003-pc_ecrit_langue_vivante_1_espagnol.pdf\">Rapport de l&rsquo;\u00e9crit de langue vivante 1 &#8211; espagnol<\/a><\/p>\n<p><a href=\"\/cms\/wp-content\/data\/filiere-pc\/rapports-des-jurys-de-la-banque-pc\/session-2003\/rapport-2003-pc_ecrit_langue_etrangere_2_espagnol.pdf\">Rapport de l&rsquo;\u00e9crit de langue \u00e9trang\u00e8re 2 &#8211; espagnol<\/a><\/p>\n<p><a href=\"\/cms\/wp-content\/data\/filiere-pc\/rapports-des-jurys-de-la-banque-pc\/session-2003\/rapport-2003-pc_oral_langue_vivante_1_espagnol.pdf\">Rapport de l&rsquo;oral de langue vivante 1 &#8211; espagnol<\/a><\/p>\n<p><a href=\"\/cms\/wp-content\/data\/filiere-pc\/rapports-des-jurys-de-la-banque-pc\/session-2003\/rapport-2003-pc_ecrit_langue_etrangere_2_arabe.pdf\">Rapport de l&rsquo;\u00e9crit de langue \u00e9trang\u00e8re 2 &#8211; arabe<\/a><\/p>\n<p><a href=\"\/cms\/wp-content\/data\/filiere-pc\/rapports-des-jurys-de-la-banque-pc\/session-2003\/rapport-2003-pc_ecrit_langue_etrangere_2_chinois.pdf\">Rapport de l&rsquo;\u00e9crit de langue \u00e9trang\u00e8re 2 &#8211; chinois<\/a><\/p>\n<p><a href=\"\/cms\/wp-content\/data\/filiere-pc\/rapports-des-jurys-de-la-banque-pc\/session-2003\/rapport-2003-pc_ecrit_langue_etrangere_2_latin.pdf\">Rapport de l&rsquo;\u00e9crit de langue \u00e9trang\u00e8re 2 &#8211; latin<\/a><\/p>\n<p><a href=\"\/cms\/wp-content\/data\/filiere-pc\/rapports-des-jurys-de-la-banque-pc\/session-2003\/rapport-2003-pc_ecrit_chimie_cachan.pdf\">Rapport de l&rsquo;\u00e9crit de chimie Cachan<\/a><\/p>\n<p><a href=\"\/cms\/wp-content\/data\/filiere-pc\/rapports-des-jurys-de-la-banque-pc\/session-2003\/rapport-2003-pc_ecrit_chimie_lyon_paris.pdf\">Rapport de l&rsquo;\u00e9crit de chimie Lyon-Paris<\/a><\/p>\n<p><a href=\"\/cms\/wp-content\/data\/filiere-pc\/rapports-des-jurys-de-la-banque-pc\/session-2003\/rapport-2003-pc_oral_chimie_cachan.pdf\">Rapport de l&rsquo;oral de chimie Cachan<\/a><\/p>\n<p><a href=\"\/cms\/wp-content\/data\/filiere-pc\/rapports-des-jurys-de-la-banque-pc\/session-2003\/rapport-2003-pc_oral_chimie_lyon_paris.pdf\">Rapport de l&rsquo;oral de chimie Lyon-Paris<\/a><\/p>\n<p><a href=\"\/cms\/wp-content\/data\/filiere-pc\/rapports-des-jurys-de-la-banque-pc\/session-2003\/rapport-2003-pc_oral_chimie_paris.pdf\">Rapport de l&rsquo;oral de chimie Paris<\/a><\/p>\n<p><a href=\"\/cms\/wp-content\/data\/filiere-pc\/rapports-des-jurys-de-la-banque-pc\/session-2003\/rapport-2003-pc_tp_chimie.pdf\">Rapport des travaux pratiques de chimie<\/a><\/p>\n<p><a href=\"\/cms\/wp-content\/data\/filiere-pc\/rapports-des-jurys-de-la-banque-pc\/session-2003\/rapport-2003-pc_ecrit_mathematiques.pdf\">Rapport de l&rsquo;\u00e9crit de math\u00e9matiques<\/a><\/p>\n<p><a href=\"\/cms\/wp-content\/data\/filiere-pc\/rapports-des-jurys-de-la-banque-pc\/session-2003\/rapport-2003-pc_oral_mathematiques.pdf\">Rapport de l&rsquo;oral de math\u00e9matiques<\/a><\/p>\n<p><a href=\"\/cms\/wp-content\/data\/filiere-pc\/rapports-des-jurys-de-la-banque-pc\/session-2003\/rapport-2003-pc_ecrit_physique_cachan_lyon.pdf\">Rapport de l&rsquo;\u00e9crit de physique Cachan-Lyon<\/a><\/p>\n<p><a href=\"\/cms\/wp-content\/data\/filiere-pc\/rapports-des-jurys-de-la-banque-pc\/session-2003\/rapport-2003-pc_ecrit_physique_paris.pdf\">Rapport de l&rsquo;\u00e9crit de physique Paris<\/a><\/p>\n<p><a href=\"\/cms\/wp-content\/data\/filiere-pc\/rapports-des-jurys-de-la-banque-pc\/session-2003\/rapport-2003-pc_oral_physique_cachan.pdf\">Rapport de l&rsquo;oral de physique Cachan<\/a><\/p>\n<p><a href=\"\/cms\/wp-content\/data\/filiere-pc\/rapports-des-jurys-de-la-banque-pc\/session-2003\/rapport-2003-pc_oral_physique_lyon.pdf\">Rapport de l&rsquo;oral de physique Lyon<\/a><\/p>\n<p><a href=\"\/cms\/wp-content\/data\/filiere-pc\/rapports-des-jurys-de-la-banque-pc\/session-2003\/rapport-2003-pc_oraux_physique_Paris.pdf\">Rapport des oraux de physique 1 et 2 Paris<\/a><\/p>\n<p><a href=\"\/cms\/wp-content\/data\/filiere-pc\/rapports-des-jurys-de-la-banque-pc\/session-2003\/rapport-2003-pc_tp_physique.pdf\">Rapport des travaux pratiques de physique<\/a><\/p>\n<p><a href=\"\/cms\/wp-content\/data\/filiere-pc\/rapports-des-jurys-de-la-banque-pc\/session-2003\/rapport-2003-pc_tipe_physique_chimie.pdf\">Rapport des travaux d&rsquo;initiative personnelle encadr\u00e9s de physique et chimie<\/a><\/p>\n","protected":false},"excerpt":{"rendered":"<p>Rapports de jury des \u00e9preuves scientifiques et litt\u00e9raires pour la session 2003. &nbsp; Rapport de l&rsquo;\u00e9crit de fran\u00e7ais Rapport de l&rsquo;\u00e9crit de langue vivante 1 &#8211; allemand Rapport de l&rsquo;\u00e9crit de langue \u00e9trang\u00e8re 2 &#8211; allemand Rapport de l&rsquo;oral de <a href=\"https:\/\/banques-ecoles.fr\/cms\/filiere-pc\/rapports-des-jurys-de-la-banque-pc\/session-2003\/\">[Lire la suite]<\/a><\/p>\n","protected":false},"author":1,"featured_media":0,"parent":969,"menu_order":9,"comment_status":"closed","ping_status":"open","template":"","meta":{"footnotes":""},"class_list":["post-1009","page","type-page","status-publish","hentry"],"_links":{"self":[{"href":"https:\/\/banques-ecoles.fr\/cms\/wp-json\/wp\/v2\/pages\/1009","targetHints":{"allow":["GET"]}}],"collection":[{"href":"https:\/\/banques-ecoles.fr\/cms\/wp-json\/wp\/v2\/pages"}],"about":[{"href":"https:\/\/banques-ecoles.fr\/cms\/wp-json\/wp\/v2\/types\/page"}],"author":[{"embeddable":true,"href":"https:\/\/banques-ecoles.fr\/cms\/wp-json\/wp\/v2\/users\/1"}],"replies":[{"embeddable":true,"href":"https:\/\/banques-ecoles.fr\/cms\/wp-json\/wp\/v2\/comments?post=1009"}],"version-history":[{"count":3,"href":"https:\/\/banques-ecoles.fr\/cms\/wp-json\/wp\/v2\/pages\/1009\/revisions"}],"predecessor-version":[{"id":2022,"href":"https:\/\/banques-ecoles.fr\/cms\/wp-json\/wp\/v2\/pages\/1009\/revisions\/2022"}],"up":[{"embeddable":true,"href":"https:\/\/banques-ecoles.fr\/cms\/wp-json\/wp\/v2\/pages\/969"}],"wp:attachment":[{"href":"https:\/\/banques-ecoles.fr\/cms\/wp-json\/wp\/v2\/media?parent=1009"}],"curies":[{"name":"wp","href":"https:\/\/api.w.org\/{rel}","templated":true}]}}