{"id":10145,"date":"2022-05-28T19:40:27","date_gmt":"2022-05-28T17:40:27","guid":{"rendered":"https:\/\/banques-ecoles.fr\/cms\/?page_id=10145"},"modified":"2023-08-31T11:30:48","modified_gmt":"2023-08-31T09:30:48","slug":"session-2022-2","status":"publish","type":"page","link":"https:\/\/banques-ecoles.fr\/cms\/filiere-mp\/annales-de-la-banque-i\/session-2022-2\/","title":{"rendered":"Session 2022"},"content":{"rendered":"\n<p><strong>Sujets des \u00e9preuves \u00e9crites de la banque MP\/Info 2022 :<\/strong><\/p>\n<p><a href=\"https:\/\/banques-ecoles.fr\/cms\/wp-content\/uploads\/2022\/09\/22_mp_sujet_MathC.pdf\" target=\"_blank\" rel=\"noopener\">\u00c9preuve \u00e9crite de Math C \u2013 4h \u2013 MP ULSR<\/a><\/p>\n<p><a href=\"https:\/\/banques-ecoles.fr\/cms\/wp-content\/uploads\/2022\/08\/22_mp_sujet_InfoA.pdf\" target=\"_blank\" rel=\"noopener\">\u00c9preuve \u00e9crite de Info A \u2013 4h \u2013 MP XULSR<\/a><\/p>\n<p><a href=\"https:\/\/banques-ecoles.fr\/cms\/wp-content\/uploads\/2022\/08\/22_mppc_sujet_InfoB.pdf\" target=\"_blank\" rel=\"noopener\">\u00c9preuve \u00e9crite de Info B \u2013 2h \u2013 MP-PC XELSR<\/a><\/p>\n<p><a href=\"https:\/\/banques-ecoles.fr\/cms\/wp-content\/uploads\/2022\/09\/22_mp_sujet_InfoMath.pdf\" target=\"_blank\" rel=\"noopener\">\u00c9preuve \u00e9crite de Info-Math \u2013 4h \u2013 MP ULSR<\/a><\/p>\n<p><a href=\"https:\/\/banques-ecoles.fr\/cms\/wp-content\/uploads\/2022\/08\/22_mppc_sujet_Fr.pdf\" target=\"_blank\" rel=\"noopener\">\u00c9preuve \u00e9crite de fran\u00e7ais \u2013 4h \u2013 MP-PC XEULSR<\/a><\/p>\n<p>NOUVEAU ! : <a href=\"https:\/\/banques-ecoles.fr\/cms\/wp-content\/uploads\/2022\/10\/2022_InfoC-0.pdf\" target=\"_blank\" rel=\"noopener\">Exemple de sujet de l&rsquo;\u00e9preuve C<\/a>, qui sera au concours Info fili\u00e8re MPI \u00e0 partir du concours 2023<\/p>\n<p><a href=\"https:\/\/banques-ecoles.fr\/cms\/wp-content\/uploads\/2022\/10\/2022_InfoC-0-corrige.pdf\" target=\"_blank\" rel=\"noopener\">Corrig\u00e9 de cette exemple de sujet d&rsquo;\u00e9preuve C<\/a><\/p>\n<p><em>\u00c9preuve \u00e9crite de LV \u2013 4h \u2013 MP-PC XEULSR :<\/em><\/p>\n<ul>\n<li><a href=\"https:\/\/banques-ecoles.fr\/cms\/wp-content\/uploads\/2022\/08\/22_mppc_sujet_All.pdf\" target=\"_blank\" rel=\"noopener\">allemand<\/a><\/li>\n<li><a href=\"https:\/\/banques-ecoles.fr\/cms\/wp-content\/uploads\/2022\/08\/22_mppc_sujet_Ang.pdf\" target=\"_blank\" rel=\"noopener\">anglais<\/a><\/li>\n<li><a href=\"https:\/\/banques-ecoles.fr\/cms\/wp-content\/uploads\/2022\/08\/22_mppc_sujet_Ar.pdf\" target=\"_blank\" rel=\"noopener\">arabe<\/a><\/li>\n<li><a href=\"https:\/\/banques-ecoles.fr\/cms\/wp-content\/uploads\/2022\/08\/22_mppc_sujet_Esp.pdf\" target=\"_blank\" rel=\"noopener\">espagnol<\/a><\/li>\n<\/ul>\n","protected":false},"excerpt":{"rendered":"<p>Sujets des \u00e9preuves \u00e9crites de la banque MP\/Info 2022 : \u00c9preuve \u00e9crite de Math C \u2013 4h \u2013 MP ULSR \u00c9preuve \u00e9crite de Info A \u2013 4h \u2013 MP XULSR \u00c9preuve \u00e9crite de Info B \u2013 2h \u2013 MP-PC XELSR <a href=\"https:\/\/banques-ecoles.fr\/cms\/filiere-mp\/annales-de-la-banque-i\/session-2022-2\/\">[Lire la suite]<\/a><\/p>\n","protected":false},"author":5,"featured_media":0,"parent":727,"menu_order":0,"comment_status":"closed","ping_status":"closed","template":"","meta":{"footnotes":""},"class_list":["post-10145","page","type-page","status-publish","hentry"],"_links":{"self":[{"href":"https:\/\/banques-ecoles.fr\/cms\/wp-json\/wp\/v2\/pages\/10145","targetHints":{"allow":["GET"]}}],"collection":[{"href":"https:\/\/banques-ecoles.fr\/cms\/wp-json\/wp\/v2\/pages"}],"about":[{"href":"https:\/\/banques-ecoles.fr\/cms\/wp-json\/wp\/v2\/types\/page"}],"author":[{"embeddable":true,"href":"https:\/\/banques-ecoles.fr\/cms\/wp-json\/wp\/v2\/users\/5"}],"replies":[{"embeddable":true,"href":"https:\/\/banques-ecoles.fr\/cms\/wp-json\/wp\/v2\/comments?post=10145"}],"version-history":[{"count":11,"href":"https:\/\/banques-ecoles.fr\/cms\/wp-json\/wp\/v2\/pages\/10145\/revisions"}],"predecessor-version":[{"id":10645,"href":"https:\/\/banques-ecoles.fr\/cms\/wp-json\/wp\/v2\/pages\/10145\/revisions\/10645"}],"up":[{"embeddable":true,"href":"https:\/\/banques-ecoles.fr\/cms\/wp-json\/wp\/v2\/pages\/727"}],"wp:attachment":[{"href":"https:\/\/banques-ecoles.fr\/cms\/wp-json\/wp\/v2\/media?parent=10145"}],"curies":[{"name":"wp","href":"https:\/\/api.w.org\/{rel}","templated":true}]}}