{"id":10154,"date":"2022-05-28T19:50:06","date_gmt":"2022-05-28T17:50:06","guid":{"rendered":"https:\/\/banques-ecoles.fr\/cms\/?page_id=10154"},"modified":"2023-08-31T11:35:34","modified_gmt":"2023-08-31T09:35:34","slug":"session-2022-4","status":"publish","type":"page","link":"https:\/\/banques-ecoles.fr\/cms\/filiere-pc\/annales-de-la-banque-pc\/session-2022-4\/","title":{"rendered":"Session 2022"},"content":{"rendered":"\n<p><strong>Sujets des \u00e9preuves \u00e9crites de la banque PC, session 2022 :<\/strong><\/p>\n<p>.<\/p>\n<p><a href=\"https:\/\/banques-ecoles.fr\/cms\/wp-content\/uploads\/2022\/08\/22_pc_sujet_Math.pdf\" target=\"_blank\" rel=\"noopener\">\u00c9crit Math \u2013 4h \u2013 PC XEULS<\/a><\/p>\n<p><a href=\"https:\/\/banques-ecoles.fr\/cms\/wp-content\/uploads\/2022\/08\/22_pc_sujet_ChimieA.pdf\" target=\"_blank\" rel=\"noopener\">\u00c9crit Chi A \u2013 4h \u2013 PC XEULS<\/a><\/p>\n<p><a href=\"https:\/\/banques-ecoles.fr\/cms\/wp-content\/uploads\/2022\/09\/22_pc_sujet_ChiB.pdf\" target=\"_blank\" rel=\"noopener\">\u00c9crit Chi B \u2013 6h \u2013 PC U<\/a><\/p>\n<p><a href=\"https:\/\/banques-ecoles.fr\/cms\/wp-content\/uploads\/2022\/08\/22_pc_sujet_PhysA.pdf\" target=\"_blank\" rel=\"noopener\">\u00c9crit Phy A \u2013 4h \u2013 PC XE<\/a><\/p>\n<p><a href=\"https:\/\/banques-ecoles.fr\/cms\/wp-content\/uploads\/2022\/08\/22_pc_sujet_PhysB.pdf\" target=\"_blank\" rel=\"noopener\">\u00c9crit Phy B \u2013 4h \u2013 PC XEULS<\/a><\/p>\n<p><a href=\"https:\/\/banques-ecoles.fr\/cms\/wp-content\/uploads\/2022\/09\/22_pc_sujet_PhyC.pdf\" target=\"_blank\" rel=\"noopener\">\u00c9crit Phy C \u2013 6h \u2013 PC U<\/a><\/p>\n<p><a href=\"https:\/\/banques-ecoles.fr\/cms\/wp-content\/uploads\/2022\/05\/22_pc_sujet_phychi.pdf\" target=\"_blank\" rel=\"noopener\">\u00c9crit PhyChi \u2013 5h \u2013 PC L<\/a><\/p>\n<p><a href=\"https:\/\/banques-ecoles.fr\/cms\/wp-content\/uploads\/2022\/08\/22_mppc_sujet_InfoB.pdf\" target=\"_blank\" rel=\"noopener\">\u00c9crit Info B \u2013 2h \u2013 MP-PC XELSR<\/a><\/p>\n<p><a href=\"https:\/\/banques-ecoles.fr\/cms\/wp-content\/uploads\/2022\/08\/22_mppc_sujet_Fr.pdf\" target=\"_blank\" rel=\"noopener\">\u00c9crit de fran\u00e7ais \u2013 4h \u2013 MP-PC XEULSR<\/a><\/p>\n<p>\u00a0<\/p>\n<p><em>\u00c9crit de langue vivante \u2013 4h \u2013 MP-PC XEULSR :<\/em><\/p>\n<ul>\n<li><a href=\"https:\/\/banques-ecoles.fr\/cms\/wp-content\/uploads\/2022\/08\/22_mppc_sujet_All.pdf\" target=\"_blank\" rel=\"noopener\">allemand<\/a><\/li>\n<li><a href=\"https:\/\/banques-ecoles.fr\/cms\/wp-content\/uploads\/2022\/08\/22_mppc_sujet_Ang.pdf\" target=\"_blank\" rel=\"noopener\">anglais<\/a><\/li>\n<li><a href=\"https:\/\/banques-ecoles.fr\/cms\/wp-content\/uploads\/2022\/08\/22_mppc_sujet_Ar.pdf\" target=\"_blank\" rel=\"noopener\">arabe<\/a><\/li>\n<li><a href=\"https:\/\/banques-ecoles.fr\/cms\/wp-content\/uploads\/2022\/08\/22_mppc_sujet_Esp.pdf\" target=\"_blank\" rel=\"noopener\">espagnol<\/a><\/li>\n<\/ul>\n<p>\u00a0<\/p>\n","protected":false},"excerpt":{"rendered":"<p>Sujets des \u00e9preuves \u00e9crites de la banque PC, session 2022 : . \u00c9crit Math \u2013 4h \u2013 PC XEULS \u00c9crit Chi A \u2013 4h \u2013 PC XEULS \u00c9crit Chi B \u2013 6h \u2013 PC U \u00c9crit Phy A \u2013 4h <a href=\"https:\/\/banques-ecoles.fr\/cms\/filiere-pc\/annales-de-la-banque-pc\/session-2022-4\/\">[Lire la suite]<\/a><\/p>\n","protected":false},"author":5,"featured_media":0,"parent":968,"menu_order":0,"comment_status":"closed","ping_status":"closed","template":"","meta":{"footnotes":""},"class_list":["post-10154","page","type-page","status-publish","hentry"],"_links":{"self":[{"href":"https:\/\/banques-ecoles.fr\/cms\/wp-json\/wp\/v2\/pages\/10154","targetHints":{"allow":["GET"]}}],"collection":[{"href":"https:\/\/banques-ecoles.fr\/cms\/wp-json\/wp\/v2\/pages"}],"about":[{"href":"https:\/\/banques-ecoles.fr\/cms\/wp-json\/wp\/v2\/types\/page"}],"author":[{"embeddable":true,"href":"https:\/\/banques-ecoles.fr\/cms\/wp-json\/wp\/v2\/users\/5"}],"replies":[{"embeddable":true,"href":"https:\/\/banques-ecoles.fr\/cms\/wp-json\/wp\/v2\/comments?post=10154"}],"version-history":[{"count":12,"href":"https:\/\/banques-ecoles.fr\/cms\/wp-json\/wp\/v2\/pages\/10154\/revisions"}],"predecessor-version":[{"id":10583,"href":"https:\/\/banques-ecoles.fr\/cms\/wp-json\/wp\/v2\/pages\/10154\/revisions\/10583"}],"up":[{"embeddable":true,"href":"https:\/\/banques-ecoles.fr\/cms\/wp-json\/wp\/v2\/pages\/968"}],"wp:attachment":[{"href":"https:\/\/banques-ecoles.fr\/cms\/wp-json\/wp\/v2\/media?parent=10154"}],"curies":[{"name":"wp","href":"https:\/\/api.w.org\/{rel}","templated":true}]}}