{"id":10235,"date":"2022-06-09T13:46:33","date_gmt":"2022-06-09T11:46:33","guid":{"rendered":"https:\/\/banques-ecoles.fr\/cms\/?page_id=10235"},"modified":"2025-06-20T21:21:44","modified_gmt":"2025-06-20T19:21:44","slug":"inscription-en-ligne-pour-les-oraux-bcpst-a-ulm","status":"publish","type":"page","link":"https:\/\/banques-ecoles.fr\/cms\/filiere-bcpst\/inscription-en-ligne-pour-les-oraux-bcpst-a-ulm\/","title":{"rendered":"Inscription en ligne pour les auditeurs aux oraux BCPST"},"content":{"rendered":"\n<p><span style=\"color: #ff0000;\"><strong>Le site d&rsquo;inscription est ouvert pour le concours 2025.<\/strong> <\/span><\/p>\n<p><span style=\"color: #000000;\">Attention, en fonction des variations de planning, certains cr\u00e9neaux peuvent disparaitre. Si vous \u00eates inscrits pour ce cr\u00e9neau, vous serez pr\u00e9venu par mail de sa fermeture.<\/span><\/p>\n<p><span style=\"color: #000000;\">Par courtoisie, les auditions des oraux sont soumises \u00e0 l&rsquo;acceptation des candidats.<\/span><\/p>\n<p>Les inscriptions pour assister aux oraux de la banque BCPST se font en ligne, sur les liens suivants (un lien par \u00e9preuve) :<\/p>\n<p><b>Oraux se\u00a0<\/b><span style=\"font-weight: 600;\">d\u00e9roulant<\/span><b>\u00a0\u00e0 l&rsquo;ENS Ulm :<\/b><\/p>\n<p><a href=\"https:\/\/www.billetweb.fr\/bio-u\" target=\"_blank\" rel=\"noopener\">Bio U<\/a><\/p>\n<p><a href=\"https:\/\/www.billetweb.fr\/sciences-de-la-terre-u\" target=\"_blank\" rel=\"noopener\">Sciences de la Terre U<\/a><\/p>\n<p><a href=\"https:\/\/www.billetweb.fr\/chimie-uls\" target=\"_blank\" rel=\"noopener\">Chimie<\/a><\/p>\n<p><a href=\"https:\/\/www.billetweb.fr\/tipe\" target=\"_blank\" rel=\"noopener\">TIPE<\/a><\/p>\n<p><a href=\"https:\/\/www.billetweb.fr\/bio-l\" target=\"_blank\" rel=\"noopener\">Bio L<\/a><\/p>\n<p><a href=\"https:\/\/www.billetweb.fr\/physique\" target=\"_blank\" rel=\"noopener\">Physique<\/a><\/p>\n<p><strong>Oraux <b>se\u00a0<\/b><span style=\"font-weight: 600;\">d\u00e9roulant<\/span><b>\u00a0<\/b>\u00e0 l&rsquo;ENS de Lyon :<\/strong><\/p>\n<p><a href=\"https:\/\/www.billetweb.fr\/sciences-de-la-terre-lyon\" target=\"_blank\" rel=\"noopener\">Sciences de la Terre LE<\/a><\/p>\n<p>Pas de visiteurs pour le TP<\/p>\n<p><strong>Oraux se\u00a0d\u00e9roulant\u00a0\u00e0 l&rsquo;ENS Paris-Saclay<\/strong><\/p>\n<p><a href=\"https:\/\/www.billetweb.fr\/bio-s1\" target=\"_blank\" rel=\"noopener\">Bio S<\/a><\/p>\n<p><a href=\"https:\/\/www.billetweb.fr\/langue-vivantes-anglais\" target=\"_blank\" rel=\"noopener\">Anglais<\/a><\/p>\n<p><strong>Oraux se\u00a0d\u00e9roulant\u00a0\u00e0 l&rsquo;ENPC<\/strong><\/p>\n<p>Pas de visiteurs autoris\u00e9s<\/p>\n<p><strong>3 auditeurs maximum sont autoris\u00e9s par oral\u00a0<\/strong><b>(sauf en TP pour les \u00e9preuves sp\u00e9cifiques Ulm, o\u00f9 la limite est \u00e0 5)<\/b><strong>, la prise de notes est interdite, les t\u00e9l\u00e9phones doivent \u00eatre \u00e9teints et laiss\u00e9s dans le sac.<\/strong><\/p>\n<p>Une inscription sur place est aussi possible, dans la limite des places restantes.<\/p>\n<p><span style=\"color: #ff0000;\">Attention<\/span>, en raisons des modifications r\u00e9guli\u00e8res de planning, <span style=\"color: #ff0000;\">les places ne seront propos\u00e9es que semaine par semaine.<\/span> Les inscriptions pour les semaines suivantes seront ouvertes \u00e0 la fin de la semaine pr\u00e9c\u00e9dente.<\/p>\n","protected":false},"excerpt":{"rendered":"<p>Le site d&rsquo;inscription est ouvert pour le concours 2025. Attention, en fonction des variations de planning, certains cr\u00e9neaux peuvent disparaitre. Si vous \u00eates inscrits pour ce cr\u00e9neau, vous serez pr\u00e9venu par mail de sa fermeture. Par courtoisie, les auditions des <a href=\"https:\/\/banques-ecoles.fr\/cms\/filiere-bcpst\/inscription-en-ligne-pour-les-oraux-bcpst-a-ulm\/\">[Lire la suite]<\/a><\/p>\n","protected":false},"author":16,"featured_media":0,"parent":27,"menu_order":0,"comment_status":"closed","ping_status":"closed","template":"","meta":{"footnotes":""},"class_list":["post-10235","page","type-page","status-publish","hentry"],"_links":{"self":[{"href":"https:\/\/banques-ecoles.fr\/cms\/wp-json\/wp\/v2\/pages\/10235","targetHints":{"allow":["GET"]}}],"collection":[{"href":"https:\/\/banques-ecoles.fr\/cms\/wp-json\/wp\/v2\/pages"}],"about":[{"href":"https:\/\/banques-ecoles.fr\/cms\/wp-json\/wp\/v2\/types\/page"}],"author":[{"embeddable":true,"href":"https:\/\/banques-ecoles.fr\/cms\/wp-json\/wp\/v2\/users\/16"}],"replies":[{"embeddable":true,"href":"https:\/\/banques-ecoles.fr\/cms\/wp-json\/wp\/v2\/comments?post=10235"}],"version-history":[{"count":22,"href":"https:\/\/banques-ecoles.fr\/cms\/wp-json\/wp\/v2\/pages\/10235\/revisions"}],"predecessor-version":[{"id":12806,"href":"https:\/\/banques-ecoles.fr\/cms\/wp-json\/wp\/v2\/pages\/10235\/revisions\/12806"}],"up":[{"embeddable":true,"href":"https:\/\/banques-ecoles.fr\/cms\/wp-json\/wp\/v2\/pages\/27"}],"wp:attachment":[{"href":"https:\/\/banques-ecoles.fr\/cms\/wp-json\/wp\/v2\/media?parent=10235"}],"curies":[{"name":"wp","href":"https:\/\/api.w.org\/{rel}","templated":true}]}}