{"id":10302,"date":"2022-06-20T23:25:06","date_gmt":"2022-06-20T21:25:06","guid":{"rendered":"https:\/\/banques-ecoles.fr\/cms\/?page_id=10302"},"modified":"2023-06-23T09:13:29","modified_gmt":"2023-06-23T07:13:29","slug":"10302-2","status":"publish","type":"page","link":"https:\/\/banques-ecoles.fr\/cms\/10302-2\/","title":{"rendered":"Inscription en ligne pour les auditeurs aux oraux MP-MPI"},"content":{"rendered":"\n<p>\u00a0<\/p>\n<p>Les inscriptions pour assister aux oraux des banques MP-MPI se font en ligne, sur les liens suivants (un lien par \u00e9preuve) :<\/p>\n<p><b>Oraux se\u00a0<\/b>d\u00e9roulant<b>\u00a0\u00e0 l\u2019ENS Ulm :<\/b><\/p>\n<p><a href=\"https:\/\/www.billetweb.fr\/maths-ulm-lyon-paris-saclay-rennes\" target=\"_blank\" rel=\"noopener\">Maths ULSR<\/a><\/p>\n<p><a href=\"https:\/\/www.billetweb.fr\/info-ulsr-mp1\" target=\"_blank\" rel=\"noopener\">Info ULSR MP<\/a><\/p>\n<p><a href=\"https:\/\/www.billetweb.fr\/info-ulsr-mpi\" target=\"_blank\" rel=\"noopener\">Info ULSR MPI<\/a><\/p>\n<p><a href=\"https:\/\/www.billetweb.fr\/physique-lyon-paris-saclay-rennes\" target=\"_blank\" rel=\"noopener\">Physique LSR<\/a><\/p>\n<p><a href=\"https:\/\/www.billetweb.fr\/maths-ulm\" target=\"_blank\" rel=\"noopener\">Math U<\/a><\/p>\n<p><a href=\"https:\/\/www.billetweb.fr\/physique-ulm\" target=\"_blank\" rel=\"noopener\">Physique U<\/a><\/p>\n<p><a href=\"https:\/\/www.billetweb.fr\/maths-lyon\" target=\"_blank\" rel=\"noopener\">Maths L<\/a><\/p>\n<p><a href=\"https:\/\/www.billetweb.fr\/tipe-info\" target=\"_blank\" rel=\"noopener\">TIPE Info<\/a><\/p>\n<p><a href=\"https:\/\/www.billetweb.fr\/tipe-physique\" target=\"_blank\" rel=\"noopener\">TIPE Physique<\/a><\/p>\n<p><a href=\"https:\/\/www.billetweb.fr\/tipe-maths\" target=\"_blank\" rel=\"noopener\">TIPE Maths<\/a><\/p>\n<p><b>Oraux se\u00a0<\/b>d\u00e9roulant<b>\u00a0\u00e0 l\u2019ENS de Lyon :<\/b><\/p>\n<p><a href=\"https:\/\/www.billetweb.fr\/tp-algorithmique\" target=\"_blank\" rel=\"noopener\">TP algorithmique<\/a><\/p>\n<p><strong>3 auditeurs maximum sont autoris\u00e9s par oral, la prise de notes est interdite, les t\u00e9l\u00e9phones doivent \u00eatre \u00e9teints et laiss\u00e9s dans le sac.<\/strong><\/p>\n<p>Une inscription sur place est aussi possible, dans la limite des places restantes.<\/p>\n<p>Attention, en fonction des variations de planning, certains cr\u00e9neaux peuvent disparaitre. Si vous \u00eates inscrits pour ce cr\u00e9neau, vous serez pr\u00e9venu par mail de sa fermeture.<\/p>\n<p>Par courtoisie, les auditions des oraux sont soumises \u00e0 l\u2019acceptation des candidats.<\/p>\n","protected":false},"excerpt":{"rendered":"<p>\u00a0 Les inscriptions pour assister aux oraux des banques MP-MPI se font en ligne, sur les liens suivants (un lien par \u00e9preuve) : Oraux se\u00a0d\u00e9roulant\u00a0\u00e0 l\u2019ENS Ulm : Maths ULSR Info ULSR MP Info ULSR MPI Physique LSR Math U <a href=\"https:\/\/banques-ecoles.fr\/cms\/10302-2\/\">[Lire la suite]<\/a><\/p>\n","protected":false},"author":16,"featured_media":0,"parent":0,"menu_order":0,"comment_status":"closed","ping_status":"closed","template":"","meta":{"footnotes":""},"class_list":["post-10302","page","type-page","status-publish","hentry"],"_links":{"self":[{"href":"https:\/\/banques-ecoles.fr\/cms\/wp-json\/wp\/v2\/pages\/10302","targetHints":{"allow":["GET"]}}],"collection":[{"href":"https:\/\/banques-ecoles.fr\/cms\/wp-json\/wp\/v2\/pages"}],"about":[{"href":"https:\/\/banques-ecoles.fr\/cms\/wp-json\/wp\/v2\/types\/page"}],"author":[{"embeddable":true,"href":"https:\/\/banques-ecoles.fr\/cms\/wp-json\/wp\/v2\/users\/16"}],"replies":[{"embeddable":true,"href":"https:\/\/banques-ecoles.fr\/cms\/wp-json\/wp\/v2\/comments?post=10302"}],"version-history":[{"count":8,"href":"https:\/\/banques-ecoles.fr\/cms\/wp-json\/wp\/v2\/pages\/10302\/revisions"}],"predecessor-version":[{"id":11162,"href":"https:\/\/banques-ecoles.fr\/cms\/wp-json\/wp\/v2\/pages\/10302\/revisions\/11162"}],"wp:attachment":[{"href":"https:\/\/banques-ecoles.fr\/cms\/wp-json\/wp\/v2\/media?parent=10302"}],"curies":[{"name":"wp","href":"https:\/\/api.w.org\/{rel}","templated":true}]}}