{"id":10316,"date":"2022-06-22T22:16:33","date_gmt":"2022-06-22T20:16:33","guid":{"rendered":"https:\/\/banques-ecoles.fr\/cms\/?page_id=10316"},"modified":"2022-06-22T22:19:13","modified_gmt":"2022-06-22T20:19:13","slug":"inscription-en-ligne-pour-les-auditeurs-aux-oraux-pc","status":"publish","type":"page","link":"https:\/\/banques-ecoles.fr\/cms\/inscription-en-ligne-pour-les-auditeurs-aux-oraux-pc\/","title":{"rendered":"Inscription en ligne pour les auditeurs aux oraux PC"},"content":{"rendered":"\n<p>Les inscriptions pour assister aux oraux de la banque PC ayant lieu \u00e0 l&rsquo;ENS Ulm se font en ligne, sur les liens suivants (un lien par \u00e9preuve) :<\/p>\n<p><a href=\"https:\/\/www.billetweb.fr\/physique-ulm-pc\" target=\"_blank\" rel=\"noopener\">Physique U<\/a><\/p>\n<p><a href=\"https:\/\/www.billetweb.fr\/chimie-ulm-pc\" target=\"_blank\" rel=\"noopener\">Chimie U<\/a><\/p>\n<p><strong>3 auditeurs maximum sont autoris\u00e9s par oral, la prise de notes est interdite, les t\u00e9l\u00e9phones doivent \u00eatre \u00e9teints et laiss\u00e9s dans le sac.<\/strong><\/p>\n<p>Une inscription sur place est aussi possible, dans la limite des places restantes.<\/p>\n<p>Attention, en fonction des variations de planning, certains cr\u00e9neaux peuvent disparaitre. Si vous \u00eates inscrits pour ce cr\u00e9neau, vous serez pr\u00e9venu par mail de sa fermeture.<\/p>\n<p>Par courtoisie, les auditions des oraux sont soumises \u00e0 l\u2019acceptation des candidats.<\/p>\n","protected":false},"excerpt":{"rendered":"<p>Les inscriptions pour assister aux oraux de la banque PC ayant lieu \u00e0 l&rsquo;ENS Ulm se font en ligne, sur les liens suivants (un lien par \u00e9preuve) : Physique U Chimie U 3 auditeurs maximum sont autoris\u00e9s par oral, la <a href=\"https:\/\/banques-ecoles.fr\/cms\/inscription-en-ligne-pour-les-auditeurs-aux-oraux-pc\/\">[Lire la suite]<\/a><\/p>\n","protected":false},"author":16,"featured_media":0,"parent":0,"menu_order":0,"comment_status":"closed","ping_status":"closed","template":"","meta":{"footnotes":""},"class_list":["post-10316","page","type-page","status-publish","hentry"],"_links":{"self":[{"href":"https:\/\/banques-ecoles.fr\/cms\/wp-json\/wp\/v2\/pages\/10316","targetHints":{"allow":["GET"]}}],"collection":[{"href":"https:\/\/banques-ecoles.fr\/cms\/wp-json\/wp\/v2\/pages"}],"about":[{"href":"https:\/\/banques-ecoles.fr\/cms\/wp-json\/wp\/v2\/types\/page"}],"author":[{"embeddable":true,"href":"https:\/\/banques-ecoles.fr\/cms\/wp-json\/wp\/v2\/users\/16"}],"replies":[{"embeddable":true,"href":"https:\/\/banques-ecoles.fr\/cms\/wp-json\/wp\/v2\/comments?post=10316"}],"version-history":[{"count":1,"href":"https:\/\/banques-ecoles.fr\/cms\/wp-json\/wp\/v2\/pages\/10316\/revisions"}],"predecessor-version":[{"id":10319,"href":"https:\/\/banques-ecoles.fr\/cms\/wp-json\/wp\/v2\/pages\/10316\/revisions\/10319"}],"wp:attachment":[{"href":"https:\/\/banques-ecoles.fr\/cms\/wp-json\/wp\/v2\/media?parent=10316"}],"curies":[{"name":"wp","href":"https:\/\/api.w.org\/{rel}","templated":true}]}}