{"id":10355,"date":"2022-07-24T17:15:35","date_gmt":"2022-07-24T15:15:35","guid":{"rendered":"https:\/\/banques-ecoles.fr\/cms\/?page_id=10355"},"modified":"2023-08-31T11:21:14","modified_gmt":"2023-08-31T09:21:14","slug":"session-2022-5","status":"publish","type":"page","link":"https:\/\/banques-ecoles.fr\/cms\/filiere-mp\/rapports-des-jurys-de-la-banque-mmpmpi\/session-2022-5\/","title":{"rendered":"Session 2022"},"content":{"rendered":"\n<p><strong>Rapports de jury de la banque MP-MP\/MPI 2022 :<\/strong><\/p>\n<p>\u00a0<\/p>\n<div>\n<p><a href=\"https:\/\/banques-ecoles.fr\/cms\/wp-content\/uploads\/2022\/12\/22_mp_rap_eMathA.pdf\" target=\"_blank\" rel=\"noopener\">\u00c9preuve \u00e9crite de math A \u2013 XLSR<\/a><\/p>\n<p><a href=\"https:\/\/banques-ecoles.fr\/cms\/wp-content\/uploads\/2023\/02\/22_mp_rap_eMathB.pdf\" target=\"_blank\" rel=\"noopener\">\u00c9preuve \u00e9crite\u00a0de math B \u2013 X<\/a><\/p>\n<p><a href=\"https:\/\/banques-ecoles.fr\/cms\/wp-content\/uploads\/2022\/10\/22_mp_rap_eMathC.pdf\" target=\"_blank\" rel=\"noopener\">\u00c9preuve \u00e9crite de math C \u2013 ULSR<\/a><\/p>\n<p><a href=\"https:\/\/banques-ecoles.fr\/cms\/wp-content\/uploads\/2023\/02\/22_mp_rap_eMathD.pdf\" target=\"_blank\" rel=\"noopener\">\u00c9preuve \u00e9crite de math D \u2013 U<\/a><\/p>\n<p><a href=\"https:\/\/banques-ecoles.fr\/cms\/wp-content\/uploads\/2022\/12\/22_mp_rap_ephy.pdf\" target=\"_blank\" rel=\"noopener\">\u00c9preuve \u00e9crite de physique \u2013 XULSR<\/a><\/p>\n<p><a href=\"https:\/\/banques-ecoles.fr\/cms\/wp-content\/uploads\/2022\/12\/22_mp_rap_eInfoA.pdf\" target=\"_blank\" rel=\"noopener\">\u00c9preuve \u00e9crite d\u2019info A 4h \u2013 XULSR<\/a><\/p>\n<p><a href=\"https:\/\/banques-ecoles.fr\/cms\/wp-content\/uploads\/2023\/03\/22_mp_rap_eInfoB.pdf\" target=\"_blank\" rel=\"noopener\">\u00c9preuve \u00e9crite d\u2019info B 2h \u2013 XLSR<\/a><\/p>\n<p><a href=\"https:\/\/banques-ecoles.fr\/cms\/wp-content\/uploads\/2023\/02\/22_mp_rap_ePhySI.pdf\" target=\"_blank\" rel=\"noopener\">\u00c9preuve \u00e9crite\u00a0de Physique &amp; SI \u2013 X<\/a><\/p>\n<p><a href=\"https:\/\/banques-ecoles.fr\/cms\/wp-content\/uploads\/2022\/12\/22_MPPC_rapport_eFra.pdf\" target=\"_blank\" rel=\"noopener\">\u00c9preuve \u00e9crite de fran\u00e7ais \u2013 XULSR<\/a><\/p>\n<p>\u00a0<\/p>\n<p><em>\u00c9preuve \u00e9crite de LV \u2013 XULSR :<\/em><\/p>\n<ul>\n<li><a href=\"https:\/\/banques-ecoles.fr\/cms\/wp-content\/uploads\/2022\/12\/22_MPPC_rapport_eAng.pdf\" target=\"_blank\" rel=\"noopener\">anglais<\/a><\/li>\n<li><a href=\"https:\/\/banques-ecoles.fr\/cms\/wp-content\/uploads\/2022\/10\/22_MPPC_rapport_eAll.pdf\" target=\"_blank\" rel=\"noopener\">allemand<\/a><\/li>\n<li><a href=\"https:\/\/banques-ecoles.fr\/cms\/wp-content\/uploads\/2022\/12\/22_MPPC_rapport_eArabe.pdf\" target=\"_blank\" rel=\"noopener\">arabe<\/a><\/li>\n<li><a href=\"https:\/\/banques-ecoles.fr\/cms\/wp-content\/uploads\/2022\/10\/22_MPPC_rapport_eEsp.pdf\" target=\"_blank\" rel=\"noopener\">espagnol<\/a><\/li>\n<\/ul>\n<p><a href=\"https:\/\/banques-ecoles.fr\/cms\/wp-content\/uploads\/2022\/12\/22_mp_rap_oMath_ULSR.pdf\" target=\"_blank\" rel=\"noopener\">\u00c9preuve orale de math\u00e9matiques \u2013 ULSR<\/a><\/p>\n<p><a href=\"https:\/\/banques-ecoles.fr\/cms\/wp-content\/uploads\/2023\/02\/22_mp_rap_oMath_U.pdf\" target=\"_blank\" rel=\"noopener\">\u00c9preuve orale de math\u00e9matiques \u2013 U<\/a><\/p>\n<p><a href=\"https:\/\/banques-ecoles.fr\/cms\/wp-content\/uploads\/2022\/11\/22_mp_rap_oMath_SR.pdf\" target=\"_blank\" rel=\"noopener\">\u00c9preuve orale de math\u00e9matiques \u2013 SR<\/a><\/p>\n<p><a href=\"https:\/\/banques-ecoles.fr\/cms\/wp-content\/uploads\/2022\/08\/22_mp_rap_oMath_L.pdf\" target=\"_blank\" rel=\"noopener\">\u00c9preuve orale\u00a0de math\u00e9matiques \u2013 L<\/a><\/p>\n<p><a href=\"https:\/\/banques-ecoles.fr\/cms\/wp-content\/uploads\/2022\/07\/22_mp_rap_ophy_lsr.pdf\" target=\"_blank\" rel=\"noopener\">\u00c9preuve orale de physique \u2013 LSR<\/a><\/p>\n<p><a href=\"https:\/\/banques-ecoles.fr\/cms\/wp-content\/uploads\/2023\/02\/22_mp_rap_ophy_U.pdf\" target=\"_blank\" rel=\"noopener\">\u00c9preuve orale de physique \u2013 U<\/a><\/p>\n<p><a href=\"https:\/\/banques-ecoles.fr\/cms\/wp-content\/uploads\/2023\/03\/22_mp_rap_oInfoFond.pdf\" target=\"_blank\" rel=\"noopener\">\u00c9preuve orale d\u2019informatique fondamentale \u2013 LSR<\/a><\/p>\n<p><a href=\"https:\/\/banques-ecoles.fr\/cms\/wp-content\/uploads\/2022\/10\/22_mp_rap_oInfoU.pdf\" target=\"_blank\" rel=\"noopener\">\u00c9preuve orale d\u2019informatique \u2013 U<\/a><\/p>\n<p>\u00a0<\/p>\n<p><em>\u00c9preuve de TIPE \u2013 ULSR :<\/em><\/p>\n<ul>\n<li><a href=\"https:\/\/banques-ecoles.fr\/cms\/wp-content\/uploads\/2022\/10\/22_mp_rap_TIPE_Info.pdf\" target=\"_blank\" rel=\"noopener\">informatique<\/a><\/li>\n<li><a href=\"https:\/\/banques-ecoles.fr\/cms\/wp-content\/uploads\/2022\/10\/22_mp_rap_TIPE_Math.pdf\" target=\"_blank\" rel=\"noopener\">math\u00e9matiques<\/a><\/li>\n<li><a href=\"https:\/\/banques-ecoles.fr\/cms\/wp-content\/uploads\/2022\/11\/22_mp_rap_TIPE_Phy.pdf\" target=\"_blank\" rel=\"noopener\">physique<\/a><\/li>\n<\/ul>\n<p><em>\u00c9preuve orale de LV \u2013 XULSR :<\/em><\/p>\n<ul>\n<li><a href=\"https:\/\/banques-ecoles.fr\/cms\/wp-content\/uploads\/2023\/02\/22_MPPC_rapport_oAng.pdf\" target=\"_blank\" rel=\"noopener\">anglais<\/a><\/li>\n<li><a href=\"https:\/\/banques-ecoles.fr\/cms\/wp-content\/uploads\/2023\/02\/22_MPPC_rapport_oAll.pdf\" target=\"_blank\" rel=\"noopener\">allemand<\/a><\/li>\n<li><a href=\"https:\/\/banques-ecoles.fr\/cms\/wp-content\/uploads\/2023\/02\/22_MPPC_rapport_oArabe.pdf\" target=\"_blank\" rel=\"noopener\">arabe<\/a><\/li>\n<li><a href=\"https:\/\/banques-ecoles.fr\/cms\/wp-content\/uploads\/2023\/02\/22_MPPC_rapport_oEsp.pdf\" target=\"_blank\" rel=\"noopener\">espagnol<\/a><\/li>\n<\/ul>\n<\/div>\n","protected":false},"excerpt":{"rendered":"<p>Rapports de jury de la banque MP-MP\/MPI 2022 : \u00a0 \u00c9preuve \u00e9crite de math A \u2013 XLSR \u00c9preuve \u00e9crite\u00a0de math B \u2013 X \u00c9preuve \u00e9crite de math C \u2013 ULSR \u00c9preuve \u00e9crite de math D \u2013 U \u00c9preuve \u00e9crite de <a href=\"https:\/\/banques-ecoles.fr\/cms\/filiere-mp\/rapports-des-jurys-de-la-banque-mmpmpi\/session-2022-5\/\">[Lire la suite]<\/a><\/p>\n","protected":false},"author":5,"featured_media":0,"parent":730,"menu_order":0,"comment_status":"closed","ping_status":"closed","template":"","meta":{"footnotes":""},"class_list":["post-10355","page","type-page","status-publish","hentry"],"_links":{"self":[{"href":"https:\/\/banques-ecoles.fr\/cms\/wp-json\/wp\/v2\/pages\/10355","targetHints":{"allow":["GET"]}}],"collection":[{"href":"https:\/\/banques-ecoles.fr\/cms\/wp-json\/wp\/v2\/pages"}],"about":[{"href":"https:\/\/banques-ecoles.fr\/cms\/wp-json\/wp\/v2\/types\/page"}],"author":[{"embeddable":true,"href":"https:\/\/banques-ecoles.fr\/cms\/wp-json\/wp\/v2\/users\/5"}],"replies":[{"embeddable":true,"href":"https:\/\/banques-ecoles.fr\/cms\/wp-json\/wp\/v2\/comments?post=10355"}],"version-history":[{"count":28,"href":"https:\/\/banques-ecoles.fr\/cms\/wp-json\/wp\/v2\/pages\/10355\/revisions"}],"predecessor-version":[{"id":10908,"href":"https:\/\/banques-ecoles.fr\/cms\/wp-json\/wp\/v2\/pages\/10355\/revisions\/10908"}],"up":[{"embeddable":true,"href":"https:\/\/banques-ecoles.fr\/cms\/wp-json\/wp\/v2\/pages\/730"}],"wp:attachment":[{"href":"https:\/\/banques-ecoles.fr\/cms\/wp-json\/wp\/v2\/media?parent=10355"}],"curies":[{"name":"wp","href":"https:\/\/api.w.org\/{rel}","templated":true}]}}