{"id":10914,"date":"2023-04-11T14:36:58","date_gmt":"2023-04-11T12:36:58","guid":{"rendered":"https:\/\/banques-ecoles.fr\/cms\/?page_id=10914"},"modified":"2023-05-13T17:14:11","modified_gmt":"2023-05-13T15:14:11","slug":"session-2023","status":"publish","type":"page","link":"https:\/\/banques-ecoles.fr\/cms\/session-2023\/","title":{"rendered":"Session 2023"},"content":{"rendered":"\n\n\n<p>Sujets des \u00e9preuves \u00e9crites :<\/p>\n<h4>\u00c9preuves communes<\/h4>\n<ul>\n<li><a href=\"https:\/\/banques-ecoles.fr\/cms\/wp-content\/uploads\/2023\/04\/Composition-dhistoire.pdf\">Composition d\u2019histoire<\/a><\/li>\n<li><a href=\"https:\/\/banques-ecoles.fr\/cms\/wp-content\/uploads\/2023\/05\/Composition-francaise.pdf\">Composition fran\u00e7aise<\/a><\/li>\n<li><a href=\"https:\/\/banques-ecoles.fr\/cms\/wp-content\/uploads\/2023\/04\/Composition-de-philosophie.pdf\">Composition de philosophie<\/a><\/li>\n<li><a href=\"https:\/\/banques-ecoles.fr\/cms\/wp-content\/uploads\/2023\/04\/Commentaire-dun-texte-en-LVE.pdf\">Commentaire et traduction en LVE<\/a><\/li>\n<li><a href=\"https:\/\/banques-ecoles.fr\/cms\/wp-content\/uploads\/2023\/04\/Epreuve-de-specialite-Arts.pdf\">Epreuves de la sp\u00e9cialit\u00e9 Arts<\/a><\/li>\n<\/ul>\n<h4>\u00c9preuves sp\u00e9cifiques ENS de Lyon<\/h4>\n<ul>\n<li><a href=\"https:\/\/banques-ecoles.fr\/cms\/wp-content\/uploads\/2023\/04\/Composition-de-geographie_pourdiffusionweb.pdf\" target=\"_blank\" rel=\"noopener\">Composition de g\u00e9ographie + fond de carte<\/a><\/li>\n<li><a href=\"https:\/\/banques-ecoles.fr\/cms\/wp-content\/uploads\/2023\/04\/Epreuve-de-specialite.pdf\">Epreuves de sp\u00e9cialit\u00e9<\/a><\/li>\n<li><a href=\"https:\/\/banques-ecoles.fr\/cms\/wp-content\/uploads\/2023\/04\/Commentaire-de-carte-geographique.pdf\">Commentaire de carte<\/a> (<a href=\"https:\/\/banques-ecoles.fr\/cms\/wp-content\/uploads\/2023\/04\/Document-principal.pdf\">document principal<\/a>)<\/li>\n<\/ul>\n\n\n","protected":false},"excerpt":{"rendered":"<p>Sujets des \u00e9preuves \u00e9crites : \u00c9preuves communes Composition d\u2019histoire Composition fran\u00e7aise Composition de philosophie Commentaire et traduction en LVE Epreuves de la sp\u00e9cialit\u00e9 Arts \u00c9preuves sp\u00e9cifiques ENS de Lyon Composition de g\u00e9ographie + fond de carte Epreuves de sp\u00e9cialit\u00e9 Commentaire <a href=\"https:\/\/banques-ecoles.fr\/cms\/session-2023\/\">[Lire la suite]<\/a><\/p>\n","protected":false},"author":1,"featured_media":0,"parent":0,"menu_order":0,"comment_status":"closed","ping_status":"closed","template":"","meta":{"footnotes":""},"class_list":["post-10914","page","type-page","status-publish","hentry"],"_links":{"self":[{"href":"https:\/\/banques-ecoles.fr\/cms\/wp-json\/wp\/v2\/pages\/10914","targetHints":{"allow":["GET"]}}],"collection":[{"href":"https:\/\/banques-ecoles.fr\/cms\/wp-json\/wp\/v2\/pages"}],"about":[{"href":"https:\/\/banques-ecoles.fr\/cms\/wp-json\/wp\/v2\/types\/page"}],"author":[{"embeddable":true,"href":"https:\/\/banques-ecoles.fr\/cms\/wp-json\/wp\/v2\/users\/1"}],"replies":[{"embeddable":true,"href":"https:\/\/banques-ecoles.fr\/cms\/wp-json\/wp\/v2\/comments?post=10914"}],"version-history":[{"count":15,"href":"https:\/\/banques-ecoles.fr\/cms\/wp-json\/wp\/v2\/pages\/10914\/revisions"}],"predecessor-version":[{"id":11013,"href":"https:\/\/banques-ecoles.fr\/cms\/wp-json\/wp\/v2\/pages\/10914\/revisions\/11013"}],"wp:attachment":[{"href":"https:\/\/banques-ecoles.fr\/cms\/wp-json\/wp\/v2\/media?parent=10914"}],"curies":[{"name":"wp","href":"https:\/\/api.w.org\/{rel}","templated":true}]}}