{"id":11025,"date":"2023-05-21T14:09:39","date_gmt":"2023-05-21T12:09:39","guid":{"rendered":"https:\/\/banques-ecoles.fr\/cms\/?page_id=11025"},"modified":"2023-12-18T10:31:21","modified_gmt":"2023-12-18T08:31:21","slug":"session-2023-3","status":"publish","type":"page","link":"https:\/\/banques-ecoles.fr\/cms\/filiere-pc\/rapports-des-jurys-de-la-banque-pc\/session-2023-3\/","title":{"rendered":"Session 2023"},"content":{"rendered":"\n<p><strong>Rapports sur les \u00e9preuves de la banque PC 2023 :<\/strong><\/p>\n<p>\u00a0<\/p>\n<p><a href=\"https:\/\/banques-ecoles.fr\/cms\/wp-content\/uploads\/2023\/12\/23_pc_rap_ePhyA.pdf\" target=\"_blank\" rel=\"noopener\">\u00c9preuve \u00e9crite de physique A \u2013 XE<\/a><\/p>\n<p><a href=\"https:\/\/banques-ecoles.fr\/cms\/wp-content\/uploads\/2023\/11\/23_pc_rap_ePhyB.pdf\" target=\"_blank\" rel=\"noopener\">\u00c9preuve \u00e9crite de physique B \u2013 XEULS<\/a><\/p>\n<p><a href=\"https:\/\/banques-ecoles.fr\/cms\/wp-content\/uploads\/2023\/11\/23_pc_rap_ePhyC.pdf\" target=\"_blank\" rel=\"noopener\">\u00c9preuve \u00e9crite de physique C \u2013 U<\/a><\/p>\n<p><a href=\"https:\/\/banques-ecoles.fr\/cms\/wp-content\/uploads\/2023\/07\/23_pc_rap_phychi_lyon.pdf\" target=\"_blank\" rel=\"noopener\">\u00c9preuve \u00e9crite de physique-chimie \u2013 L<\/a><\/p>\n<p><a href=\"https:\/\/banques-ecoles.fr\/cms\/wp-content\/uploads\/2023\/11\/23_pc_rap_eChimieA.pdf\" target=\"_blank\" rel=\"noopener\">\u00c9preuve \u00e9crite de chimie A \u2013 XEULS<\/a><\/p>\n<p><a href=\"https:\/\/banques-ecoles.fr\/cms\/wp-content\/uploads\/2023\/10\/23_pc_rap_eChimieB.pdf\" target=\"_blank\" rel=\"noopener\">\u00c9preuve \u00e9crite de chimie B \u2013 U<\/a><\/p>\n<p><a href=\"https:\/\/banques-ecoles.fr\/cms\/wp-content\/uploads\/2023\/10\/23_pc_rap_eMath.pdf\" target=\"_blank\" rel=\"noopener\">\u00c9preuve \u00e9crite de math\u00e9matiques \u2013 XEULS<\/a><\/p>\n<p><a href=\"https:\/\/banques-ecoles.fr\/cms\/wp-content\/uploads\/2023\/11\/23_pc_rap_eInfoB.pdf\" target=\"_blank\" rel=\"noopener\">\u00c9preuve \u00e9crite d\u2019info B 2h \u2013 XELS<\/a><\/p>\n<p><a href=\"https:\/\/banques-ecoles.fr\/cms\/wp-content\/uploads\/2023\/12\/23_MPPC_rapport_eFra.pdf\" target=\"_blank\" rel=\"noopener\">\u00c9preuve \u00e9crite de fran\u00e7ais \u2013 4h \u2013 XEULS<\/a><\/p>\n<p>\u00a0<\/p>\n<p><em>\u00c9preuve \u00e9crite \u00e9crite de LV \u2013 4h \u2013 XEULS :<\/em><\/p>\n<ul>\n<li><a href=\"https:\/\/banques-ecoles.fr\/cms\/wp-content\/uploads\/2023\/11\/23_MPPC_rapport_eAng.pdf\" target=\"_blank\" rel=\"noopener\">anglais<\/a><\/li>\n<li><a href=\"https:\/\/banques-ecoles.fr\/cms\/wp-content\/uploads\/2023\/11\/23_MPPC_rapport_eAll.pdf\" target=\"_blank\" rel=\"noopener\">allemand<\/a><\/li>\n<li><a href=\"https:\/\/banques-ecoles.fr\/cms\/wp-content\/uploads\/2023\/11\/23_MPPC_rapport_eArabe.pdf\" target=\"_blank\" rel=\"noopener\">arabe<\/a><\/li>\n<li><a href=\"https:\/\/banques-ecoles.fr\/cms\/wp-content\/uploads\/2023\/11\/23_MPPC_rapport_eEsp.pdf\" target=\"_blank\" rel=\"noopener\">espagnol<\/a><\/li>\n<\/ul>\n<p><a href=\"https:\/\/banques-ecoles.fr\/cms\/wp-content\/uploads\/2023\/07\/23_pc_rap_ophy_ls.pdf\" target=\"_blank\" rel=\"noopener\">\u00c9preuve orale de physique \u2013 LS<\/a><\/p>\n<p><a href=\"https:\/\/banques-ecoles.fr\/cms\/wp-content\/uploads\/2023\/12\/23_pc_rap_oPhyU.pdf\" target=\"_blank\" rel=\"noopener\">\u00c9preuve orale de physique \u2013 U<\/a><\/p>\n<p><a href=\"https:\/\/banques-ecoles.fr\/cms\/wp-content\/uploads\/2023\/12\/23_pc_rap_oChimieLS.pdf\" target=\"_blank\" rel=\"noopener\">\u00c9preuve orale de chimie \u2013 LS<\/a><\/p>\n<p><a href=\"https:\/\/banques-ecoles.fr\/cms\/wp-content\/uploads\/2023\/12\/23_pc_rap_oChimieU.pdf\" target=\"_blank\" rel=\"noopener\">\u00c9preuve orale de chimie \u2013 U<\/a><\/p>\n<p><a href=\"https:\/\/banques-ecoles.fr\/cms\/wp-content\/uploads\/2023\/10\/23_pc_rap_oMathUL.pdf\" target=\"_blank\" rel=\"noopener\">\u00c9preuve orale de math\u00e9matiques \u2013 UL<\/a><\/p>\n<p><a href=\"https:\/\/banques-ecoles.fr\/cms\/wp-content\/uploads\/2023\/12\/23_pc_rap_TPchi.pdf\" target=\"_blank\" rel=\"noopener\">\u00c9preuve de TP de chimie \u2013 ULS<\/a><\/p>\n<p><a href=\"https:\/\/banques-ecoles.fr\/cms\/wp-content\/uploads\/2023\/10\/23_PC_rap_TP_Phys.pdf\" target=\"_blank\" rel=\"noopener\">\u00c9preuve de TP de physique \u2013 ULS<\/a><\/p>\n<p><a href=\"https:\/\/banques-ecoles.fr\/cms\/wp-content\/uploads\/2023\/09\/23_pc_rap_tipe.pdf\" target=\"_blank\" rel=\"noopener\">\u00c9preuve de TIPE physique-chimie \u2013 ULS<\/a><\/p>\n<p>\u00a0<\/p>\n<p><em>\u00c9preuve orale de LV \u2013 XEULS :<\/em><\/p>\n<ul>\n<li><a href=\"https:\/\/banques-ecoles.fr\/cms\/wp-content\/uploads\/2023\/12\/23_MPPC_rapport_oAll.pdf\" target=\"_blank\" rel=\"noopener\">allemand<\/a><\/li>\n<li><a href=\"https:\/\/banques-ecoles.fr\/cms\/wp-content\/uploads\/2023\/11\/23_MPPC_rapport_oAng.pdf\" target=\"_blank\" rel=\"noopener\">anglais<\/a><\/li>\n<li><a href=\"https:\/\/banques-ecoles.fr\/cms\/wp-content\/uploads\/2023\/12\/23_MPPC_rapport_oArabe.pdf\" target=\"_blank\" rel=\"noopener\">arabe<\/a><\/li>\n<li><a href=\"https:\/\/banques-ecoles.fr\/cms\/wp-content\/uploads\/2023\/12\/23_MPPC_rapport_oEsp.pdf\" target=\"_blank\" rel=\"noopener\">espagnol<\/a><\/li>\n<\/ul>\n","protected":false},"excerpt":{"rendered":"<p>Rapports sur les \u00e9preuves de la banque PC 2023 : \u00a0 \u00c9preuve \u00e9crite de physique A \u2013 XE \u00c9preuve \u00e9crite de physique B \u2013 XEULS \u00c9preuve \u00e9crite de physique C \u2013 U \u00c9preuve \u00e9crite de physique-chimie \u2013 L \u00c9preuve \u00e9crite <a href=\"https:\/\/banques-ecoles.fr\/cms\/filiere-pc\/rapports-des-jurys-de-la-banque-pc\/session-2023-3\/\">[Lire la suite]<\/a><\/p>\n","protected":false},"author":5,"featured_media":0,"parent":969,"menu_order":0,"comment_status":"closed","ping_status":"closed","template":"","meta":{"footnotes":""},"class_list":["post-11025","page","type-page","status-publish","hentry"],"_links":{"self":[{"href":"https:\/\/banques-ecoles.fr\/cms\/wp-json\/wp\/v2\/pages\/11025","targetHints":{"allow":["GET"]}}],"collection":[{"href":"https:\/\/banques-ecoles.fr\/cms\/wp-json\/wp\/v2\/pages"}],"about":[{"href":"https:\/\/banques-ecoles.fr\/cms\/wp-json\/wp\/v2\/types\/page"}],"author":[{"embeddable":true,"href":"https:\/\/banques-ecoles.fr\/cms\/wp-json\/wp\/v2\/users\/5"}],"replies":[{"embeddable":true,"href":"https:\/\/banques-ecoles.fr\/cms\/wp-json\/wp\/v2\/comments?post=11025"}],"version-history":[{"count":32,"href":"https:\/\/banques-ecoles.fr\/cms\/wp-json\/wp\/v2\/pages\/11025\/revisions"}],"predecessor-version":[{"id":12007,"href":"https:\/\/banques-ecoles.fr\/cms\/wp-json\/wp\/v2\/pages\/11025\/revisions\/12007"}],"up":[{"embeddable":true,"href":"https:\/\/banques-ecoles.fr\/cms\/wp-json\/wp\/v2\/pages\/969"}],"wp:attachment":[{"href":"https:\/\/banques-ecoles.fr\/cms\/wp-json\/wp\/v2\/media?parent=11025"}],"curies":[{"name":"wp","href":"https:\/\/api.w.org\/{rel}","templated":true}]}}