{"id":11238,"date":"2023-08-28T20:05:19","date_gmt":"2023-08-28T18:05:19","guid":{"rendered":"https:\/\/banques-ecoles.fr\/cms\/?page_id=11238"},"modified":"2025-05-17T16:03:17","modified_gmt":"2025-05-17T14:03:17","slug":"annales-des-banques-mp-info-mpi-classees-par-annee","status":"publish","type":"page","link":"https:\/\/banques-ecoles.fr\/cms\/filiere-mp\/annales-des-banques-mp-info-mpi-classees-par-annee\/","title":{"rendered":"Annales des banques MP\/Info\/MPI class\u00e9es par ann\u00e9e"},"content":{"rendered":"\n<p>Sujets des \u00e9preuves \u00e9crites des fili\u00e8res MP et MPI (\u00e0 partir de 2023).<\/p>\n<p><a href=\"https:\/\/banques-ecoles.fr\/cms\/session-2025-2\/\" target=\"_blank\" rel=\"noopener\">2025<\/a><\/p>\n<p><a href=\"https:\/\/banques-ecoles.fr\/cms\/session-2024-5\/\" target=\"_blank\" rel=\"noopener\">2024<\/a><\/p>\n<p><a href=\"https:\/\/banques-ecoles.fr\/cms\/session-2023-8\/\">2023<\/a><\/p>\n\n\n\n\n","protected":false},"excerpt":{"rendered":"<p>Sujets des \u00e9preuves \u00e9crites des fili\u00e8res MP et MPI (\u00e0 partir de 2023). 2025 2024 2023<\/p>\n","protected":false},"author":16,"featured_media":0,"parent":40,"menu_order":0,"comment_status":"closed","ping_status":"closed","template":"","meta":{"footnotes":""},"class_list":["post-11238","page","type-page","status-publish","hentry"],"_links":{"self":[{"href":"https:\/\/banques-ecoles.fr\/cms\/wp-json\/wp\/v2\/pages\/11238","targetHints":{"allow":["GET"]}}],"collection":[{"href":"https:\/\/banques-ecoles.fr\/cms\/wp-json\/wp\/v2\/pages"}],"about":[{"href":"https:\/\/banques-ecoles.fr\/cms\/wp-json\/wp\/v2\/types\/page"}],"author":[{"embeddable":true,"href":"https:\/\/banques-ecoles.fr\/cms\/wp-json\/wp\/v2\/users\/16"}],"replies":[{"embeddable":true,"href":"https:\/\/banques-ecoles.fr\/cms\/wp-json\/wp\/v2\/comments?post=11238"}],"version-history":[{"count":6,"href":"https:\/\/banques-ecoles.fr\/cms\/wp-json\/wp\/v2\/pages\/11238\/revisions"}],"predecessor-version":[{"id":12687,"href":"https:\/\/banques-ecoles.fr\/cms\/wp-json\/wp\/v2\/pages\/11238\/revisions\/12687"}],"up":[{"embeddable":true,"href":"https:\/\/banques-ecoles.fr\/cms\/wp-json\/wp\/v2\/pages\/40"}],"wp:attachment":[{"href":"https:\/\/banques-ecoles.fr\/cms\/wp-json\/wp\/v2\/media?parent=11238"}],"curies":[{"name":"wp","href":"https:\/\/api.w.org\/{rel}","templated":true}]}}