{"id":11243,"date":"2023-08-28T20:09:06","date_gmt":"2023-08-28T18:09:06","guid":{"rendered":"https:\/\/banques-ecoles.fr\/cms\/?page_id=11243"},"modified":"2025-07-21T12:12:38","modified_gmt":"2025-07-21T10:12:38","slug":"rapports-des-jurys-des-banques-mp-info-mpi-classes-par-annee","status":"publish","type":"page","link":"https:\/\/banques-ecoles.fr\/cms\/filiere-mp\/rapports-des-jurys-des-banques-mp-info-mpi-classes-par-annee\/","title":{"rendered":"Rapports des jurys des banques MP\/Info\/MPI class\u00e9s par ann\u00e9e"},"content":{"rendered":"\n<p>Rapports des jurys class\u00e9s par ann\u00e9e des \u00e9preuves \u00e9crites des fili\u00e8res MP et MPI (\u00e0 partir de 2023).<\/p>\n<p><a href=\"https:\/\/banques-ecoles.fr\/cms\/filiere-mp\/rapports-des-jurys-des-banques-mp-info-mpi-classes-par-annee\/session-2025\/\">2025<\/a><\/p>\n<p><a href=\"https:\/\/banques-ecoles.fr\/cms\/session-2024-6\/\" target=\"_blank\" rel=\"noopener\">2024<\/a><\/p>\n<p><a href=\"https:\/\/banques-ecoles.fr\/cms\/session-2023-9\/\">2023<\/a><\/p>\n","protected":false},"excerpt":{"rendered":"<p>Rapports des jurys class\u00e9s par ann\u00e9e des \u00e9preuves \u00e9crites des fili\u00e8res MP et MPI (\u00e0 partir de 2023). 2025 2024 2023<\/p>\n","protected":false},"author":16,"featured_media":0,"parent":40,"menu_order":0,"comment_status":"closed","ping_status":"closed","template":"","meta":{"footnotes":""},"class_list":["post-11243","page","type-page","status-publish","hentry"],"_links":{"self":[{"href":"https:\/\/banques-ecoles.fr\/cms\/wp-json\/wp\/v2\/pages\/11243","targetHints":{"allow":["GET"]}}],"collection":[{"href":"https:\/\/banques-ecoles.fr\/cms\/wp-json\/wp\/v2\/pages"}],"about":[{"href":"https:\/\/banques-ecoles.fr\/cms\/wp-json\/wp\/v2\/types\/page"}],"author":[{"embeddable":true,"href":"https:\/\/banques-ecoles.fr\/cms\/wp-json\/wp\/v2\/users\/16"}],"replies":[{"embeddable":true,"href":"https:\/\/banques-ecoles.fr\/cms\/wp-json\/wp\/v2\/comments?post=11243"}],"version-history":[{"count":6,"href":"https:\/\/banques-ecoles.fr\/cms\/wp-json\/wp\/v2\/pages\/11243\/revisions"}],"predecessor-version":[{"id":12821,"href":"https:\/\/banques-ecoles.fr\/cms\/wp-json\/wp\/v2\/pages\/11243\/revisions\/12821"}],"up":[{"embeddable":true,"href":"https:\/\/banques-ecoles.fr\/cms\/wp-json\/wp\/v2\/pages\/40"}],"wp:attachment":[{"href":"https:\/\/banques-ecoles.fr\/cms\/wp-json\/wp\/v2\/media?parent=11243"}],"curies":[{"name":"wp","href":"https:\/\/api.w.org\/{rel}","templated":true}]}}