{"id":11246,"date":"2023-08-28T20:36:59","date_gmt":"2023-08-28T18:36:59","guid":{"rendered":"https:\/\/banques-ecoles.fr\/cms\/?page_id=11246"},"modified":"2024-08-27T11:32:13","modified_gmt":"2024-08-27T09:32:13","slug":"session-2023-8","status":"publish","type":"page","link":"https:\/\/banques-ecoles.fr\/cms\/filiere-mp\/annales-des-banques-mp-info-mpi-classees-par-annee\/session-2023-8\/","title":{"rendered":"Session 2023"},"content":{"rendered":"\n<p><strong>Sujets des \u00e9preuves \u00e9crites des banques MP et MPI 2023 :<\/strong><\/p>\n<p>\u00a0<\/p>\n<p><a href=\"https:\/\/banques-ecoles.fr\/cms\/wp-content\/uploads\/2023\/08\/23_mp_sujet_MathA.pdf\" target=\"_blank\" rel=\"noopener\">\u00c9preuve \u00e9crite de Math A \u2013 4h \u2013 MP-MPI XLSR<\/a><\/p>\n<p><a href=\"https:\/\/banques-ecoles.fr\/cms\/wp-content\/uploads\/2023\/08\/23_mp_sujet_MathB.pdf\" target=\"_blank\" rel=\"noopener\">\u00c9preuve \u00e9crite de Math B \u2013 4h \u2013 MP-MPI X<\/a><\/p>\n<p><a href=\"https:\/\/banques-ecoles.fr\/cms\/wp-content\/uploads\/2023\/10\/23_mp_sujet_MathC.pdf\" target=\"_blank\" rel=\"noopener\">\u00c9preuve \u00e9crite de Math C \u2013 4h \u2013 MP-MPI ULSR<\/a><\/p>\n<p><a href=\"https:\/\/banques-ecoles.fr\/cms\/wp-content\/uploads\/2023\/09\/23_mp_sujet_MathD.pdf\" target=\"_blank\" rel=\"noopener\">\u00c9preuve \u00e9crite de Math D \u2013 6h \u2013 MP U<\/a><\/p>\n<p><a href=\"https:\/\/banques-ecoles.fr\/cms\/wp-content\/uploads\/2023\/08\/23_mp_sujet_InfoA.pdf\" target=\"_blank\" rel=\"noopener\">\u00c9preuve \u00e9crite de Info A \u2013 4h \u2013 MP-MPI XULSR<\/a><\/p>\n<p><a href=\"https:\/\/banques-ecoles.fr\/cms\/wp-content\/uploads\/2023\/08\/23_mppc_sujet_InfoB.pdf\" target=\"_blank\" rel=\"noopener\">\u00c9preuve \u00e9crite de Info B \u2013 2h \u2013 MP-PC XELSR<\/a><\/p>\n<p><a href=\"https:\/\/banques-ecoles.fr\/cms\/wp-content\/uploads\/2023\/12\/23_mp_sujet_InfoFond.pdf\" target=\"_blank\" rel=\"noopener\">\u00c9preuve \u00e9crite de Info fondamentale \u2013 4h \u2013 MP-MPI ULSR<\/a><\/p>\n<p><a href=\"https:\/\/banques-ecoles.fr\/cms\/wp-content\/uploads\/2023\/08\/23_mpi_sujet_InfoC.pdf\" target=\"_blank\" rel=\"noopener\">\u00c9preuve \u00e9crite de Info C \u2013 4h \u2013 MPI XULSR<\/a><\/p>\n<p><a href=\"https:\/\/banques-ecoles.fr\/cms\/wp-content\/uploads\/2023\/08\/23_mp_sujet_Phy.pdf\" target=\"_blank\" rel=\"noopener\">\u00c9preuve \u00e9crite de Physique \u2013 4h \u2013 MP XULSR<\/a><\/p>\n<p><a href=\"https:\/\/banques-ecoles.fr\/cms\/wp-content\/uploads\/2023\/08\/23_mp_sujet_PhySI.pdf\" target=\"_blank\" rel=\"noopener\">\u00c9preuve \u00e9crite de Physique&amp;SI \u2013 4h \u2013 MP X<\/a><\/p>\n<p><a href=\"https:\/\/banques-ecoles.fr\/cms\/wp-content\/uploads\/2023\/08\/23_mpi_sujet_PhyX.pdf\" target=\"_blank\" rel=\"noopener\">\u00c9preuve \u00e9crite de Physique MPI \u2013 4h \u2013 MPI X<\/a><\/p>\n<p><a href=\"https:\/\/banques-ecoles.fr\/cms\/wp-content\/uploads\/2023\/08\/23_mppc_sujet_Fra.pdf\" target=\"_blank\" rel=\"noopener\">\u00c9preuve \u00e9crite de fran\u00e7ais \u2013 4h \u2013 MP-MPI-PC-PSI XEULSR<\/a><\/p>\n<p>\u00a0<\/p>\n<p><em>\u00c9preuve \u00e9crite de LV \u2013 4h \u2013 MP-MPI-PC-PSI XEULSR :<\/em><\/p>\n<ul>\n<li><a href=\"https:\/\/banques-ecoles.fr\/cms\/wp-content\/uploads\/2023\/08\/23_mppc_sujet_All.pdf\" target=\"_blank\" rel=\"noopener\">allemand<\/a><\/li>\n<li><a href=\"https:\/\/banques-ecoles.fr\/cms\/wp-content\/uploads\/2023\/08\/23_mppc_sujet_Ang.pdf\" target=\"_blank\" rel=\"noopener\">anglais<\/a><\/li>\n<li><a href=\"https:\/\/banques-ecoles.fr\/cms\/wp-content\/uploads\/2023\/08\/23_mppc_sujet_Arabe.pdf\" target=\"_blank\" rel=\"noopener\">arabe<\/a><\/li>\n<li><a href=\"https:\/\/banques-ecoles.fr\/cms\/wp-content\/uploads\/2023\/08\/23_mppc_sujet_Esp.pdf\" target=\"_blank\" rel=\"noopener\">espagnol<\/a><\/li>\n<\/ul>\n","protected":false},"excerpt":{"rendered":"<p>Sujets des \u00e9preuves \u00e9crites des banques MP et MPI 2023 : \u00a0 \u00c9preuve \u00e9crite de Math A \u2013 4h \u2013 MP-MPI XLSR \u00c9preuve \u00e9crite de Math B \u2013 4h \u2013 MP-MPI X \u00c9preuve \u00e9crite de Math C \u2013 4h \u2013 <a href=\"https:\/\/banques-ecoles.fr\/cms\/filiere-mp\/annales-des-banques-mp-info-mpi-classees-par-annee\/session-2023-8\/\">[Lire la suite]<\/a><\/p>\n","protected":false},"author":16,"featured_media":0,"parent":11238,"menu_order":0,"comment_status":"closed","ping_status":"closed","template":"","meta":{"footnotes":""},"class_list":["post-11246","page","type-page","status-publish","hentry"],"_links":{"self":[{"href":"https:\/\/banques-ecoles.fr\/cms\/wp-json\/wp\/v2\/pages\/11246","targetHints":{"allow":["GET"]}}],"collection":[{"href":"https:\/\/banques-ecoles.fr\/cms\/wp-json\/wp\/v2\/pages"}],"about":[{"href":"https:\/\/banques-ecoles.fr\/cms\/wp-json\/wp\/v2\/types\/page"}],"author":[{"embeddable":true,"href":"https:\/\/banques-ecoles.fr\/cms\/wp-json\/wp\/v2\/users\/16"}],"replies":[{"embeddable":true,"href":"https:\/\/banques-ecoles.fr\/cms\/wp-json\/wp\/v2\/comments?post=11246"}],"version-history":[{"count":19,"href":"https:\/\/banques-ecoles.fr\/cms\/wp-json\/wp\/v2\/pages\/11246\/revisions"}],"predecessor-version":[{"id":12297,"href":"https:\/\/banques-ecoles.fr\/cms\/wp-json\/wp\/v2\/pages\/11246\/revisions\/12297"}],"up":[{"embeddable":true,"href":"https:\/\/banques-ecoles.fr\/cms\/wp-json\/wp\/v2\/pages\/11238"}],"wp:attachment":[{"href":"https:\/\/banques-ecoles.fr\/cms\/wp-json\/wp\/v2\/media?parent=11246"}],"curies":[{"name":"wp","href":"https:\/\/api.w.org\/{rel}","templated":true}]}}