{"id":11249,"date":"2023-08-28T20:51:21","date_gmt":"2023-08-28T18:51:21","guid":{"rendered":"https:\/\/banques-ecoles.fr\/cms\/?page_id=11249"},"modified":"2023-12-18T10:31:16","modified_gmt":"2023-12-18T08:31:16","slug":"session-2023-9","status":"publish","type":"page","link":"https:\/\/banques-ecoles.fr\/cms\/filiere-mp\/rapports-des-jurys-des-banques-mp-info-mpi-classes-par-annee\/session-2023-9\/","title":{"rendered":"Session 2023"},"content":{"rendered":"\n<p><strong>Rapports des jurys des banques MP-Info-MPI 2023 :<\/strong><\/p>\n<p>\u00a0<\/p>\n<div>\n<p><a href=\"https:\/\/banques-ecoles.fr\/cms\/wp-content\/uploads\/2023\/11\/23_mp_rap_eMathA.pdf\" target=\"_blank\" rel=\"noopener\">\u00c9preuve \u00e9crite de math A<\/a><\/p>\n<p><a href=\"https:\/\/banques-ecoles.fr\/cms\/wp-content\/uploads\/2023\/12\/23_mp_rap_eMathB.pdf\" target=\"_blank\" rel=\"noopener\">\u00c9preuve \u00e9crite\u00a0de math B<\/a><\/p>\n<p><a href=\"https:\/\/banques-ecoles.fr\/cms\/wp-content\/uploads\/2023\/10\/23_mp_rap_eMathC.pdf\" target=\"_blank\" rel=\"noopener\">\u00c9preuve \u00e9crite de math C<\/a><\/p>\n<p><a href=\"https:\/\/banques-ecoles.fr\/cms\/wp-content\/uploads\/2023\/11\/23_mp_rap_eMathD.pdf\" target=\"_blank\" rel=\"noopener\">\u00c9preuve \u00e9crite de math D<\/a><\/p>\n<p><a href=\"https:\/\/banques-ecoles.fr\/cms\/wp-content\/uploads\/2023\/11\/23_mp_rap_ePhys.pdf\" target=\"_blank\" rel=\"noopener\">\u00c9preuve \u00e9crite de physique<\/a><\/p>\n<p><a href=\"https:\/\/banques-ecoles.fr\/cms\/wp-content\/uploads\/2023\/12\/23_mpi_rap_eInfoA.pdf\" target=\"_blank\" rel=\"noopener\">\u00c9preuve \u00e9crite d\u2019info A<\/a><\/p>\n<p><a href=\"https:\/\/banques-ecoles.fr\/cms\/wp-content\/uploads\/2023\/12\/23_mp_rap_eInfoB.pdf\" target=\"_blank\" rel=\"noopener\">\u00c9preuve \u00e9crite d\u2019info B<\/a><\/p>\n<p><a href=\"https:\/\/banques-ecoles.fr\/cms\/wp-content\/uploads\/2023\/11\/23_mp_rap_eInfoFond.pdf\" target=\"_blank\" rel=\"noopener\">\u00c9preuve \u00e9crite d\u2019Info Fondamentale<\/a><\/p>\n<p><a href=\"https:\/\/banques-ecoles.fr\/cms\/wp-content\/uploads\/2023\/11\/23_mpi_rap_eInfoC.pdf\" target=\"_blank\" rel=\"noopener\">\u00c9preuve \u00e9crite d\u2019Info C<\/a><\/p>\n<p><a href=\"https:\/\/banques-ecoles.fr\/cms\/wp-content\/uploads\/2023\/12\/23_mp_rap_ePhySI.pdf\" target=\"_blank\" rel=\"noopener\">\u00c9preuve \u00e9crite\u00a0de Physique &amp; SI &#8211; X<\/a><\/p>\n<p><a href=\"https:\/\/banques-ecoles.fr\/cms\/wp-content\/uploads\/2023\/11\/23_mpi_rap_ePhysX.pdf\" target=\"_blank\" rel=\"noopener\">\u00c9preuve \u00e9crite\u00a0de Physique fili\u00e8re MPI &#8211; X<\/a><\/p>\n<p><a href=\"https:\/\/banques-ecoles.fr\/cms\/wp-content\/uploads\/2023\/12\/23_MPPC_rapport_eFra.pdf\" target=\"_blank\" rel=\"noopener\">\u00c9preuve \u00e9crite de fran\u00e7ais<\/a><\/p>\n<p>\u00a0<\/p>\n<p><em>\u00c9preuve \u00e9crite de LV \u2013 XULSR :<\/em><\/p>\n<ul>\n<li><a href=\"https:\/\/banques-ecoles.fr\/cms\/wp-content\/uploads\/2023\/11\/23_MPPC_rapport_eAng.pdf\" target=\"_blank\" rel=\"noopener\">anglais<\/a><\/li>\n<li><a href=\"https:\/\/banques-ecoles.fr\/cms\/wp-content\/uploads\/2023\/11\/23_MPPC_rapport_eAll.pdf\" target=\"_blank\" rel=\"noopener\">allemand<\/a><\/li>\n<li><a href=\"https:\/\/banques-ecoles.fr\/cms\/wp-content\/uploads\/2023\/11\/23_MPPC_rapport_eArabe.pdf\" target=\"_blank\" rel=\"noopener\">arabe<\/a><\/li>\n<li><a href=\"https:\/\/banques-ecoles.fr\/cms\/wp-content\/uploads\/2023\/11\/23_MPPC_rapport_eEsp.pdf\" target=\"_blank\" rel=\"noopener\">espagnol<\/a><\/li>\n<\/ul>\n<p>\u00a0<\/p>\n<p><a href=\"https:\/\/banques-ecoles.fr\/cms\/wp-content\/uploads\/2023\/10\/23_mp_rap_oMathULSR.pdf\" target=\"_blank\" rel=\"noopener\">\u00c9preuve orale de math\u00e9matiques \u2013 ULSR<\/a><\/p>\n<p><a href=\"https:\/\/banques-ecoles.fr\/cms\/wp-content\/uploads\/2023\/12\/23_mp_rap_oMathU.pdf\" target=\"_blank\" rel=\"noopener\">\u00c9preuve orale de math\u00e9matiques \u2013 U<\/a><\/p>\n<p><a href=\"https:\/\/banques-ecoles.fr\/cms\/wp-content\/uploads\/2023\/10\/23_mp_rap_oMathSR.pdf\" target=\"_blank\" rel=\"noopener\">\u00c9preuve orale de math\u00e9matiques \u2013 SR<\/a><\/p>\n<p><a href=\"https:\/\/banques-ecoles.fr\/cms\/wp-content\/uploads\/2023\/08\/23_mp_rap_oMathL.pdf\" target=\"_blank\" rel=\"noopener\">\u00c9preuve orale\u00a0de math\u00e9matiques \u2013 L<\/a><\/p>\n<p><a href=\"https:\/\/banques-ecoles.fr\/cms\/wp-content\/uploads\/2023\/11\/23_mp_rap_oPhyLSR.pdf\" target=\"_blank\" rel=\"noopener\">\u00c9preuve orale de physique \u2013 LSR<\/a><\/p>\n<p><a href=\"https:\/\/banques-ecoles.fr\/cms\/wp-content\/uploads\/2023\/10\/23_mp_rap_oPhyU.pdf\" target=\"_blank\" rel=\"noopener\">\u00c9preuve orale de physique \u2013 U<\/a><\/p>\n<p><a href=\"https:\/\/banques-ecoles.fr\/cms\/wp-content\/uploads\/2023\/10\/23_mp_rap_oInfo.pdf\" target=\"_blank\" rel=\"noopener\">\u00c9preuve orale d\u2019informatique fondamentale \u2013 ULSR<\/a><\/p>\n<p>\u00c9preuve de TP d\u2019algorithmique et programmation \u2013 ULSR :<\/p>\n<ul>\n<li><a href=\"https:\/\/banques-ecoles.fr\/cms\/wp-content\/uploads\/2023\/10\/23_mp_rap_TPalgo.pdf\" target=\"_blank\" rel=\"noopener\">Fili\u00e8re MP<\/a><\/li>\n<li><a href=\"https:\/\/banques-ecoles.fr\/cms\/wp-content\/uploads\/2023\/10\/23_mpi_rap_TPalgo.pdf\" target=\"_blank\" rel=\"noopener\">Fili\u00e8re MPI<\/a><\/li>\n<\/ul>\n<p>\u00a0<\/p>\n<p><em>\u00c9preuve de TIPE \u2013 ULSR :<\/em><\/p>\n<ul>\n<li><a href=\"https:\/\/banques-ecoles.fr\/cms\/wp-content\/uploads\/2023\/11\/23_mp_rap_oTIPE_info.pdf\" target=\"_blank\" rel=\"noopener\">informatique<\/a><\/li>\n<li><a href=\"https:\/\/banques-ecoles.fr\/cms\/wp-content\/uploads\/2023\/10\/23_mp_rap_oTIPE_math.pdf\" target=\"_blank\" rel=\"noopener\">math\u00e9matiques<\/a><\/li>\n<li><a href=\"https:\/\/banques-ecoles.fr\/cms\/wp-content\/uploads\/2023\/10\/23_mp_rap_oTIPE_phy.pdf\" target=\"_blank\" rel=\"noopener\">physique<\/a><\/li>\n<\/ul>\n<p><em>\u00c9preuve orale de LV \u2013 XULSR :<\/em><\/p>\n<ul>\n<li><a href=\"https:\/\/banques-ecoles.fr\/cms\/wp-content\/uploads\/2023\/11\/23_MPPC_rapport_oAng.pdf\" target=\"_blank\" rel=\"noopener\">anglais<\/a><\/li>\n<li><a href=\"https:\/\/banques-ecoles.fr\/cms\/wp-content\/uploads\/2023\/12\/23_MPPC_rapport_oAll.pdf\" target=\"_blank\" rel=\"noopener\">allemand<\/a><\/li>\n<li><a href=\"https:\/\/banques-ecoles.fr\/cms\/wp-content\/uploads\/2023\/12\/23_MPPC_rapport_oArabe.pdf\" target=\"_blank\" rel=\"noopener\">arabe<\/a><\/li>\n<li><a href=\"https:\/\/banques-ecoles.fr\/cms\/wp-content\/uploads\/2023\/12\/23_MPPC_rapport_oEsp.pdf\" target=\"_blank\" rel=\"noopener\">espagnol<\/a><\/li>\n<\/ul>\n<\/div>\n","protected":false},"excerpt":{"rendered":"<p>Rapports des jurys des banques MP-Info-MPI 2023 : \u00a0 \u00c9preuve \u00e9crite de math A \u00c9preuve \u00e9crite\u00a0de math B \u00c9preuve \u00e9crite de math C \u00c9preuve \u00e9crite de math D \u00c9preuve \u00e9crite de physique \u00c9preuve \u00e9crite d\u2019info A \u00c9preuve \u00e9crite d\u2019info B <a href=\"https:\/\/banques-ecoles.fr\/cms\/filiere-mp\/rapports-des-jurys-des-banques-mp-info-mpi-classes-par-annee\/session-2023-9\/\">[Lire la suite]<\/a><\/p>\n","protected":false},"author":16,"featured_media":0,"parent":11243,"menu_order":0,"comment_status":"closed","ping_status":"closed","template":"","meta":{"footnotes":""},"class_list":["post-11249","page","type-page","status-publish","hentry"],"_links":{"self":[{"href":"https:\/\/banques-ecoles.fr\/cms\/wp-json\/wp\/v2\/pages\/11249","targetHints":{"allow":["GET"]}}],"collection":[{"href":"https:\/\/banques-ecoles.fr\/cms\/wp-json\/wp\/v2\/pages"}],"about":[{"href":"https:\/\/banques-ecoles.fr\/cms\/wp-json\/wp\/v2\/types\/page"}],"author":[{"embeddable":true,"href":"https:\/\/banques-ecoles.fr\/cms\/wp-json\/wp\/v2\/users\/16"}],"replies":[{"embeddable":true,"href":"https:\/\/banques-ecoles.fr\/cms\/wp-json\/wp\/v2\/comments?post=11249"}],"version-history":[{"count":31,"href":"https:\/\/banques-ecoles.fr\/cms\/wp-json\/wp\/v2\/pages\/11249\/revisions"}],"predecessor-version":[{"id":12052,"href":"https:\/\/banques-ecoles.fr\/cms\/wp-json\/wp\/v2\/pages\/11249\/revisions\/12052"}],"up":[{"embeddable":true,"href":"https:\/\/banques-ecoles.fr\/cms\/wp-json\/wp\/v2\/pages\/11243"}],"wp:attachment":[{"href":"https:\/\/banques-ecoles.fr\/cms\/wp-json\/wp\/v2\/media?parent=11249"}],"curies":[{"name":"wp","href":"https:\/\/api.w.org\/{rel}","templated":true}]}}