{"id":1140,"date":"2013-02-26T15:33:44","date_gmt":"2013-02-26T14:33:44","guid":{"rendered":"http:\/\/banques-ecoles-dev.fr\/cms\/?page_id=1140"},"modified":"2024-06-03T15:01:52","modified_gmt":"2024-06-03T13:01:52","slug":"evenements-de-la-filiere-psi","status":"publish","type":"page","link":"https:\/\/banques-ecoles.fr\/cms\/filiere-psi\/evenements-de-la-filiere-psi\/","title":{"rendered":"\u00c9v\u00e9nements de la fili\u00e8re PSI"},"content":{"rendered":"<p><a href=\"https:\/\/www.billetweb.fr\/physique-ulm-psi\" target=\"_blank\" rel=\"noopener\">Assister aux \u00e9preuves orales de Physique Ulm PSI<\/a> (ENS, Campus de Montrouge)<\/p>\n","protected":false},"excerpt":{"rendered":"<p>Assister aux \u00e9preuves orales de Physique Ulm PSI (ENS, Campus de Montrouge)<\/p>\n","protected":false},"author":1,"featured_media":0,"parent":76,"menu_order":0,"comment_status":"closed","ping_status":"open","template":"","meta":{"footnotes":""},"class_list":["post-1140","page","type-page","status-publish","hentry"],"_links":{"self":[{"href":"https:\/\/banques-ecoles.fr\/cms\/wp-json\/wp\/v2\/pages\/1140","targetHints":{"allow":["GET"]}}],"collection":[{"href":"https:\/\/banques-ecoles.fr\/cms\/wp-json\/wp\/v2\/pages"}],"about":[{"href":"https:\/\/banques-ecoles.fr\/cms\/wp-json\/wp\/v2\/types\/page"}],"author":[{"embeddable":true,"href":"https:\/\/banques-ecoles.fr\/cms\/wp-json\/wp\/v2\/users\/1"}],"replies":[{"embeddable":true,"href":"https:\/\/banques-ecoles.fr\/cms\/wp-json\/wp\/v2\/comments?post=1140"}],"version-history":[{"count":4,"href":"https:\/\/banques-ecoles.fr\/cms\/wp-json\/wp\/v2\/pages\/1140\/revisions"}],"predecessor-version":[{"id":11920,"href":"https:\/\/banques-ecoles.fr\/cms\/wp-json\/wp\/v2\/pages\/1140\/revisions\/11920"}],"up":[{"embeddable":true,"href":"https:\/\/banques-ecoles.fr\/cms\/wp-json\/wp\/v2\/pages\/76"}],"wp:attachment":[{"href":"https:\/\/banques-ecoles.fr\/cms\/wp-json\/wp\/v2\/media?parent=1140"}],"curies":[{"name":"wp","href":"https:\/\/api.w.org\/{rel}","templated":true}]}}