{"id":1150,"date":"2013-02-26T15:39:55","date_gmt":"2013-02-26T14:39:55","guid":{"rendered":"http:\/\/banques-ecoles-dev.fr\/cms\/?page_id=1150"},"modified":"2025-02-20T16:39:51","modified_gmt":"2025-02-20T14:39:51","slug":"concours-des-filieres-lettres-des-differentes-ens","status":"publish","type":"page","link":"https:\/\/banques-ecoles.fr\/cms\/filiere-lettres-bel\/concours-des-filieres-lettres-des-differentes-ens\/","title":{"rendered":"Concours des fili\u00e8res lettres des diff\u00e9rentes ENS"},"content":{"rendered":"<p>Ce dossier contient toutes les informations relatives aux concours accessibles aux \u00e9tudiants de la fili\u00e8re Lettres.<\/p>\n<p><strong>\u00a0<\/strong><\/p>\n<table style=\"width: 444px;\" border=\"1\" cellspacing=\"1\" cellpadding=\"1\">\n<thead>\n<tr>\n<th style=\"width: 33%; padding: 10px;\" scope=\"col\">CLASSES PR\u00c9PARATOIRES<br \/>\nAUX GRANDES \u00c9COLES<\/th>\n<th style=\"width: 33%; padding: 10px;\" scope=\"col\">\u00c9COLES NORMALES SUP\u00c9RIEURES<\/th>\n<th style=\"width: 33%; padding: 10px;\" scope=\"col\">CONCOURS<\/th>\n<\/tr>\n<\/thead>\n<caption>FILI\u00c8RES LITT\u00c9RAIRES<\/caption>\n<tbody>\n<tr>\n<td>CPGE LITT\u00c9RAIRES<\/td>\n<td colspan=\"2\"><\/td>\n<\/tr>\n<tr>\n<td style=\"text-align: center;\">1\u00e8re sup\u00e9rieure\u00a0\u00a0 (Ulm)<\/td>\n<td style=\"text-align: center;\">ENS (Paris)<\/td>\n<td style=\"text-align: center;\">Groupe A\/L<\/td>\n<\/tr>\n<tr>\n<td style=\"text-align: center;\" rowspan=\"2\">\u00a01\u00e8re sup\u00e9rieure<\/td>\n<td style=\"text-align: center;\">ENS de Lyon<\/td>\n<td><a href=\"https:\/\/banques-ecoles.fr\/cms\/wp-content\/uploads\/2025\/02\/Plaquette_concours_2025_version_finale.pdf\">S\u00e9rie lettres et arts<br \/>\nS\u00e9rie langues vivantes<br \/>\nS\u00e9rie sciences humaines<\/a><\/td>\n<\/tr>\n<tr>\n<td style=\"text-align: center;\">\u00a0ENS de Cachan<\/td>\n<td>\u00a0Concours langue \u00e9trang\u00e8re : anglais<\/td>\n<\/tr>\n<\/tbody>\n<\/table>\n","protected":false},"excerpt":{"rendered":"<p>Ce dossier contient toutes les informations relatives aux concours accessibles aux \u00e9tudiants de la fili\u00e8re Lettres. \u00a0 CLASSES PR\u00c9PARATOIRES AUX GRANDES \u00c9COLES \u00c9COLES NORMALES SUP\u00c9RIEURES CONCOURS FILI\u00c8RES LITT\u00c9RAIRES CPGE LITT\u00c9RAIRES 1\u00e8re sup\u00e9rieure\u00a0\u00a0 (Ulm) ENS (Paris) Groupe A\/L \u00a01\u00e8re sup\u00e9rieure ENS <a href=\"https:\/\/banques-ecoles.fr\/cms\/filiere-lettres-bel\/concours-des-filieres-lettres-des-differentes-ens\/\">[Lire la suite]<\/a><\/p>\n","protected":false},"author":1,"featured_media":0,"parent":78,"menu_order":1,"comment_status":"closed","ping_status":"open","template":"","meta":{"footnotes":""},"class_list":["post-1150","page","type-page","status-publish","hentry"],"_links":{"self":[{"href":"https:\/\/banques-ecoles.fr\/cms\/wp-json\/wp\/v2\/pages\/1150","targetHints":{"allow":["GET"]}}],"collection":[{"href":"https:\/\/banques-ecoles.fr\/cms\/wp-json\/wp\/v2\/pages"}],"about":[{"href":"https:\/\/banques-ecoles.fr\/cms\/wp-json\/wp\/v2\/types\/page"}],"author":[{"embeddable":true,"href":"https:\/\/banques-ecoles.fr\/cms\/wp-json\/wp\/v2\/users\/1"}],"replies":[{"embeddable":true,"href":"https:\/\/banques-ecoles.fr\/cms\/wp-json\/wp\/v2\/comments?post=1150"}],"version-history":[{"count":7,"href":"https:\/\/banques-ecoles.fr\/cms\/wp-json\/wp\/v2\/pages\/1150\/revisions"}],"predecessor-version":[{"id":12626,"href":"https:\/\/banques-ecoles.fr\/cms\/wp-json\/wp\/v2\/pages\/1150\/revisions\/12626"}],"up":[{"embeddable":true,"href":"https:\/\/banques-ecoles.fr\/cms\/wp-json\/wp\/v2\/pages\/78"}],"wp:attachment":[{"href":"https:\/\/banques-ecoles.fr\/cms\/wp-json\/wp\/v2\/media?parent=1150"}],"curies":[{"name":"wp","href":"https:\/\/api.w.org\/{rel}","templated":true}]}}