{"id":1172,"date":"2013-02-27T09:15:57","date_gmt":"2013-02-27T08:15:57","guid":{"rendered":"http:\/\/banques-ecoles-dev.fr\/cms\/?page_id=1172"},"modified":"2014-06-19T13:41:30","modified_gmt":"2014-06-19T11:41:30","slug":"concours-de-la-filiere-sciences-sociales","status":"publish","type":"page","link":"https:\/\/banques-ecoles.fr\/cms\/filiere-sciences-sociales\/concours-de-la-filiere-sciences-sociales\/","title":{"rendered":"Concours de la fili\u00e8re Sciences sociales"},"content":{"rendered":"<p>Informations relatives aux concours accessibles aux \u00e9tudiants de la fili\u00e8re sciences sociales.<\/p>\n<p><strong>\u00a0<\/strong><\/p>\n<table style=\"width: 444px;\" border=\"1\" cellspacing=\"1\" cellpadding=\"1\">\n<thead>\n<tr>\n<th scope=\"col\">CLASSES PR\u00c9PARATOIRES<br \/>\nAUX GRANDES \u00c9COLES<\/th>\n<th scope=\"col\">\u00c9COLES NORMALES SUP\u00c9RIEURES<\/th>\n<th scope=\"col\">CONCOURS<\/th>\n<\/tr>\n<\/thead>\n<caption>FILI\u00c8RE \u00c9CONOMIQUES ET SOCIALES<\/caption>\n<tbody>\n<tr>\n<td>CPGE LITT\u00c9RAIRES<\/td>\n<td colspan=\"2\"><\/td>\n<\/tr>\n<tr>\n<td style=\"text-align: center;\" rowspan=\"3\">\u00a01\u00e8re sup\u00e9rieure<br \/>\nLettres et sciences sociales<\/td>\n<td style=\"text-align: center;\">\u00a0ENS (Paris)<\/td>\n<td>\u00a0Concours B\/L<\/td>\n<\/tr>\n<tr>\n<td style=\"text-align: center;\">ENS de CachanENSAEENSAI<\/p>\n<p>INSEE<\/td>\n<td>Concours\u00a0sciences socialesOption \u00e9conomie et sciences socialesAdministrateur &#8211; concours externe<\/td>\n<\/tr>\n<tr>\n<td style=\"text-align: center;\">\u00a0ENS de Lyon<\/td>\n<td>S\u00e9rie sciences \u00e9conomiques et sociales<\/td>\n<\/tr>\n<\/tbody>\n<\/table>\n<p>&nbsp;<\/p>\n<p>&nbsp;<\/p>\n","protected":false},"excerpt":{"rendered":"<p>Informations relatives aux concours accessibles aux \u00e9tudiants de la fili\u00e8re sciences sociales. \u00a0 CLASSES PR\u00c9PARATOIRES AUX GRANDES \u00c9COLES \u00c9COLES NORMALES SUP\u00c9RIEURES CONCOURS FILI\u00c8RE \u00c9CONOMIQUES ET SOCIALES CPGE LITT\u00c9RAIRES \u00a01\u00e8re sup\u00e9rieure Lettres et sciences sociales \u00a0ENS (Paris) \u00a0Concours B\/L ENS de <a href=\"https:\/\/banques-ecoles.fr\/cms\/filiere-sciences-sociales\/concours-de-la-filiere-sciences-sociales\/\">[Lire la suite]<\/a><\/p>\n","protected":false},"author":1,"featured_media":0,"parent":80,"menu_order":1,"comment_status":"closed","ping_status":"open","template":"","meta":{"footnotes":""},"class_list":["post-1172","page","type-page","status-publish","hentry"],"_links":{"self":[{"href":"https:\/\/banques-ecoles.fr\/cms\/wp-json\/wp\/v2\/pages\/1172","targetHints":{"allow":["GET"]}}],"collection":[{"href":"https:\/\/banques-ecoles.fr\/cms\/wp-json\/wp\/v2\/pages"}],"about":[{"href":"https:\/\/banques-ecoles.fr\/cms\/wp-json\/wp\/v2\/types\/page"}],"author":[{"embeddable":true,"href":"https:\/\/banques-ecoles.fr\/cms\/wp-json\/wp\/v2\/users\/1"}],"replies":[{"embeddable":true,"href":"https:\/\/banques-ecoles.fr\/cms\/wp-json\/wp\/v2\/comments?post=1172"}],"version-history":[{"count":9,"href":"https:\/\/banques-ecoles.fr\/cms\/wp-json\/wp\/v2\/pages\/1172\/revisions"}],"predecessor-version":[{"id":3272,"href":"https:\/\/banques-ecoles.fr\/cms\/wp-json\/wp\/v2\/pages\/1172\/revisions\/3272"}],"up":[{"embeddable":true,"href":"https:\/\/banques-ecoles.fr\/cms\/wp-json\/wp\/v2\/pages\/80"}],"wp:attachment":[{"href":"https:\/\/banques-ecoles.fr\/cms\/wp-json\/wp\/v2\/media?parent=1172"}],"curies":[{"name":"wp","href":"https:\/\/api.w.org\/{rel}","templated":true}]}}