{"id":1185,"date":"2013-02-27T09:44:13","date_gmt":"2013-02-27T08:44:13","guid":{"rendered":"http:\/\/banques-ecoles-dev.fr\/cms\/?page_id=1185"},"modified":"2016-04-22T18:25:23","modified_gmt":"2016-04-22T16:25:23","slug":"annales-du-second-concours-de-lens-paris","status":"publish","type":"page","link":"https:\/\/banques-ecoles.fr\/cms\/filieres-universitaires-second-concours-scientifique\/annales-du-second-concours-de-lens-paris\/","title":{"rendered":"Annales du second concours de l&rsquo;ENS Paris"},"content":{"rendered":"<p>Sujets des \u00e9preuves \u00e9crites du concours des fili\u00e8res m\u00e9dicale et pharmaceutique de l&rsquo;ENS Paris, depuis la session 2007.<\/p>\n<p>&nbsp;<\/p>\n<p><a href=\"https:\/\/banques-ecoles.fr\/cms\/filieres-universitaires-second-concours-scientifique\/annales-du-second-concours-de-lens-paris\/session-2016\/\">Session 2016<\/a><\/p>\n<p><a href=\"https:\/\/banques-ecoles.fr\/cms\/filieres-universitaires-second-concours-scientifique\/annales-du-second-concours-de-lens-paris\/session-2015\/\">Session 2015<\/a><\/p>\n<p><a href=\"https:\/\/banques-ecoles.fr\/cms\/filieres-universitaires-second-concours-scientifique\/annales-du-second-concours-de-lens-paris\/session-2014\/\">Session 2014<\/a><\/p>\n<p><a href=\"https:\/\/banques-ecoles.fr\/cms\/filieres-universitaires-second-concours-scientifique\/annales-du-second-concours-de-lens-paris\/session-2013\/\">Session 2013<\/a><\/p>\n<p><a href=\"\/cms\/filieres-universitaires-second-concours-scientifique\/annales-du-second-concours-de-lens-paris\/session-2012\">Session 2012<\/a><\/p>\n<p><a href=\"\/cms\/filieres-universitaires-second-concours-scientifique\/annales-du-second-concours-de-lens-paris\/session-2009\">Session 2009<\/a><\/p>\n<p><a href=\"\/cms\/filieres-universitaires-second-concours-scientifique\/annales-du-second-concours-de-lens-paris\/session-2008\">Session 2008<\/a><\/p>\n<p><a href=\"\/cms\/filieres-universitaires-second-concours-scientifique\/annales-du-second-concours-de-lens-paris\/session-2007\">Session 2007<\/a><\/p>\n","protected":false},"excerpt":{"rendered":"<p>Sujets des \u00e9preuves \u00e9crites du concours des fili\u00e8res m\u00e9dicale et pharmaceutique de l&rsquo;ENS Paris, depuis la session 2007. &nbsp; Session 2016 Session 2015 Session 2014 Session 2013 Session 2012 Session 2009 Session 2008 Session 2007<\/p>\n","protected":false},"author":1,"featured_media":0,"parent":82,"menu_order":2,"comment_status":"closed","ping_status":"open","template":"","meta":{"footnotes":""},"class_list":["post-1185","page","type-page","status-publish","hentry"],"_links":{"self":[{"href":"https:\/\/banques-ecoles.fr\/cms\/wp-json\/wp\/v2\/pages\/1185","targetHints":{"allow":["GET"]}}],"collection":[{"href":"https:\/\/banques-ecoles.fr\/cms\/wp-json\/wp\/v2\/pages"}],"about":[{"href":"https:\/\/banques-ecoles.fr\/cms\/wp-json\/wp\/v2\/types\/page"}],"author":[{"embeddable":true,"href":"https:\/\/banques-ecoles.fr\/cms\/wp-json\/wp\/v2\/users\/1"}],"replies":[{"embeddable":true,"href":"https:\/\/banques-ecoles.fr\/cms\/wp-json\/wp\/v2\/comments?post=1185"}],"version-history":[{"count":15,"href":"https:\/\/banques-ecoles.fr\/cms\/wp-json\/wp\/v2\/pages\/1185\/revisions"}],"predecessor-version":[{"id":4887,"href":"https:\/\/banques-ecoles.fr\/cms\/wp-json\/wp\/v2\/pages\/1185\/revisions\/4887"}],"up":[{"embeddable":true,"href":"https:\/\/banques-ecoles.fr\/cms\/wp-json\/wp\/v2\/pages\/82"}],"wp:attachment":[{"href":"https:\/\/banques-ecoles.fr\/cms\/wp-json\/wp\/v2\/media?parent=1185"}],"curies":[{"name":"wp","href":"https:\/\/api.w.org\/{rel}","templated":true}]}}