{"id":1187,"date":"2013-02-27T09:44:28","date_gmt":"2013-02-27T08:44:28","guid":{"rendered":"http:\/\/banques-ecoles-dev.fr\/cms\/?page_id=1187"},"modified":"2025-07-21T18:04:44","modified_gmt":"2025-07-21T16:04:44","slug":"rapports-des-jurys-du-second-concours-de-lens-de-lyon","status":"publish","type":"page","link":"https:\/\/banques-ecoles.fr\/cms\/filieres-universitaires-second-concours-scientifique\/rapports-des-jurys-du-second-concours-de-lens-de-lyon\/","title":{"rendered":"Rapports des jurys du second concours de l&rsquo;ENS de Lyon"},"content":{"rendered":"<p>Rapports des jurys du concours des fili\u00e8res universitaires, \u00e9preuves orales de 2003 \u00e0 2006, \u00e9preuves \u00e9crites et orales \u00e0 partir de la session 2007.<\/p>\n<p><a href=\"https:\/\/banques-ecoles.fr\/cms\/filieres-universitaires-second-concours-scientifique\/rapports-des-jurys-du-second-concours-de-lens-de-lyon\/session-2025\/\">Session 2025<\/a><\/p>\n<p><a href=\"http:\/\/banques-ecoles.fr\/cms\/filieres-universitaires-second-concours-scientifique\/rapports-des-jurys-du-second-concours-de-lens-de-lyon\/session-2024\/\">Session 2024<\/a><\/p>\n<p><a href=\"https:\/\/banques-ecoles.fr\/cms\/session-2023-5\/\" target=\"_blank\" rel=\"noopener\">Session 2023<\/a><\/p>\n<p><a href=\"https:\/\/banques-ecoles.fr\/cms\/session-2022-8\/\" target=\"_blank\" rel=\"noopener\">Session 2022<\/a><\/p>\n<p><a href=\"https:\/\/banques-ecoles.fr\/cms\/session-2021-6\/\" target=\"_blank\" rel=\"noopener\">Session 2021<\/a><\/p>\n<p><a href=\"https:\/\/banques-ecoles.fr\/cms\/filieres-universitaires-second-concours-scientifique\/rapports-des-jurys-du-second-concours-de-lens-de-lyon\/session-2020\/\" target=\"_blank\" rel=\"noopener noreferrer\">Session 2020<\/a><\/p>\n<p><a href=\"https:\/\/banques-ecoles.fr\/cms\/session-2019-5\/\" target=\"_blank\" rel=\"noopener noreferrer\">Session 2019<\/a><\/p>\n<p><a href=\"https:\/\/banques-ecoles.fr\/cms\/filieres-universitaires-second-concours-scientifique\/rapports-des-jurys-du-second-concours-de-lens-de-lyon\/session-2018\/\" target=\"_blank\" rel=\"noopener noreferrer\">Session 2018<\/a><\/p>\n<p><a href=\"https:\/\/banques-ecoles.fr\/cms\/filieres-universitaires-second-concours-scientifique\/rapports-des-jurys-du-second-concours-de-lens-de-lyon\/session-2017\/\">Session 2017<\/a><\/p>\n<p><a href=\"https:\/\/banques-ecoles.fr\/cms\/filieres-universitaires-second-concours-scientifique\/rapports-des-jurys-du-second-concours-de-lens-de-lyon\/session-2016\/\">Session 2016<\/a><\/p>\n<p><a href=\"https:\/\/banques-ecoles.fr\/cms\/filieres-universitaires-second-concours-scientifique\/rapports-des-jurys-du-second-concours-de-lens-de-lyon\/session-2015\/\">Session 2015<\/a><\/p>\n<p><a href=\"https:\/\/banques-ecoles.fr\/cms\/session-2014-2\/\">Session 2014<\/a><\/p>\n<p><a href=\"https:\/\/banques-ecoles.fr\/cms\/filieres-universitaires-second-concours-scientifique\/rapports-des-jurys-du-second-concours-de-lens-de-lyon\/session-2c\/\">Session 2013 <\/a><\/p>\n<p><a href=\"\/cms\/filieres-universitaires-second-concours-scientifique\/rapports-des-jurys-du-second-concours-de-lens-de-lyon\/session-2012\">Session 2012<\/a><\/p>\n<p><a href=\"\/cms\/filieres-universitaires-second-concours-scientifique\/rapports-des-jurys-du-second-concours-de-lens-de-lyon\/session-2011\">Session 2011<\/a><\/p>\n<p><a href=\"\/cms\/filieres-universitaires-second-concours-scientifique\/rapports-des-jurys-du-second-concours-de-lens-de-lyon\/session-2010\">Session 2010<\/a><\/p>\n<p><a href=\"\/cms\/filieres-universitaires-second-concours-scientifique\/rapports-des-jurys-du-second-concours-de-lens-de-lyon\/session-2009\">Session 2009<\/a><\/p>\n<p><a href=\"\/cms\/filieres-universitaires-second-concours-scientifique\/rapports-des-jurys-du-second-concours-de-lens-de-lyon\/session-2008\">Session 2008<\/a><\/p>\n<p><a href=\"\/cms\/filieres-universitaires-second-concours-scientifique\/rapports-des-jurys-du-second-concours-de-lens-de-lyon\/session-2007\">Session 2007<\/a><\/p>\n<p><a href=\"\/cms\/filieres-universitaires-second-concours-scientifique\/rapports-des-jurys-du-second-concours-de-lens-de-lyon\/session-2006\">Session 2006<\/a><\/p>\n<p><a href=\"\/cms\/filieres-universitaires-second-concours-scientifique\/rapports-des-jurys-du-second-concours-de-lens-de-lyon\/session-2005\">Session 2005<\/a><\/p>\n<p><a href=\"\/cms\/filieres-universitaires-second-concours-scientifique\/rapports-des-jurys-du-second-concours-de-lens-de-lyon\/session-2004\">Session 2004<\/a><\/p>\n<p><a href=\"\/cms\/filieres-universitaires-second-concours-scientifique\/rapports-des-jurys-du-second-concours-de-lens-de-lyon\/session-2003\">Session 2003<\/a><\/p>\n","protected":false},"excerpt":{"rendered":"<p>Rapports des jurys du concours des fili\u00e8res universitaires, \u00e9preuves orales de 2003 \u00e0 2006, \u00e9preuves \u00e9crites et orales \u00e0 partir de la session 2007. Session 2025 Session 2024 Session 2023 Session 2022 Session 2021 Session 2020 Session 2019 Session 2018 <a href=\"https:\/\/banques-ecoles.fr\/cms\/filieres-universitaires-second-concours-scientifique\/rapports-des-jurys-du-second-concours-de-lens-de-lyon\/\">[Lire la suite]<\/a><\/p>\n","protected":false},"author":1,"featured_media":0,"parent":82,"menu_order":4,"comment_status":"closed","ping_status":"open","template":"","meta":{"footnotes":""},"class_list":["post-1187","page","type-page","status-publish","hentry"],"_links":{"self":[{"href":"https:\/\/banques-ecoles.fr\/cms\/wp-json\/wp\/v2\/pages\/1187","targetHints":{"allow":["GET"]}}],"collection":[{"href":"https:\/\/banques-ecoles.fr\/cms\/wp-json\/wp\/v2\/pages"}],"about":[{"href":"https:\/\/banques-ecoles.fr\/cms\/wp-json\/wp\/v2\/types\/page"}],"author":[{"embeddable":true,"href":"https:\/\/banques-ecoles.fr\/cms\/wp-json\/wp\/v2\/users\/1"}],"replies":[{"embeddable":true,"href":"https:\/\/banques-ecoles.fr\/cms\/wp-json\/wp\/v2\/comments?post=1187"}],"version-history":[{"count":29,"href":"https:\/\/banques-ecoles.fr\/cms\/wp-json\/wp\/v2\/pages\/1187\/revisions"}],"predecessor-version":[{"id":12878,"href":"https:\/\/banques-ecoles.fr\/cms\/wp-json\/wp\/v2\/pages\/1187\/revisions\/12878"}],"up":[{"embeddable":true,"href":"https:\/\/banques-ecoles.fr\/cms\/wp-json\/wp\/v2\/pages\/82"}],"wp:attachment":[{"href":"https:\/\/banques-ecoles.fr\/cms\/wp-json\/wp\/v2\/media?parent=1187"}],"curies":[{"name":"wp","href":"https:\/\/api.w.org\/{rel}","templated":true}]}}