{"id":1188,"date":"2013-02-27T09:44:36","date_gmt":"2013-02-27T08:44:36","guid":{"rendered":"http:\/\/banques-ecoles-dev.fr\/cms\/?page_id=1188"},"modified":"2016-04-22T18:34:56","modified_gmt":"2016-04-22T16:34:56","slug":"rapports-des-jurys-du-second-concours-de-lens-paris","status":"publish","type":"page","link":"https:\/\/banques-ecoles.fr\/cms\/filieres-universitaires-second-concours-scientifique\/rapports-des-jurys-du-second-concours-de-lens-paris\/","title":{"rendered":"Rapports des jurys du second concours de l&rsquo;ENS Paris"},"content":{"rendered":"<p>Rapports des jurys du concours des fili\u00e8res universitaires de 2003 \u00e0 2006 (\u00e9preuves orales), m\u00e9dicale et pharmaceutique \u00e0 partir de la session 2007 (\u00e9preuves \u00e9crites et orales).<\/p>\n<p>&nbsp;<\/p>\n<p><a href=\"https:\/\/banques-ecoles.fr\/cms\/filieres-universitaires-second-concours-scientifique\/rapports-des-jurys-du-second-concours-de-lens-paris\/session-2016\/\">Session 2016<\/a><\/p>\n<p><a href=\"https:\/\/banques-ecoles.fr\/cms\/filieres-universitaires-second-concours-scientifique\/rapports-des-jurys-du-second-concours-de-lens-paris\/session-2015\/\">Session 2015<\/a><\/p>\n<p><a href=\"https:\/\/banques-ecoles.fr\/cms\/filieres-universitaires-second-concours-scientifique\/rapports-des-jurys-du-second-concours-de-lens-paris\/session-2014\/\">Session 2014<\/a><\/p>\n<p><a href=\"https:\/\/banques-ecoles.fr\/cms\/filieres-universitaires-second-concours-scientifique\/rapports-des-jurys-du-second-concours-de-lens-paris\/session-2013\/\">Session 2013<\/a><\/p>\n<p><a href=\"https:\/\/banques-ecoles.fr\/cms\/filieres-universitaires-second-concours-scientifique\/rapports-des-jurys-du-second-concours-de-lens-paris\/2655-2\/\">Session 2012<\/a><\/p>\n<p><a href=\"https:\/\/banques-ecoles.fr\/cms\/filieres-universitaires-second-concours-scientifique\/rapports-des-jurys-du-second-concours-de-lens-paris\/session-2011\/\">Session 2011<\/a><\/p>\n<p><a href=\"\/cms\/filieres-universitaires-second-concours-scientifique\/rapports-des-jurys-du-second-concours-de-lens-paris\/session-2010\">Session 2010<\/a><\/p>\n<p><a href=\"\/cms\/filieres-universitaires-second-concours-scientifique\/rapports-des-jurys-du-second-concours-de-lens-paris\/session-2009\">Session 2009<\/a><\/p>\n<p><a href=\"\/cms\/filieres-universitaires-second-concours-scientifique\/rapports-des-jurys-du-second-concours-de-lens-paris\/session-2008\">Session 2008<\/a><\/p>\n<p><a href=\"\/cms\/filieres-universitaires-second-concours-scientifique\/rapports-des-jurys-du-second-concours-de-lens-paris\/session-2007\">Session 2007<\/a><\/p>\n<p><a href=\"\/cms\/filieres-universitaires-second-concours-scientifique\/rapports-des-jurys-du-second-concours-de-lens-paris\/session-2006\">Session 2006<\/a><\/p>\n<p><a href=\"\/cms\/filieres-universitaires-second-concours-scientifique\/rapports-des-jurys-du-second-concours-de-lens-paris\/session-2005\">Session 2005<\/a><\/p>\n<p><a href=\"\/cms\/filieres-universitaires-second-concours-scientifique\/rapports-des-jurys-du-second-concours-de-lens-paris\/session-2004\">Session 2004<\/a><\/p>\n<p><a href=\"\/cms\/filieres-universitaires-second-concours-scientifique\/rapports-des-jurys-du-second-concours-de-lens-paris\/session-2003\">Session 2003<\/a><\/p>\n","protected":false},"excerpt":{"rendered":"<p>Rapports des jurys du concours des fili\u00e8res universitaires de 2003 \u00e0 2006 (\u00e9preuves orales), m\u00e9dicale et pharmaceutique \u00e0 partir de la session 2007 (\u00e9preuves \u00e9crites et orales). &nbsp; Session 2016 Session 2015 Session 2014 Session 2013 Session 2012 Session 2011 <a href=\"https:\/\/banques-ecoles.fr\/cms\/filieres-universitaires-second-concours-scientifique\/rapports-des-jurys-du-second-concours-de-lens-paris\/\">[Lire la suite]<\/a><\/p>\n","protected":false},"author":1,"featured_media":0,"parent":82,"menu_order":5,"comment_status":"closed","ping_status":"open","template":"","meta":{"footnotes":""},"class_list":["post-1188","page","type-page","status-publish","hentry"],"_links":{"self":[{"href":"https:\/\/banques-ecoles.fr\/cms\/wp-json\/wp\/v2\/pages\/1188","targetHints":{"allow":["GET"]}}],"collection":[{"href":"https:\/\/banques-ecoles.fr\/cms\/wp-json\/wp\/v2\/pages"}],"about":[{"href":"https:\/\/banques-ecoles.fr\/cms\/wp-json\/wp\/v2\/types\/page"}],"author":[{"embeddable":true,"href":"https:\/\/banques-ecoles.fr\/cms\/wp-json\/wp\/v2\/users\/1"}],"replies":[{"embeddable":true,"href":"https:\/\/banques-ecoles.fr\/cms\/wp-json\/wp\/v2\/comments?post=1188"}],"version-history":[{"count":11,"href":"https:\/\/banques-ecoles.fr\/cms\/wp-json\/wp\/v2\/pages\/1188\/revisions"}],"predecessor-version":[{"id":4897,"href":"https:\/\/banques-ecoles.fr\/cms\/wp-json\/wp\/v2\/pages\/1188\/revisions\/4897"}],"up":[{"embeddable":true,"href":"https:\/\/banques-ecoles.fr\/cms\/wp-json\/wp\/v2\/pages\/82"}],"wp:attachment":[{"href":"https:\/\/banques-ecoles.fr\/cms\/wp-json\/wp\/v2\/media?parent=1188"}],"curies":[{"name":"wp","href":"https:\/\/api.w.org\/{rel}","templated":true}]}}