{"id":1189,"date":"2013-02-27T09:44:44","date_gmt":"2013-02-27T08:44:44","guid":{"rendered":"http:\/\/banques-ecoles-dev.fr\/cms\/?page_id=1189"},"modified":"2015-10-05T17:53:18","modified_gmt":"2015-10-05T15:53:18","slug":"rapports-des-presidents-et-vice-presidents","status":"publish","type":"page","link":"https:\/\/banques-ecoles.fr\/cms\/filieres-universitaires-second-concours-scientifique\/rapports-des-presidents-et-vice-presidents\/","title":{"rendered":"Rapports des pr\u00e9sidents et vice-pr\u00e9sidents"},"content":{"rendered":"<p>Rapports des pr\u00e9sidents et vice-pr\u00e9sidents des jurys pour les fili\u00e8res universitaires (seconds concours).<\/p>\n<p>&nbsp;<\/p>\n<p><a href=\"https:\/\/banques-ecoles.fr\/cms\/wp-content\/uploads\/2015\/10\/15_2clyon_rap_gene.pdf\">Rapport de vice-pr\u00e9sidence ENS de Lyon &#8211; Session 2015<\/a><\/p>\n<p><a href=\"https:\/\/banques-ecoles.fr\/cms\/wp-content\/uploads\/2014\/10\/14_2clyon_rap_gene_vp.pdf\">Rapport de vice-pr\u00e9sidence ENS de Lyon &#8211; Session 2014<\/a><\/p>\n<p><a href=\"\/cms\/wp-content\/data\/filieres-universitaires\/rapports-des-presidents-et-vice-presidents\/rap_2c2012_general.pdf\">Rapport de vice-pr\u00e9sidence ENS de Lyon &#8211; Session 2012<\/a><\/p>\n<p><a href=\"\/cms\/wp-content\/data\/filieres-universitaires\/rapports-des-presidents-et-vice-presidents\/dp06oct11_rapport_general_11.pdf\">Rapport de vice-pr\u00e9sidence ENS de Lyon &#8211; Session 2011<\/a><\/p>\n<p><a href=\"\/cms\/wp-content\/data\/filieres-universitaires\/rapports-des-presidents-et-vice-presidents\/rapport-2009-second-concours_president_lyon.pdf\">Rapport de vice-pr\u00e9sidence ENS de Lyon &#8211; Session 2009<\/a><\/p>\n<p><a href=\"\/cms\/wp-content\/data\/filieres-universitaires\/rapports-des-presidents-et-vice-presidents\/rapport_president_second_concours_lyon_2008.pdf\">Rapport de vice-pr\u00e9sidence ENS de Lyon &#8211; Session 2008<\/a><\/p>\n<p><a href=\"\/cms\/wp-content\/data\/filieres-universitaires\/rapports-des-presidents-et-vice-presidents\/rapport_president_second_concours_lyon_2007.pdf\">Rapport de vice-pr\u00e9sidence ENS de Lyon &#8211; Session 2007<\/a><\/p>\n<p><a href=\"\/cms\/wp-content\/data\/filieres-universitaires\/rapports-des-presidents-et-vice-presidents\/rapport_president_second_concours_paris_2007.pdf\">Rapport de vice-pr\u00e9sidence ENS de Paris &#8211; Session 2007<\/a><\/p>\n<p><a href=\"\/cms\/wp-content\/data\/filieres-universitaires\/rapports-des-presidents-et-vice-presidents\/rapport_president_second_concours_lyon_2006.pdf\">Rapport de vice-pr\u00e9sidence ENS de Lyon &#8211; Session 2006<\/a><\/p>\n<p><a href=\"\/cms\/wp-content\/data\/filieres-universitaires\/rapports-des-presidents-et-vice-presidents\/rapport_president_second_concours_paris_2006.pdf\">Rapport de vice-pr\u00e9sidence ENS de Paris &#8211; Session 2006<\/a><\/p>\n","protected":false},"excerpt":{"rendered":"<p>Rapports des pr\u00e9sidents et vice-pr\u00e9sidents des jurys pour les fili\u00e8res universitaires (seconds concours). &nbsp; Rapport de vice-pr\u00e9sidence ENS de Lyon &#8211; Session 2015 Rapport de vice-pr\u00e9sidence ENS de Lyon &#8211; Session 2014 Rapport de vice-pr\u00e9sidence ENS de Lyon &#8211; Session <a href=\"https:\/\/banques-ecoles.fr\/cms\/filieres-universitaires-second-concours-scientifique\/rapports-des-presidents-et-vice-presidents\/\">[Lire la suite]<\/a><\/p>\n","protected":false},"author":1,"featured_media":0,"parent":82,"menu_order":6,"comment_status":"closed","ping_status":"open","template":"","meta":{"footnotes":""},"class_list":["post-1189","page","type-page","status-publish","hentry"],"_links":{"self":[{"href":"https:\/\/banques-ecoles.fr\/cms\/wp-json\/wp\/v2\/pages\/1189","targetHints":{"allow":["GET"]}}],"collection":[{"href":"https:\/\/banques-ecoles.fr\/cms\/wp-json\/wp\/v2\/pages"}],"about":[{"href":"https:\/\/banques-ecoles.fr\/cms\/wp-json\/wp\/v2\/types\/page"}],"author":[{"embeddable":true,"href":"https:\/\/banques-ecoles.fr\/cms\/wp-json\/wp\/v2\/users\/1"}],"replies":[{"embeddable":true,"href":"https:\/\/banques-ecoles.fr\/cms\/wp-json\/wp\/v2\/comments?post=1189"}],"version-history":[{"count":7,"href":"https:\/\/banques-ecoles.fr\/cms\/wp-json\/wp\/v2\/pages\/1189\/revisions"}],"predecessor-version":[{"id":4515,"href":"https:\/\/banques-ecoles.fr\/cms\/wp-json\/wp\/v2\/pages\/1189\/revisions\/4515"}],"up":[{"embeddable":true,"href":"https:\/\/banques-ecoles.fr\/cms\/wp-json\/wp\/v2\/pages\/82"}],"wp:attachment":[{"href":"https:\/\/banques-ecoles.fr\/cms\/wp-json\/wp\/v2\/media?parent=1189"}],"curies":[{"name":"wp","href":"https:\/\/api.w.org\/{rel}","templated":true}]}}