{"id":1199,"date":"2013-02-27T09:51:11","date_gmt":"2013-02-27T08:51:11","guid":{"rendered":"http:\/\/banques-ecoles-dev.fr\/cms\/?page_id=1199"},"modified":"2013-02-27T09:51:46","modified_gmt":"2013-02-27T08:51:46","slug":"le-second-concours-dadmission-de-lens-paris","status":"publish","type":"page","link":"https:\/\/banques-ecoles.fr\/cms\/filieres-universitaires-second-concours-scientifique\/le-second-concours-dadmission-de-lens-paris\/","title":{"rendered":"Le second concours d&rsquo;admission de l&rsquo;ENS (Paris)"},"content":{"rendered":"<p>Ce document d\u00e9crit l&rsquo;organisation du second concours d&rsquo;admission de l&rsquo;ENS (Paris), ouvert aux \u00e9tudiants de premier cycle des universit\u00e9s m\u00e9dicales et pharmaceutiques. Il pr\u00e9cise notamment la nature des \u00e9preuves et leurs programmes.<\/p>\n<p>&nbsp;<\/p>\n<p><a class=\"external-link\" href=\"http:\/\/www.ens.fr\/spip.php?rubrique120\">Lien vers la page d\u00e9di\u00e9e au second concours de l&rsquo;ENS (Paris)<\/a>.<\/p>\n<p>&nbsp;<\/p>\n<h3>Composition et options<\/h3>\n<p>Le second concours d&rsquo;admission de l&rsquo;ENS (Paris) comporte deux \u00e9preuves \u00e9crites et quatre \u00e9preuves orales.<\/p>\n<table style=\"width: 500px;\">\n<tbody>\n<tr>\n<td>\u00c9preuves<\/td>\n<td style=\"text-align: center;\">Coefficients<\/td>\n<\/tr>\n<tr>\n<td style=\"text-align: center;\" colspan=\"2\">\u00c9preuves \u00e9crites d&rsquo;admissibilit\u00e9<\/td>\n<\/tr>\n<tr>\n<td>\n<div>Physique-math\u00e9matiques<\/div>\n<div>ou<\/div>\n<div>Chimie-physique<\/div>\n<\/td>\n<td style=\"text-align: center;\">8<\/td>\n<\/tr>\n<tr>\n<td>Biologie-biochimie<\/td>\n<td style=\"text-align: center;\">12<\/td>\n<\/tr>\n<tr>\n<td style=\"text-align: center;\" colspan=\"2\">\u00c9preuves pratiques et orales d&rsquo;admission<\/td>\n<\/tr>\n<tr>\n<td>Chimie<\/td>\n<td style=\"text-align: center;\">15<\/td>\n<\/tr>\n<tr>\n<td>Physique<\/td>\n<td style=\"text-align: center;\">15<\/td>\n<\/tr>\n<tr>\n<td>Biologie-biochimie (\u00e9preuve orale et \u00e9preuve pratique)<\/td>\n<td style=\"text-align: center;\">30<\/td>\n<\/tr>\n<tr>\n<td>Langue vivante \u00e9trang\u00e8re<\/td>\n<td style=\"text-align: center;\">5<\/td>\n<\/tr>\n<\/tbody>\n<\/table>\n<p>La dur\u00e9e de chacune des \u00e9preuves \u00e9crites est de 4 heures.<br \/>\nLe temps de pr\u00e9paration et la dur\u00e9e des \u00e9preuves orales est d\u00e9finie \u00e0 chaque session par le jury.<\/p>\n<p>Au moment de l&rsquo;inscription, le candidat choisit une option (physique-math\u00e9matiques ou physique-chimie), l&rsquo;\u00e9preuve de biologie-biochimie \u00e9tant commune \u00e0 tous les candidats.<\/p>\n<p>L&rsquo;interrogation de langue vivante \u00e9trang\u00e8re porte sur l&rsquo;une des langues \u00e9trang\u00e8res suivantes (au choix du candidat) :<\/p>\n<ul>\n<li>allemand<\/li>\n<li>anglais<\/li>\n<li>espagnol<\/li>\n<\/ul>\n<p>&nbsp;<\/p>\n<h3>Programmes<\/h3>\n<p>Le programme des \u00e9preuves de physique-math\u00e9matiques et de physique-chimie est celui des terminales scientifiques.<\/p>\n<p>Le programme de l&rsquo;\u00e9preuve de biologie-biochimie correspond \u00e0 la partie I du programme de sciences de la vie 1\u00e8re et 2\u00e8me ann\u00e9e des CPGE, fili\u00e8re BCPST, en vigueur l\u2019ann\u00e9e du concours (disponible sur ce site dans la rubrique Fili\u00e8re BCPST).<\/p>\n<p>Le programme des \u00e9preuves orales correspond au cursus du candidat qui remet aux examinateurs, au moment des \u00e9preuves, la liste des mati\u00e8res trait\u00e9es, vis\u00e9e par les autorit\u00e9s administratives de son universit\u00e9.<\/p>\n","protected":false},"excerpt":{"rendered":"<p>Ce document d\u00e9crit l&rsquo;organisation du second concours d&rsquo;admission de l&rsquo;ENS (Paris), ouvert aux \u00e9tudiants de premier cycle des universit\u00e9s m\u00e9dicales et pharmaceutiques. Il pr\u00e9cise notamment la nature des \u00e9preuves et leurs programmes. &nbsp; Lien vers la page d\u00e9di\u00e9e au second <a href=\"https:\/\/banques-ecoles.fr\/cms\/filieres-universitaires-second-concours-scientifique\/le-second-concours-dadmission-de-lens-paris\/\">[Lire la suite]<\/a><\/p>\n","protected":false},"author":1,"featured_media":0,"parent":82,"menu_order":7,"comment_status":"closed","ping_status":"open","template":"","meta":{"footnotes":""},"class_list":["post-1199","page","type-page","status-publish","hentry"],"_links":{"self":[{"href":"https:\/\/banques-ecoles.fr\/cms\/wp-json\/wp\/v2\/pages\/1199","targetHints":{"allow":["GET"]}}],"collection":[{"href":"https:\/\/banques-ecoles.fr\/cms\/wp-json\/wp\/v2\/pages"}],"about":[{"href":"https:\/\/banques-ecoles.fr\/cms\/wp-json\/wp\/v2\/types\/page"}],"author":[{"embeddable":true,"href":"https:\/\/banques-ecoles.fr\/cms\/wp-json\/wp\/v2\/users\/1"}],"replies":[{"embeddable":true,"href":"https:\/\/banques-ecoles.fr\/cms\/wp-json\/wp\/v2\/comments?post=1199"}],"version-history":[{"count":3,"href":"https:\/\/banques-ecoles.fr\/cms\/wp-json\/wp\/v2\/pages\/1199\/revisions"}],"predecessor-version":[{"id":1204,"href":"https:\/\/banques-ecoles.fr\/cms\/wp-json\/wp\/v2\/pages\/1199\/revisions\/1204"}],"up":[{"embeddable":true,"href":"https:\/\/banques-ecoles.fr\/cms\/wp-json\/wp\/v2\/pages\/82"}],"wp:attachment":[{"href":"https:\/\/banques-ecoles.fr\/cms\/wp-json\/wp\/v2\/media?parent=1199"}],"curies":[{"name":"wp","href":"https:\/\/api.w.org\/{rel}","templated":true}]}}