{"id":12006,"date":"2024-07-11T20:35:17","date_gmt":"2024-07-11T18:35:17","guid":{"rendered":"https:\/\/banques-ecoles.fr\/cms\/?page_id=12006"},"modified":"2025-07-21T12:08:10","modified_gmt":"2025-07-21T10:08:10","slug":"session-2024-2","status":"publish","type":"page","link":"https:\/\/banques-ecoles.fr\/cms\/filiere-pc\/rapports-des-jurys-de-la-banque-pc\/session-2024-2\/","title":{"rendered":"Session 2024"},"content":{"rendered":"\n\n\n<p><strong>Rapports sur les \u00e9preuves de la banque PC 2024 :<\/strong><\/p>\n<p>\u00a0<\/p>\n<p><a href=\"https:\/\/banques-ecoles.fr\/cms\/wp-content\/uploads\/2024\/10\/24_pc_rap_ePhyA.pdf\" target=\"_blank\" rel=\"noopener\">\u00c9preuve \u00e9crite de physique A \u2013 XE<\/a><\/p>\n<p><a href=\"https:\/\/banques-ecoles.fr\/cms\/wp-content\/uploads\/2024\/08\/24_pc_rap_ePhyB.pdf\" target=\"_blank\" rel=\"noopener\">\u00c9preuve \u00e9crite de physique B \u2013 XEULS<\/a><\/p>\n<p><a href=\"https:\/\/banques-ecoles.fr\/cms\/wp-content\/uploads\/2024\/10\/24_pc_rap_ePhyC.pdf\" target=\"_blank\" rel=\"noopener\">\u00c9preuve \u00e9crite de physique C \u2013 U<\/a><\/p>\n<p><a href=\"https:\/\/banques-ecoles.fr\/cms\/wp-content\/uploads\/2024\/07\/24_pc_rap_phychi_lyon.pdf\" target=\"_blank\" rel=\"noopener\">\u00c9preuve \u00e9crite de physique-chimie \u2013 L<\/a><\/p>\n<p><a href=\"https:\/\/banques-ecoles.fr\/cms\/wp-content\/uploads\/2025\/01\/24_pc_rap_eChiA.pdf\" target=\"_blank\" rel=\"noopener\">\u00c9preuve \u00e9crite de chimie A \u2013 XEULS<\/a><\/p>\n<p><a href=\"https:\/\/banques-ecoles.fr\/cms\/wp-content\/uploads\/2024\/08\/24_pc_rap_eChiB.pdf\" target=\"_blank\" rel=\"noopener\">\u00c9preuve \u00e9crite de chimie B \u2013 U<\/a><\/p>\n<p><a href=\"https:\/\/banques-ecoles.fr\/cms\/wp-content\/uploads\/2024\/11\/24_pc_rap_eMath.pdf\" target=\"_blank\" rel=\"noopener\">\u00c9preuve \u00e9crite de math\u00e9matiques \u2013 XEULS<\/a><\/p>\n<p><a href=\"https:\/\/banques-ecoles.fr\/cms\/wp-content\/uploads\/2025\/01\/24_pc_rap_eInfoB.pdf.pdf\" target=\"_blank\" rel=\"noopener\">\u00c9preuve \u00e9crite d\u2019info B 2h \u2013 XELS<\/a><\/p>\n<p><a href=\"https:\/\/banques-ecoles.fr\/cms\/wp-content\/uploads\/2024\/10\/24_mp_pc_rap_eFra.pdf\" target=\"_blank\" rel=\"noopener\">\u00c9preuve \u00e9crite de fran\u00e7ais \u2013 4h \u2013 XEULS<\/a><\/p>\n<p>\u00a0<\/p>\n<p><em>\u00c9preuve \u00e9crite \u00e9crite de LV \u2013 4h \u2013 XEULS :<\/em><\/p>\n<ul>\n<li><a href=\"https:\/\/banques-ecoles.fr\/cms\/wp-content\/uploads\/2024\/10\/24_mp_pc_rap_eAng.pdf\" target=\"_blank\" rel=\"noopener\">anglais<\/a><\/li>\n<li><a href=\"https:\/\/banques-ecoles.fr\/cms\/wp-content\/uploads\/2024\/10\/24_mp_pc_rap_eAll.pdf\" target=\"_blank\" rel=\"noopener\">allemand<\/a><\/li>\n<li><a href=\"https:\/\/banques-ecoles.fr\/cms\/wp-content\/uploads\/2024\/11\/24_mp_pc_rap_eArabe.pdf\" target=\"_blank\" rel=\"noopener\">arabe<\/a><\/li>\n<li><a href=\"https:\/\/banques-ecoles.fr\/cms\/wp-content\/uploads\/2024\/08\/24_mp_pc_rap_eEsp.pdf\" target=\"_blank\" rel=\"noopener\">espagnol<\/a><\/li>\n<\/ul>\n<p><a href=\"https:\/\/banques-ecoles.fr\/cms\/wp-content\/uploads\/2024\/07\/24_pc_rap_ophy_ls.pdf\" target=\"_blank\" rel=\"noopener\">\u00c9preuve orale de physique \u2013 LS<\/a><\/p>\n<p><a href=\"https:\/\/banques-ecoles.fr\/cms\/wp-content\/uploads\/2024\/11\/24_pc_rap_oPhyU.pdf\" target=\"_blank\" rel=\"noopener\">\u00c9preuve orale de physique \u2013 U<\/a><\/p>\n<p><a href=\"https:\/\/banques-ecoles.fr\/cms\/wp-content\/uploads\/2024\/11\/24_pc_rap_oChiLS.pdf\" target=\"_blank\" rel=\"noopener\">\u00c9preuve orale de chimie \u2013 LS<\/a><\/p>\n<p><a href=\"https:\/\/banques-ecoles.fr\/cms\/wp-content\/uploads\/2024\/08\/24_pc_rap_oChiU.pdf\" target=\"_blank\" rel=\"noopener\">\u00c9preuve orale de chimie \u2013 U<\/a><\/p>\n<p><a href=\"https:\/\/banques-ecoles.fr\/cms\/wp-content\/uploads\/2024\/11\/24_pc_rap_oMathUL_V2.pdf\" target=\"_blank\" rel=\"noopener\">\u00c9preuve orale de math\u00e9matiques \u2013 UL<\/a><\/p>\n<p><a href=\"https:\/\/banques-ecoles.fr\/cms\/wp-content\/uploads\/2024\/08\/24_pc_rap_TPChi.pdf\" target=\"_blank\" rel=\"noopener\">\u00c9preuve de TP de chimie \u2013 ULS<\/a><\/p>\n<p><a href=\"https:\/\/banques-ecoles.fr\/cms\/wp-content\/uploads\/2024\/10\/24_pc_rap_TPPhy.pdf\" target=\"_blank\" rel=\"noopener\">\u00c9preuve de TP de physique \u2013 ULS<\/a><\/p>\n<p><a href=\"https:\/\/banques-ecoles.fr\/cms\/wp-content\/uploads\/2024\/09\/24_pc_rap_tipe.pdf\" target=\"_blank\" rel=\"noopener\">\u00c9preuve de TIPE physique-chimie \u2013 ULS<\/a><\/p>\n<p>\u00a0<\/p>\n<p><em>\u00c9preuve orale de LV \u2013 XEULS :<\/em><\/p>\n<ul>\n<li><a href=\"https:\/\/banques-ecoles.fr\/cms\/wp-content\/uploads\/2024\/11\/24_mp_pc_rap_oAll.pdf\" target=\"_blank\" rel=\"noopener\">allemand<\/a><\/li>\n<li><a href=\"https:\/\/banques-ecoles.fr\/cms\/wp-content\/uploads\/2024\/10\/24_mp_pc_rap_oAng.pdf\" target=\"_blank\" rel=\"noopener\">anglais<\/a><\/li>\n<li><a href=\"https:\/\/banques-ecoles.fr\/cms\/wp-content\/uploads\/2024\/11\/24_mp_pc_rap_oArabe.pdf\" target=\"_blank\" rel=\"noopener\">arabe<\/a><\/li>\n<li><a href=\"https:\/\/banques-ecoles.fr\/cms\/wp-content\/uploads\/2025\/01\/24_mp_pc_rap_oEsp.pdf\" target=\"_blank\" rel=\"noopener\">espagnol<\/a><\/li>\n<\/ul>\n","protected":false},"excerpt":{"rendered":"<p>Rapports sur les \u00e9preuves de la banque PC 2024 : \u00a0 \u00c9preuve \u00e9crite de physique A \u2013 XE \u00c9preuve \u00e9crite de physique B \u2013 XEULS \u00c9preuve \u00e9crite de physique C \u2013 U \u00c9preuve \u00e9crite de physique-chimie \u2013 L \u00c9preuve \u00e9crite <a href=\"https:\/\/banques-ecoles.fr\/cms\/filiere-pc\/rapports-des-jurys-de-la-banque-pc\/session-2024-2\/\">[Lire la suite]<\/a><\/p>\n","protected":false},"author":5,"featured_media":0,"parent":969,"menu_order":0,"comment_status":"closed","ping_status":"closed","template":"","meta":{"footnotes":""},"class_list":["post-12006","page","type-page","status-publish","hentry"],"_links":{"self":[{"href":"https:\/\/banques-ecoles.fr\/cms\/wp-json\/wp\/v2\/pages\/12006","targetHints":{"allow":["GET"]}}],"collection":[{"href":"https:\/\/banques-ecoles.fr\/cms\/wp-json\/wp\/v2\/pages"}],"about":[{"href":"https:\/\/banques-ecoles.fr\/cms\/wp-json\/wp\/v2\/types\/page"}],"author":[{"embeddable":true,"href":"https:\/\/banques-ecoles.fr\/cms\/wp-json\/wp\/v2\/users\/5"}],"replies":[{"embeddable":true,"href":"https:\/\/banques-ecoles.fr\/cms\/wp-json\/wp\/v2\/comments?post=12006"}],"version-history":[{"count":28,"href":"https:\/\/banques-ecoles.fr\/cms\/wp-json\/wp\/v2\/pages\/12006\/revisions"}],"predecessor-version":[{"id":12610,"href":"https:\/\/banques-ecoles.fr\/cms\/wp-json\/wp\/v2\/pages\/12006\/revisions\/12610"}],"up":[{"embeddable":true,"href":"https:\/\/banques-ecoles.fr\/cms\/wp-json\/wp\/v2\/pages\/969"}],"wp:attachment":[{"href":"https:\/\/banques-ecoles.fr\/cms\/wp-json\/wp\/v2\/media?parent=12006"}],"curies":[{"name":"wp","href":"https:\/\/api.w.org\/{rel}","templated":true}]}}