{"id":12055,"date":"2024-07-16T18:49:55","date_gmt":"2024-07-16T16:49:55","guid":{"rendered":"https:\/\/banques-ecoles.fr\/cms\/?page_id=12055"},"modified":"2025-07-21T12:10:01","modified_gmt":"2025-07-21T10:10:01","slug":"session-2024-6","status":"publish","type":"page","link":"https:\/\/banques-ecoles.fr\/cms\/filiere-mp\/rapports-des-jurys-des-banques-mp-info-mpi-classes-par-annee\/session-2024-6\/","title":{"rendered":"Session 2024"},"content":{"rendered":"\n\n\n<p><strong>Rapports des jurys des banques MP-Info-MPI 2024 :<\/strong><\/p>\n<p>\u00a0<\/p>\n<div>\n<p><a href=\"https:\/\/banques-ecoles.fr\/cms\/wp-content\/uploads\/2024\/08\/24_mp_rap_eMathA.pdf\" target=\"_blank\" rel=\"noopener\">\u00c9preuve \u00e9crite de math A<\/a><\/p>\n<p><a href=\"https:\/\/banques-ecoles.fr\/cms\/wp-content\/uploads\/2024\/11\/24_mp_rap_eMathB.pdf\" target=\"_blank\" rel=\"noopener\">\u00c9preuve \u00e9crite\u00a0de math B<\/a><\/p>\n<p><a href=\"https:\/\/banques-ecoles.fr\/cms\/wp-content\/uploads\/2024\/10\/24_mp_rap_eMathC.pdf\" target=\"_blank\" rel=\"noopener\">\u00c9preuve \u00e9crite de math C<\/a><\/p>\n<p><a href=\"https:\/\/banques-ecoles.fr\/cms\/wp-content\/uploads\/2024\/11\/24_mp_rap_eMathD.pdf\" target=\"_blank\" rel=\"noopener\">\u00c9preuve \u00e9crite de math D<\/a><\/p>\n<p><a href=\"https:\/\/banques-ecoles.fr\/cms\/wp-content\/uploads\/2024\/11\/24_mp_rap_ePhy.pdf\" target=\"_blank\" rel=\"noopener\">\u00c9preuve \u00e9crite de physique<\/a><\/p>\n<p><a href=\"https:\/\/banques-ecoles.fr\/cms\/wp-content\/uploads\/2025\/01\/24_mp_rap_eInfoA.pdf.pdf\" target=\"_blank\" rel=\"noopener\">\u00c9preuve \u00e9crite d\u2019info A<\/a><\/p>\n<p><a href=\"https:\/\/banques-ecoles.fr\/cms\/wp-content\/uploads\/2024\/11\/24_mp_rap_eInfoB.pdf\" target=\"_blank\" rel=\"noopener\">\u00c9preuve \u00e9crite d\u2019info B<\/a><\/p>\n<p><a href=\"https:\/\/banques-ecoles.fr\/cms\/wp-content\/uploads\/2024\/10\/24_mp_rap_eInfoFond.pdf\" target=\"_blank\" rel=\"noopener\">\u00c9preuve \u00e9crite d\u2019Info Fondamentale<\/a><\/p>\n<p><a href=\"https:\/\/banques-ecoles.fr\/cms\/wp-content\/uploads\/2025\/01\/24_mpi_rap_eInfoC.pdf\" target=\"_blank\" rel=\"noopener\">\u00c9preuve \u00e9crite d\u2019Info C<\/a><\/p>\n<p><a href=\"https:\/\/banques-ecoles.fr\/cms\/wp-content\/uploads\/2024\/11\/24_mp_rap_ePhySI.pdf\" target=\"_blank\" rel=\"noopener\">\u00c9preuve \u00e9crite\u00a0de Physique &amp; SI &#8211; X<\/a><\/p>\n<p><a href=\"https:\/\/banques-ecoles.fr\/cms\/wp-content\/uploads\/2024\/08\/24_mpi_rap_ePhyMPI.pdf\" target=\"_blank\" rel=\"noopener\">\u00c9preuve \u00e9crite\u00a0de Physique fili\u00e8re MPI &#8211; X<\/a><\/p>\n<p><a href=\"https:\/\/banques-ecoles.fr\/cms\/wp-content\/uploads\/2024\/10\/24_mp_pc_rap_eFra.pdf\" target=\"_blank\" rel=\"noopener\">\u00c9preuve \u00e9crite de fran\u00e7ais<\/a><\/p>\n<p>\u00a0<\/p>\n<p><em>\u00c9preuve \u00e9crite de LV \u2013 XULSR :<\/em><\/p>\n<ul>\n<li><a href=\"https:\/\/banques-ecoles.fr\/cms\/wp-content\/uploads\/2024\/10\/24_mp_pc_rap_eAng.pdf\" target=\"_blank\" rel=\"noopener\">anglais<\/a><\/li>\n<li><a href=\"https:\/\/banques-ecoles.fr\/cms\/wp-content\/uploads\/2024\/10\/24_mp_pc_rap_eAll.pdf\" target=\"_blank\" rel=\"noopener\">allemand<\/a><\/li>\n<li><a href=\"https:\/\/banques-ecoles.fr\/cms\/wp-content\/uploads\/2024\/11\/24_mp_pc_rap_eArabe.pdf\" target=\"_blank\" rel=\"noopener\">arabe<\/a><\/li>\n<li><a href=\"https:\/\/banques-ecoles.fr\/cms\/wp-content\/uploads\/2024\/08\/24_mp_pc_rap_eEsp.pdf\" target=\"_blank\" rel=\"noopener\">espagnol<\/a><\/li>\n<\/ul>\n<p>\u00a0<\/p>\n<p><a href=\"https:\/\/banques-ecoles.fr\/cms\/wp-content\/uploads\/2024\/10\/24_mp_rap_oMathULSR.pdf\" target=\"_blank\" rel=\"noopener\">\u00c9preuve orale de math\u00e9matiques \u2013 ULSR<\/a><\/p>\n<p><a href=\"https:\/\/banques-ecoles.fr\/cms\/wp-content\/uploads\/2024\/10\/24_mp_rap_oMathU.pdf\" target=\"_blank\" rel=\"noopener\">\u00c9preuve orale de math\u00e9matiques \u2013 U<\/a><\/p>\n<p><a href=\"https:\/\/banques-ecoles.fr\/cms\/wp-content\/uploads\/2024\/10\/24_mp_rap_oMathSR.pdf\" target=\"_blank\" rel=\"noopener\">\u00c9preuve orale de math\u00e9matiques \u2013 SR<\/a><\/p>\n<p><a href=\"https:\/\/banques-ecoles.fr\/cms\/wp-content\/uploads\/2024\/08\/24_mp_rap_oMathL.pdf\" target=\"_blank\" rel=\"noopener\">\u00c9preuve orale\u00a0de math\u00e9matiques \u2013 L<\/a><\/p>\n<p><a href=\"https:\/\/banques-ecoles.fr\/cms\/wp-content\/uploads\/2024\/07\/24_mp_rap_ophy_lsr.pdf\" target=\"_blank\" rel=\"noopener\">\u00c9preuve orale de physique \u2013 LSR<\/a><\/p>\n<p><a href=\"https:\/\/banques-ecoles.fr\/cms\/wp-content\/uploads\/2024\/10\/24_mp_rap_oPhyU.pdf\" target=\"_blank\" rel=\"noopener\">\u00c9preuve orale de physique \u2013 U<\/a><\/p>\n<p><a href=\"https:\/\/banques-ecoles.fr\/cms\/wp-content\/uploads\/2024\/08\/24_mp_rap_oInfo.pdf\" target=\"_blank\" rel=\"noopener\">\u00c9preuve orale d\u2019informatique fondamentale \u2013 ULSR<\/a><\/p>\n<p><i>\u00c9preuve de TP d\u2019algorithmique et programmation \u2013 ULSR :<\/i><\/p>\n<ul>\n<li><a href=\"https:\/\/banques-ecoles.fr\/cms\/wp-content\/uploads\/2024\/11\/24_mp_rap_TPalgo_MP.pdf\" target=\"_blank\" rel=\"noopener\">Fili\u00e8re MP<\/a><\/li>\n<li><a href=\"https:\/\/banques-ecoles.fr\/cms\/wp-content\/uploads\/2024\/11\/24_mp_rap_TPalgo_MPI.pdf\" target=\"_blank\" rel=\"noopener\">Fili\u00e8re MPI<\/a><\/li>\n<\/ul>\n<p>\u00a0<\/p>\n<p><em>\u00c9preuve de TIPE \u2013 ULSR :<\/em><\/p>\n<ul>\n<li><a href=\"https:\/\/banques-ecoles.fr\/cms\/wp-content\/uploads\/2024\/10\/24_mp_rap_oTIPE_Info.pdf\" target=\"_blank\" rel=\"noopener\">informatique<\/a><\/li>\n<li><a href=\"https:\/\/banques-ecoles.fr\/cms\/wp-content\/uploads\/2024\/10\/24_mp_rap_oTIPE_Math.pdf\" target=\"_blank\" rel=\"noopener\">math\u00e9matiques<\/a><\/li>\n<li><a href=\"https:\/\/banques-ecoles.fr\/cms\/wp-content\/uploads\/2024\/11\/24_mp_rap_oTIPE_Phy.pdf\" target=\"_blank\" rel=\"noopener\">physique<\/a><\/li>\n<\/ul>\n<p><em>\u00c9preuve orale de LV \u2013 XULSR :<\/em><\/p>\n<ul>\n<li><a href=\"https:\/\/banques-ecoles.fr\/cms\/wp-content\/uploads\/2024\/10\/24_mp_pc_rap_oAng.pdf\" target=\"_blank\" rel=\"noopener\">anglais<\/a><\/li>\n<li><a href=\"https:\/\/banques-ecoles.fr\/cms\/wp-content\/uploads\/2024\/11\/24_mp_pc_rap_oAll.pdf\" target=\"_blank\" rel=\"noopener\">allemand<\/a><\/li>\n<li><a href=\"https:\/\/banques-ecoles.fr\/cms\/wp-content\/uploads\/2024\/11\/24_mp_pc_rap_oArabe.pdf\" target=\"_blank\" rel=\"noopener\">arabe<\/a><\/li>\n<li><a href=\"https:\/\/banques-ecoles.fr\/cms\/wp-content\/uploads\/2025\/01\/24_mp_pc_rap_oEsp.pdf\" target=\"_blank\" rel=\"noopener\">espagnol<\/a><\/li>\n<\/ul>\n<\/div>\n","protected":false},"excerpt":{"rendered":"<p>Rapports des jurys des banques MP-Info-MPI 2024 : \u00a0 \u00c9preuve \u00e9crite de math A \u00c9preuve \u00e9crite\u00a0de math B \u00c9preuve \u00e9crite de math C \u00c9preuve \u00e9crite de math D \u00c9preuve \u00e9crite de physique \u00c9preuve \u00e9crite d\u2019info A \u00c9preuve \u00e9crite d\u2019info B <a href=\"https:\/\/banques-ecoles.fr\/cms\/filiere-mp\/rapports-des-jurys-des-banques-mp-info-mpi-classes-par-annee\/session-2024-6\/\">[Lire la suite]<\/a><\/p>\n","protected":false},"author":5,"featured_media":0,"parent":11243,"menu_order":0,"comment_status":"closed","ping_status":"closed","template":"","meta":{"footnotes":""},"class_list":["post-12055","page","type-page","status-publish","hentry"],"_links":{"self":[{"href":"https:\/\/banques-ecoles.fr\/cms\/wp-json\/wp\/v2\/pages\/12055","targetHints":{"allow":["GET"]}}],"collection":[{"href":"https:\/\/banques-ecoles.fr\/cms\/wp-json\/wp\/v2\/pages"}],"about":[{"href":"https:\/\/banques-ecoles.fr\/cms\/wp-json\/wp\/v2\/types\/page"}],"author":[{"embeddable":true,"href":"https:\/\/banques-ecoles.fr\/cms\/wp-json\/wp\/v2\/users\/5"}],"replies":[{"embeddable":true,"href":"https:\/\/banques-ecoles.fr\/cms\/wp-json\/wp\/v2\/comments?post=12055"}],"version-history":[{"count":33,"href":"https:\/\/banques-ecoles.fr\/cms\/wp-json\/wp\/v2\/pages\/12055\/revisions"}],"predecessor-version":[{"id":12615,"href":"https:\/\/banques-ecoles.fr\/cms\/wp-json\/wp\/v2\/pages\/12055\/revisions\/12615"}],"up":[{"embeddable":true,"href":"https:\/\/banques-ecoles.fr\/cms\/wp-json\/wp\/v2\/pages\/11243"}],"wp:attachment":[{"href":"https:\/\/banques-ecoles.fr\/cms\/wp-json\/wp\/v2\/media?parent=12055"}],"curies":[{"name":"wp","href":"https:\/\/api.w.org\/{rel}","templated":true}]}}