{"id":1207,"date":"2013-02-27T09:54:54","date_gmt":"2013-02-27T08:54:54","guid":{"rendered":"http:\/\/banques-ecoles-dev.fr\/cms\/?page_id=1207"},"modified":"2023-10-30T18:31:40","modified_gmt":"2023-10-30T16:31:40","slug":"les-conditions-dinscription-aux-seconds-concours-dadmission-des-ens","status":"publish","type":"page","link":"https:\/\/banques-ecoles.fr\/cms\/filieres-universitaires-second-concours-scientifique\/les-conditions-dinscription-aux-seconds-concours-dadmission-des-ens\/","title":{"rendered":"Les conditions d&rsquo;inscription au second concours d&rsquo;admission de l&rsquo;ENS de Lyon"},"content":{"rendered":"<p>Ce document d\u00e9crit les conditions d&rsquo;inscription sp\u00e9cifiques du second concours d&rsquo;admission de l&rsquo;ENS de Lyon.<\/p>\n<p>Les dispositions communes aux concours d&rsquo;admission en premi\u00e8re ann\u00e9e dans les \u00c9coles normales sup\u00e9rieures s&rsquo;appliquent aux seconds concours. S&rsquo;y ajoutent des dispositions sp\u00e9cifiques.<\/p>\n<p><a title=\"Dispositions communes aux concours d\u2019admission en premi\u00e8re ann\u00e9e dans les \u00c9coles normales sup\u00e9rieures\" href=\"http:\/\/banques-ecoles.fr\/cms\/informations-generales\/dispositions-communes-aux-concours-dadmission-en-premiere-annee-dans-les-ecoles-normales-superieures\/\">Consulter les dispositions communes<\/a><\/p>\n<h3>Conditions sp\u00e9cifiques du second concours de l&rsquo;ENS de Lyon<\/h3>\n<p><strong>Nul ne peut \u00eatre autoris\u00e9 \u00e0\u00a0se pr\u00e9senter plus d&rsquo;une fois aux \u00e9preuves du second concours.<\/strong><\/p>\n<p>Pour \u00eatre autoris\u00e9s \u00e0 concourir, les candidats doivent :<\/p>\n<ul>\n<li>Avoir effectu\u00e9 leur cursus post-secondaire exclusivement en universit\u00e9 pendant une dur\u00e9e n&rsquo;exc\u00e9dant pas trois ans, <strong>sauf d\u00e9rogation (voir ci-dessous)<\/strong> accord\u00e9e par le pr\u00e9sident de l&rsquo;Ecole sur demande motiv\u00e9e.<\/li>\n<li>Avoir capitalis\u00e9 120 cr\u00e9dits ECTS (European Credit Transfert System) ou obtenu un dipl\u00f4me sanctionnant un niveau d&rsquo;\u00e9tude de fin de seconde ann\u00e9e d&rsquo;universit\u00e9 avant la publication des r\u00e9sultats d&rsquo;admission du concours.<\/li>\n<\/ul>\n<p><strong>Proc\u00e9dure de demande de d\u00e9rogation :<\/strong><br \/>\nEnvoyer par courrier postal \u00e0 l&rsquo;adresse ci-dessous<strong>\u00a0<\/strong>les documents suivants :<\/p>\n<ul>\n<li>une lettre de motivation, r\u00e9dig\u00e9e \u00e0 l&rsquo;attention de M. le Pr\u00e9sident de l&rsquo;ENS de Lyon, expliquant les raisons de la demande et en particulier, d\u00e9taillant le cursus suivi depuis le baccalaur\u00e9at.<\/li>\n<li>le relev\u00e9 de notes du baccalaur\u00e9at<\/li>\n<li>les relev\u00e9s des notes des ann\u00e9es d&rsquo;\u00e9tudes post-baccalaur\u00e9at<\/li>\n<li>le justificatif d&rsquo;inscription au second concours de l&rsquo;ENS de Lyon<\/li>\n<\/ul>\n<p class=\"adresse\">\u00c9cole normale sup\u00e9rieure de Lyon<br \/>\nService Admission et concours<br \/>\n15 Parvis Ren\u00e9 Descartes &#8211; BP7000<br \/>\n69342 LYON Cedex 07<\/p>\n","protected":false},"excerpt":{"rendered":"<p>Ce document d\u00e9crit les conditions d&rsquo;inscription sp\u00e9cifiques du second concours d&rsquo;admission de l&rsquo;ENS de Lyon. Les dispositions communes aux concours d&rsquo;admission en premi\u00e8re ann\u00e9e dans les \u00c9coles normales sup\u00e9rieures s&rsquo;appliquent aux seconds concours. S&rsquo;y ajoutent des dispositions sp\u00e9cifiques. Consulter les <a href=\"https:\/\/banques-ecoles.fr\/cms\/filieres-universitaires-second-concours-scientifique\/les-conditions-dinscription-aux-seconds-concours-dadmission-des-ens\/\">[Lire la suite]<\/a><\/p>\n","protected":false},"author":1,"featured_media":0,"parent":82,"menu_order":9,"comment_status":"closed","ping_status":"open","template":"","meta":{"footnotes":""},"class_list":["post-1207","page","type-page","status-publish","hentry"],"_links":{"self":[{"href":"https:\/\/banques-ecoles.fr\/cms\/wp-json\/wp\/v2\/pages\/1207","targetHints":{"allow":["GET"]}}],"collection":[{"href":"https:\/\/banques-ecoles.fr\/cms\/wp-json\/wp\/v2\/pages"}],"about":[{"href":"https:\/\/banques-ecoles.fr\/cms\/wp-json\/wp\/v2\/types\/page"}],"author":[{"embeddable":true,"href":"https:\/\/banques-ecoles.fr\/cms\/wp-json\/wp\/v2\/users\/1"}],"replies":[{"embeddable":true,"href":"https:\/\/banques-ecoles.fr\/cms\/wp-json\/wp\/v2\/comments?post=1207"}],"version-history":[{"count":27,"href":"https:\/\/banques-ecoles.fr\/cms\/wp-json\/wp\/v2\/pages\/1207\/revisions"}],"predecessor-version":[{"id":11544,"href":"https:\/\/banques-ecoles.fr\/cms\/wp-json\/wp\/v2\/pages\/1207\/revisions\/11544"}],"up":[{"embeddable":true,"href":"https:\/\/banques-ecoles.fr\/cms\/wp-json\/wp\/v2\/pages\/82"}],"wp:attachment":[{"href":"https:\/\/banques-ecoles.fr\/cms\/wp-json\/wp\/v2\/media?parent=1207"}],"curies":[{"name":"wp","href":"https:\/\/api.w.org\/{rel}","templated":true}]}}