{"id":12088,"date":"2024-07-26T20:29:22","date_gmt":"2024-07-26T18:29:22","guid":{"rendered":"https:\/\/banques-ecoles.fr\/cms\/?page_id=12088"},"modified":"2024-11-03T23:11:33","modified_gmt":"2024-11-03T21:11:33","slug":"session-2024","status":"publish","type":"page","link":"https:\/\/banques-ecoles.fr\/cms\/filieres-universitaires-second-concours-scientifique\/rapports-des-jurys-du-second-concours-de-lens-de-lyon\/session-2024\/","title":{"rendered":"Session 2024"},"content":{"rendered":"\n<p>Rapports sur les \u00e9preuves du concours ouvert aux fili\u00e8res universitaires de l\u2019ENS de Lyon \u2013 Session 2024.<\/p>\n<p>\u00a0<\/p>\n<p><a href=\"https:\/\/banques-ecoles.fr\/cms\/wp-content\/uploads\/2024\/10\/24_2cc_rap_general.pdf\" target=\"_blank\" rel=\"noopener\">Rapport g\u00e9n\u00e9ral<\/a><\/p>\n<p>\u00a0<\/p>\n<p><a href=\"https:\/\/banques-ecoles.fr\/cms\/wp-content\/uploads\/2024\/11\/24-2cc-rap-eBio.pdf\" target=\"_blank\" rel=\"noopener\">\u00c9preuve \u00e9crite de biologie-biochimie<\/a><\/p>\n<p><a href=\"https:\/\/banques-ecoles.fr\/cms\/wp-content\/uploads\/2024\/08\/24_2cc_rap_eST.pdf\" target=\"_blank\" rel=\"noopener\">\u00c9preuve \u00e9crite de g\u00e9osciences<\/a><\/p>\n<p><a href=\"https:\/\/banques-ecoles.fr\/cms\/wp-content\/uploads\/2024\/08\/24_2cc_rap_eChi.pdf\" target=\"_blank\" rel=\"noopener\">\u00c9preuve \u00e9crite de chimie<\/a><\/p>\n<p><a href=\"https:\/\/banques-ecoles.fr\/cms\/wp-content\/uploads\/2024\/10\/24_2cc_rap_ePhy.pdf\" target=\"_blank\" rel=\"noopener\">\u00c9preuve \u00e9crite de physique<\/a><\/p>\n<p><a href=\"https:\/\/banques-ecoles.fr\/cms\/wp-content\/uploads\/2024\/08\/24_2cc_rap_eMaths.pdf\" target=\"_blank\" rel=\"noopener\">\u00c9preuve \u00e9crite de math\u00e9matiques<\/a><\/p>\n<p><a href=\"https:\/\/banques-ecoles.fr\/cms\/wp-content\/uploads\/2024\/10\/24_2cc_rap_eInfo.pdf\" target=\"_blank\" rel=\"noopener\">\u00c9preuve \u00e9crite d\u2019informatique<\/a><\/p>\n<p>\u00a0<\/p>\n<p><a href=\"https:\/\/banques-ecoles.fr\/cms\/wp-content\/uploads\/2024\/08\/24_2cc_rap_oBio.pdf\" target=\"_blank\" rel=\"noopener\">\u00c9preuve orale de biologie-biochimie<\/a><\/p>\n<p><a href=\"https:\/\/banques-ecoles.fr\/cms\/wp-content\/uploads\/2024\/08\/24_2cc_rap_oST.pdf\" target=\"_blank\" rel=\"noopener\">\u00c9preuve orale de g\u00e9osciences<\/a><\/p>\n<p><a href=\"https:\/\/banques-ecoles.fr\/cms\/wp-content\/uploads\/2024\/11\/24_2cc_rap_oChi.pdf\" target=\"_blank\" rel=\"noopener\">\u00c9preuve orale de chimie<\/a><\/p>\n<p><a href=\"https:\/\/banques-ecoles.fr\/cms\/wp-content\/uploads\/2024\/08\/24_2cc_rap_oPhy.pdf\" target=\"_blank\" rel=\"noopener\">\u00c9preuve orale de physique<\/a><\/p>\n<p><a href=\"https:\/\/banques-ecoles.fr\/cms\/wp-content\/uploads\/2024\/08\/24_2cc_rap_oMaths.pdf\" target=\"_blank\" rel=\"noopener\">\u00c9preuve orale de math\u00e9matiques<\/a><\/p>\n<p><a href=\"https:\/\/banques-ecoles.fr\/cms\/wp-content\/uploads\/2024\/08\/24_2cc_rap_oInfo.pdf\" target=\"_blank\" rel=\"noopener\">\u00c9preuve orale\u00a0d\u2019informatique<\/a><\/p>\n<p>\u00a0<\/p>\n<p><a href=\"https:\/\/banques-ecoles.fr\/cms\/wp-content\/uploads\/2024\/08\/24_2cc_rap_oLV.pdf\" target=\"_blank\" rel=\"noopener\">\u00c9preuve orale de langue vivante<\/a><\/p>\n<p><a href=\"https:\/\/banques-ecoles.fr\/cms\/wp-content\/uploads\/2024\/08\/24_2c_rap_oprojet.pdf\" target=\"_blank\" rel=\"noopener\">\u00c9preuve (orale) de projet personnel<\/a><\/p>\n","protected":false},"excerpt":{"rendered":"<p>Rapports sur les \u00e9preuves du concours ouvert aux fili\u00e8res universitaires de l\u2019ENS de Lyon \u2013 Session 2024. \u00a0 Rapport g\u00e9n\u00e9ral \u00a0 \u00c9preuve \u00e9crite de biologie-biochimie \u00c9preuve \u00e9crite de g\u00e9osciences \u00c9preuve \u00e9crite de chimie \u00c9preuve \u00e9crite de physique \u00c9preuve \u00e9crite de <a href=\"https:\/\/banques-ecoles.fr\/cms\/filieres-universitaires-second-concours-scientifique\/rapports-des-jurys-du-second-concours-de-lens-de-lyon\/session-2024\/\">[Lire la suite]<\/a><\/p>\n","protected":false},"author":16,"featured_media":0,"parent":1187,"menu_order":0,"comment_status":"closed","ping_status":"closed","template":"","meta":{"footnotes":""},"class_list":["post-12088","page","type-page","status-publish","hentry"],"_links":{"self":[{"href":"https:\/\/banques-ecoles.fr\/cms\/wp-json\/wp\/v2\/pages\/12088","targetHints":{"allow":["GET"]}}],"collection":[{"href":"https:\/\/banques-ecoles.fr\/cms\/wp-json\/wp\/v2\/pages"}],"about":[{"href":"https:\/\/banques-ecoles.fr\/cms\/wp-json\/wp\/v2\/types\/page"}],"author":[{"embeddable":true,"href":"https:\/\/banques-ecoles.fr\/cms\/wp-json\/wp\/v2\/users\/16"}],"replies":[{"embeddable":true,"href":"https:\/\/banques-ecoles.fr\/cms\/wp-json\/wp\/v2\/comments?post=12088"}],"version-history":[{"count":15,"href":"https:\/\/banques-ecoles.fr\/cms\/wp-json\/wp\/v2\/pages\/12088\/revisions"}],"predecessor-version":[{"id":12456,"href":"https:\/\/banques-ecoles.fr\/cms\/wp-json\/wp\/v2\/pages\/12088\/revisions\/12456"}],"up":[{"embeddable":true,"href":"https:\/\/banques-ecoles.fr\/cms\/wp-json\/wp\/v2\/pages\/1187"}],"wp:attachment":[{"href":"https:\/\/banques-ecoles.fr\/cms\/wp-json\/wp\/v2\/media?parent=12088"}],"curies":[{"name":"wp","href":"https:\/\/api.w.org\/{rel}","templated":true}]}}