{"id":1211,"date":"2013-02-27T09:57:04","date_gmt":"2013-02-27T08:57:04","guid":{"rendered":"http:\/\/banques-ecoles-dev.fr\/cms\/?page_id=1211"},"modified":"2026-01-28T10:24:05","modified_gmt":"2026-01-28T08:24:05","slug":"modalites-dinscription","status":"publish","type":"page","link":"https:\/\/banques-ecoles.fr\/cms\/filieres-universitaires-second-concours-scientifique\/modalites-dinscription\/","title":{"rendered":"Modalit\u00e9s d&rsquo;inscription du second concours"},"content":{"rendered":"\n<p>Ce document d\u00e9crit la proc\u00e9dure d&rsquo;inscription pour la session 2026 des concours d&rsquo;admission des \u00c9coles normales sup\u00e9rieures pour les candidats des fili\u00e8res universitaires.<\/p>\n<p>Les inscriptions sont r\u00e9alis\u00e9es sur Internet \u00e0 partir du 2 f\u00e9vrier 2026, en cliquant sur le lien :<\/p>\n<p><a href=\"https:\/\/mondossier.scei-concours.fr\/PreInscription\/authentificationCandidat?tut_cod=6\">site d&rsquo;inscription au second concours d&rsquo;admission de l&rsquo;ENS de Lyon<\/a><\/p>\n<p>Les candidats doivent imp\u00e9rativement respecter la proc\u00e9dure d&rsquo;inscription suivante, g\u00e9r\u00e9e par le service concours \u00e9coles d&rsquo;ing\u00e9nieurs [scei], qui comprend deux\u00a0phases obligatoires :<\/p>\n<h2>1. Saisie et validation des donn\u00e9es<\/h2>\n<p>Ouverture des inscriptions du <strong>2 f\u00e9vrier au 16 mars 2026, <\/strong><strong>\u00e0 17 heures.<\/strong><\/p>\n<p>Le candidat re\u00e7oit \u00e0 cette occasion un <strong>num\u00e9ro d&rsquo;inscription et un code<\/strong> <strong>signature confidentiel<\/strong> n\u00e9cessaires pour tout acc\u00e8s au serveur.\u00a0Apr\u00e8s la saisie, le candidat <strong>imprime<\/strong> lui-m\u00eame le RECAPITULATIF DE L&rsquo;INSCRIPTION, <strong>v\u00e9rifie<\/strong> l&rsquo;exactitude des informations et le cas \u00e9ch\u00e9ant apporte les modifications n\u00e9cessaires sur internet.<br \/>Il proc\u00e8de ensuite \u00e0 la <strong>validation<\/strong> de son inscription. Celle-ci est effective lorsque la mention <strong>\u00abdossier valid\u00e9\u00bb<\/strong> appara\u00eet \u00e0 l&rsquo;\u00e9cran. Les <strong>modifications<\/strong> sont possibles jusqu&rsquo;\u00e0 la fin de la p\u00e9riode d&rsquo;inscription et sont enregistr\u00e9es \u00e0 condition de les <strong>valider<\/strong> \u00e0 chaque fois.<\/p>\n<h2>2. T\u00e9l\u00e9versement des pi\u00e8ces justificatives<\/h2>\n<p>A effectuer avant <strong>le 30 mars 2026 \u00e0 17 heures <\/strong>\u00a0(voir les documents \u00e0 fournir sur le <a href=\"https:\/\/www.ens-lyon.fr\/sites\/default\/files\/2025-12\/Documents%20%C3%A0%20fournir_second_concours_2026.pdf\">site de l&rsquo;ENS de Lyon<\/a>).<\/p>\n<h2>3.\u00a0Convocations<\/h2>\n<p>Les candidats inscrits impriment leur convocation. Elle mentionne leurs choix d&rsquo;\u00e9preuves et de langue auxquels ils sont tenus de se conformer au cours du concours.<\/p>\n<h2>Pi\u00e8ces \u00e0 fournir en cas d&rsquo;admission<\/h2>\n<p>En cas d&rsquo;admission, le candidat doit fournir :<\/p>\n<ul>\n<li>une attestation de l&rsquo;obtention de 120 cr\u00e9dits ECTS<\/li>\n<li>une photocopie du baccalaur\u00e9at, ou d&rsquo;un titre ou dipl\u00f4me admis en dispense ou en \u00e9quivalence de celui-ci.<\/li>\n<\/ul>\n<p>\u00a0<\/p>\n","protected":false},"excerpt":{"rendered":"<p>Ce document d\u00e9crit la proc\u00e9dure d&rsquo;inscription pour la session 2026 des concours d&rsquo;admission des \u00c9coles normales sup\u00e9rieures pour les candidats des fili\u00e8res universitaires. Les inscriptions sont r\u00e9alis\u00e9es sur Internet \u00e0 partir du 2 f\u00e9vrier 2026, en cliquant sur le lien <a href=\"https:\/\/banques-ecoles.fr\/cms\/filieres-universitaires-second-concours-scientifique\/modalites-dinscription\/\">[Lire la suite]<\/a><\/p>\n","protected":false},"author":1,"featured_media":0,"parent":82,"menu_order":10,"comment_status":"closed","ping_status":"open","template":"","meta":{"footnotes":""},"class_list":["post-1211","page","type-page","status-publish","hentry"],"_links":{"self":[{"href":"https:\/\/banques-ecoles.fr\/cms\/wp-json\/wp\/v2\/pages\/1211","targetHints":{"allow":["GET"]}}],"collection":[{"href":"https:\/\/banques-ecoles.fr\/cms\/wp-json\/wp\/v2\/pages"}],"about":[{"href":"https:\/\/banques-ecoles.fr\/cms\/wp-json\/wp\/v2\/types\/page"}],"author":[{"embeddable":true,"href":"https:\/\/banques-ecoles.fr\/cms\/wp-json\/wp\/v2\/users\/1"}],"replies":[{"embeddable":true,"href":"https:\/\/banques-ecoles.fr\/cms\/wp-json\/wp\/v2\/comments?post=1211"}],"version-history":[{"count":48,"href":"https:\/\/banques-ecoles.fr\/cms\/wp-json\/wp\/v2\/pages\/1211\/revisions"}],"predecessor-version":[{"id":13242,"href":"https:\/\/banques-ecoles.fr\/cms\/wp-json\/wp\/v2\/pages\/1211\/revisions\/13242"}],"up":[{"embeddable":true,"href":"https:\/\/banques-ecoles.fr\/cms\/wp-json\/wp\/v2\/pages\/82"}],"wp:attachment":[{"href":"https:\/\/banques-ecoles.fr\/cms\/wp-json\/wp\/v2\/media?parent=1211"}],"curies":[{"name":"wp","href":"https:\/\/api.w.org\/{rel}","templated":true}]}}