{"id":1214,"date":"2013-02-27T10:01:21","date_gmt":"2013-02-27T09:01:21","guid":{"rendered":"http:\/\/banques-ecoles-dev.fr\/cms\/?page_id=1214"},"modified":"2016-05-04T10:49:36","modified_gmt":"2016-05-04T08:49:36","slug":"lorganisation-des-epreuves-ecrites-du-second-concours-de-lens-paris","status":"publish","type":"page","link":"https:\/\/banques-ecoles.fr\/cms\/filieres-universitaires-second-concours-scientifique\/lorganisation-des-epreuves-ecrites-du-second-concours-de-lens-paris\/","title":{"rendered":"L&rsquo;organisation des \u00e9preuves \u00e9crites du second concours de l&rsquo;ENS (Paris)"},"content":{"rendered":"<p>Ce document contient les informations pratiques relatives aux \u00e9preuves \u00e9crites du second concours d&rsquo;admission \u00e0 l&rsquo;ENS (Paris).<\/p>\n<p>&nbsp;<\/p>\n<h2>Mat\u00e9riel \u00e0 pr\u00e9voir<\/h2>\n<p>Les candidats doivent se munir d&rsquo;une pi\u00e8ce d&rsquo;identit\u00e9 en cours de validit\u00e9 et de leur convocation.<\/p>\n<p><b><a href=\"http:\/\/www1.scei-concours.fr\/ConvocationWeb\/jsp\/loginSecondConcours.html\" target=\"_blank\">T\u00e9l\u00e9charger la convocation aux \u00e9preuves \u00e9crites du second concours de l&rsquo;ENS (Paris)<\/a><\/b><br \/>\n(se munir du num\u00e9ro d&rsquo;inscription SCEI et du code signature confidentiel)<\/p>\n<p>Pour certaines \u00e9preuves, une calculatrice peut \u00eatre n\u00e9cessaire.<\/p>\n<p>&nbsp;<\/p>\n<h2>Centres d&rsquo;\u00e9crit<\/h2>\n<p>Les \u00e9preuves \u00e9crites se d\u00e9roulent dans un centre situ\u00e9 \u00e0 Paris :<\/p>\n<address>Salle\u00a0des actes<br \/>\n\u00c9cole normale sup\u00e9rieure<br \/>\n45 rue d&rsquo;Ulm<br \/>\n75 005 Paris<\/address>\n<div><\/div>\n<div>RER B, station Luxembourg<\/div>\n<p><a href=\"http:\/\/www.ens.fr\/spip.php?article171\" target=\"_blank\">Voir plan d&rsquo;acc\u00e8s<\/a><\/p>\n<p>&nbsp;<\/p>\n<h2>Calendrier<\/h2>\n<p>Le calendrier des \u00e9preuves est le suivant :<\/p>\n<ul>\n<li>physique-math\u00e9matiques ou physique-chimie : samedi 21 mai 2016\u00a0de 8h30 \u00e0 12h30<\/li>\n<li>biologie-biochimie : samedi 21 mai 2016 \u00a0de 14h \u00e0 18h<\/li>\n<\/ul>\n","protected":false},"excerpt":{"rendered":"<p>Ce document contient les informations pratiques relatives aux \u00e9preuves \u00e9crites du second concours d&rsquo;admission \u00e0 l&rsquo;ENS (Paris). &nbsp; Mat\u00e9riel \u00e0 pr\u00e9voir Les candidats doivent se munir d&rsquo;une pi\u00e8ce d&rsquo;identit\u00e9 en cours de validit\u00e9 et de leur convocation. T\u00e9l\u00e9charger la convocation <a href=\"https:\/\/banques-ecoles.fr\/cms\/filieres-universitaires-second-concours-scientifique\/lorganisation-des-epreuves-ecrites-du-second-concours-de-lens-paris\/\">[Lire la suite]<\/a><\/p>\n","protected":false},"author":1,"featured_media":0,"parent":82,"menu_order":11,"comment_status":"closed","ping_status":"open","template":"","meta":{"footnotes":""},"class_list":["post-1214","page","type-page","status-publish","hentry"],"_links":{"self":[{"href":"https:\/\/banques-ecoles.fr\/cms\/wp-json\/wp\/v2\/pages\/1214","targetHints":{"allow":["GET"]}}],"collection":[{"href":"https:\/\/banques-ecoles.fr\/cms\/wp-json\/wp\/v2\/pages"}],"about":[{"href":"https:\/\/banques-ecoles.fr\/cms\/wp-json\/wp\/v2\/types\/page"}],"author":[{"embeddable":true,"href":"https:\/\/banques-ecoles.fr\/cms\/wp-json\/wp\/v2\/users\/1"}],"replies":[{"embeddable":true,"href":"https:\/\/banques-ecoles.fr\/cms\/wp-json\/wp\/v2\/comments?post=1214"}],"version-history":[{"count":8,"href":"https:\/\/banques-ecoles.fr\/cms\/wp-json\/wp\/v2\/pages\/1214\/revisions"}],"predecessor-version":[{"id":4918,"href":"https:\/\/banques-ecoles.fr\/cms\/wp-json\/wp\/v2\/pages\/1214\/revisions\/4918"}],"up":[{"embeddable":true,"href":"https:\/\/banques-ecoles.fr\/cms\/wp-json\/wp\/v2\/pages\/82"}],"wp:attachment":[{"href":"https:\/\/banques-ecoles.fr\/cms\/wp-json\/wp\/v2\/media?parent=1214"}],"curies":[{"name":"wp","href":"https:\/\/api.w.org\/{rel}","templated":true}]}}