{"id":1218,"date":"2013-02-27T10:03:50","date_gmt":"2013-02-27T09:03:50","guid":{"rendered":"http:\/\/banques-ecoles-dev.fr\/cms\/?page_id=1218"},"modified":"2025-10-20T15:55:46","modified_gmt":"2025-10-20T13:55:46","slug":"lorganisation-des-epreuves-ecrites-du-second-concours-de-lens-de-lyon","status":"publish","type":"page","link":"https:\/\/banques-ecoles.fr\/cms\/filieres-universitaires-second-concours-scientifique\/lorganisation-des-epreuves-ecrites-du-second-concours-de-lens-de-lyon\/","title":{"rendered":"L&rsquo;organisation des \u00e9preuves \u00e9crites du second concours de l&rsquo;ENS de Lyon"},"content":{"rendered":"<p>Ce document contient les informations pratiques relatives aux \u00e9preuves \u00e9crites du second concours d&rsquo;admission \u00e0 l&rsquo;ENS de Lyon.<\/p>\n<h2>Mat\u00e9riel \u00e0 pr\u00e9voir<\/h2>\n<p>Les candidats doivent se munir d&rsquo;une pi\u00e8ce d&rsquo;identit\u00e9 en cours de validit\u00e9 et de leur convocation.<\/p>\n<p><b>T\u00e9l\u00e9charger la convocation aux \u00e9preuves \u00e9crites du second concours de l&rsquo;ENS de Lyon<\/b><br \/>\n(se munir du num\u00e9ro d&rsquo;inscription SCEI et du code signature confidentiel)<\/p>\n<p>Pour certaines \u00e9preuves, une calculatrice peut \u00eatre n\u00e9cessaire.<\/p>\n<h2>Centres d&rsquo;\u00e9crit<\/h2>\n<p>Les \u00e9preuves \u00e9crites se d\u00e9roulent dans deux centres :<\/p>\n<h3><\/h3>\n<ul>\n<li>\n<h3>Centre de Lyon<\/h3>\n<\/li>\n<\/ul>\n<address>\u00c9cole normale sup\u00e9rieure de Lyon &#8211; Site Descartes (salles communiqu\u00e9es ult\u00e9rieurement)<br \/>\n15 parvis Ren\u00e9 Descartes<br \/>\n69342 Lyon<\/address>\n<p>En m\u00e9tro B, station Debourg (<a class=\"external-link\" href=\"http:\/\/ida09.liris.cnrs.fr\/doc\/metro_tram.pdf\">voir plan<\/a>)<\/p>\n<p><a href=\"http:\/\/www.ens-lyon.eu\/07197280\/0\/fiche___pagelibre\" target=\"_blank\" rel=\"noopener noreferrer\">Voir plan d&rsquo;acc\u00e8s<\/a><\/p>\n<h3><\/h3>\n<ul>\n<li>\n<h3>Centre de Paris<\/h3>\n<\/li>\n<\/ul>\n<address>\u00c9cole normale sup\u00e9rieure (Salles communiqu\u00e9es ult\u00e9rieurement)<br \/>\n45 rue d&rsquo;Ulm<br \/>\n75005 Paris<\/address>\n<p>RER B, station Luxembourg<\/p>\n<p><a href=\"http:\/\/www.ens.fr\/spip.php?article171\" target=\"_blank\" rel=\"noopener noreferrer\">Voir plan d&rsquo;acc\u00e8s<\/a><\/p>\n<h2>Calendrier<\/h2>\n<p>Le <strong>calendrier 2026<\/strong>\u00a0des \u00e9preuves est le suivant :<\/p>\n<ul>\n<li>biologie-biochimie : le 2 juin de 9h \u00e0 12h<\/li>\n<li>chimie : le 2 juin de 14h \u00e0 17h<\/li>\n<li>g\u00e9osciences : le 3 juin de 9h \u00e0 12h<\/li>\n<li>physique : le 3 juin de 14h \u00e0 17h<\/li>\n<li>math\u00e9matiques : le 4 juin de 9h \u00e0 12h<\/li>\n<li>informatique : le 4 juin de 14h \u00e0 17h<\/li>\n<\/ul>\n","protected":false},"excerpt":{"rendered":"<p>Ce document contient les informations pratiques relatives aux \u00e9preuves \u00e9crites du second concours d&rsquo;admission \u00e0 l&rsquo;ENS de Lyon. Mat\u00e9riel \u00e0 pr\u00e9voir Les candidats doivent se munir d&rsquo;une pi\u00e8ce d&rsquo;identit\u00e9 en cours de validit\u00e9 et de leur convocation. T\u00e9l\u00e9charger la convocation <a href=\"https:\/\/banques-ecoles.fr\/cms\/filieres-universitaires-second-concours-scientifique\/lorganisation-des-epreuves-ecrites-du-second-concours-de-lens-de-lyon\/\">[Lire la suite]<\/a><\/p>\n","protected":false},"author":1,"featured_media":0,"parent":82,"menu_order":12,"comment_status":"closed","ping_status":"open","template":"","meta":{"footnotes":""},"class_list":["post-1218","page","type-page","status-publish","hentry"],"_links":{"self":[{"href":"https:\/\/banques-ecoles.fr\/cms\/wp-json\/wp\/v2\/pages\/1218","targetHints":{"allow":["GET"]}}],"collection":[{"href":"https:\/\/banques-ecoles.fr\/cms\/wp-json\/wp\/v2\/pages"}],"about":[{"href":"https:\/\/banques-ecoles.fr\/cms\/wp-json\/wp\/v2\/types\/page"}],"author":[{"embeddable":true,"href":"https:\/\/banques-ecoles.fr\/cms\/wp-json\/wp\/v2\/users\/1"}],"replies":[{"embeddable":true,"href":"https:\/\/banques-ecoles.fr\/cms\/wp-json\/wp\/v2\/comments?post=1218"}],"version-history":[{"count":25,"href":"https:\/\/banques-ecoles.fr\/cms\/wp-json\/wp\/v2\/pages\/1218\/revisions"}],"predecessor-version":[{"id":13044,"href":"https:\/\/banques-ecoles.fr\/cms\/wp-json\/wp\/v2\/pages\/1218\/revisions\/13044"}],"up":[{"embeddable":true,"href":"https:\/\/banques-ecoles.fr\/cms\/wp-json\/wp\/v2\/pages\/82"}],"wp:attachment":[{"href":"https:\/\/banques-ecoles.fr\/cms\/wp-json\/wp\/v2\/media?parent=1218"}],"curies":[{"name":"wp","href":"https:\/\/api.w.org\/{rel}","templated":true}]}}