{"id":1236,"date":"2013-02-27T10:10:54","date_gmt":"2013-02-27T09:10:54","guid":{"rendered":"http:\/\/banques-ecoles-dev.fr\/cms\/?page_id=1236"},"modified":"2025-07-21T19:16:19","modified_gmt":"2025-07-21T17:16:19","slug":"les-rapports-des-presidents-et-vice-presidents","status":"publish","type":"page","link":"https:\/\/banques-ecoles.fr\/cms\/filieres-universitaires-second-concours-scientifique\/les-rapports-des-presidents-et-vice-presidents\/","title":{"rendered":"Les rapports des pr\u00e9sidents et vice-pr\u00e9sidents"},"content":{"rendered":"<p>Document donnant acc\u00e8s aux rapports des pr\u00e9sidents et vice-pr\u00e9sidents des concours d&rsquo;admission des ENS pour les fili\u00e8res universitaires<\/p>\n<table style=\"width: 85.793063%; height: 600px;\">\n<tbody>\n<tr style=\"height: 144px;\">\n<td style=\"text-align: center; height: 144px; width: 13.453537%;\"><strong>Ann\u00e9e<\/strong><\/td>\n<td style=\"height: 144px; width: 42.57975%;\">\n<p style=\"text-align: center;\"><strong>Rapport du pr\u00e9sident<\/strong><\/p>\n<p style=\"text-align: center;\"><strong>et du vice-pr\u00e9sident<\/strong><\/p>\n<\/td>\n<td style=\"height: 144px; width: 42.57975%;\">\n<p style=\"text-align: center;\"><strong>Rapport du pr\u00e9sident<\/strong><\/p>\n<p style=\"text-align: center;\"><strong>et du vice-pr\u00e9sident<\/strong><\/p>\n<\/td>\n<\/tr>\n<tr>\n<td style=\"text-align: center; width: 13.453537%;\"><strong>2025<\/strong><\/td>\n<td style=\"text-align: center; width: 42.57975%;\"><\/td>\n<td style=\"text-align: center; width: 42.57975%;\"><span class=\"internal-link\">ENS de Lyon<\/span><\/td>\n<\/tr>\n<tr style=\"height: 24px;\">\n<td style=\"text-align: center; height: 24px; width: 13.453537%;\"><strong>2024<\/strong><\/td>\n<td style=\"text-align: center; height: 24px; width: 42.57975%;\"><\/td>\n<td style=\"text-align: center; height: 24px; width: 42.57975%;\"><a href=\"https:\/\/banques-ecoles.fr\/cms\/wp-content\/uploads\/2024\/10\/24_2cc_rap_general.pdf\" target=\"_blank\" rel=\"noopener\"><span class=\"internal-link\">ENS<\/span><span class=\"internal-link\"> de Lyon<\/span><\/a><\/td>\n<\/tr>\n<tr style=\"height: 24px;\">\n<td style=\"text-align: center; height: 24px; width: 13.453537%;\"><strong>2023<\/strong><\/td>\n<td style=\"text-align: center; height: 24px; width: 42.57975%;\"><\/td>\n<td style=\"text-align: center; height: 24px; width: 42.57975%;\"><a href=\"https:\/\/banques-ecoles.fr\/cms\/wp-content\/uploads\/2023\/10\/23_2CC_rap_general.pdf\" target=\"_blank\" rel=\"noopener\"><span class=\"internal-link\">ENS<\/span><span class=\"internal-link\"> de Lyon<\/span><\/a><\/td>\n<\/tr>\n<tr style=\"height: 24px;\">\n<td style=\"text-align: center; height: 24px; width: 13.453537%;\"><strong>2022<\/strong><\/td>\n<td style=\"text-align: center; height: 24px; width: 42.57975%;\"><\/td>\n<td style=\"text-align: center; height: 24px; width: 42.57975%;\"><a href=\"https:\/\/banques-ecoles.fr\/cms\/wp-content\/uploads\/2022\/11\/22_2cc_rap_general.pdf\" target=\"_blank\" rel=\"noopener\"><span class=\"internal-link\">ENS de Lyon<\/span><\/a><\/td>\n<\/tr>\n<tr style=\"height: 24px;\">\n<td style=\"text-align: center; height: 24px; width: 13.453537%;\"><strong>2021<\/strong><\/td>\n<td style=\"text-align: center; height: 24px; width: 42.57975%;\"><\/td>\n<td style=\"text-align: center; height: 24px; width: 42.57975%;\"><a href=\"https:\/\/banques-ecoles.fr\/cms\/wp-content\/uploads\/2021\/11\/21_2CC_rap_jury_general.pdf\" target=\"_blank\" rel=\"noopener\"><span class=\"internal-link\">ENS de Lyon<\/span><\/a><\/td>\n<\/tr>\n<tr style=\"height: 24px;\">\n<td style=\"text-align: center; height: 24px; width: 13.453537%;\"><strong>2020<\/strong><\/td>\n<td style=\"text-align: center; height: 24px; width: 42.57975%;\"><\/td>\n<td style=\"text-align: center; height: 24px; width: 42.57975%;\"><a href=\"https:\/\/banques-ecoles.fr\/cms\/wp-content\/uploads\/2021\/02\/20_2CC_rapport-general.pdf\" target=\"_blank\" rel=\"noopener\"><span class=\"internal-link\">ENS de Lyon<\/span><\/a><\/td>\n<\/tr>\n<tr style=\"height: 24px;\">\n<td style=\"text-align: center; height: 24px; width: 13.453537%;\"><strong>2019<\/strong><\/td>\n<td style=\"text-align: center; height: 24px; width: 42.57975%;\"><\/td>\n<td style=\"text-align: center; height: 24px; width: 42.57975%;\"><a href=\"https:\/\/banques-ecoles.fr\/cms\/wp-content\/uploads\/2020\/01\/19_2CC_Rapport_general.pdf\" target=\"_blank\" rel=\"noopener\"><span class=\"internal-link\">ENS de Lyon<\/span><\/a><\/td>\n<\/tr>\n<tr style=\"height: 24px;\">\n<td style=\"text-align: center; height: 24px; width: 13.453537%;\"><strong>2018<\/strong><\/td>\n<td style=\"text-align: center; height: 24px; width: 42.57975%;\"><\/td>\n<td style=\"text-align: center; height: 24px; width: 42.57975%;\"><a href=\"https:\/\/banques-ecoles.fr\/cms\/wp-content\/uploads\/2018\/10\/18_2CC_rap_general.pdf\" target=\"_blank\" rel=\"noopener\"><span class=\"internal-link\">ENS de Lyon<\/span><\/a><\/td>\n<\/tr>\n<tr style=\"height: 24px;\">\n<td style=\"text-align: center; height: 24px; width: 13.453537%;\"><strong>2017<\/strong><\/td>\n<td style=\"text-align: center; height: 24px; width: 42.57975%;\"><\/td>\n<td style=\"text-align: center; height: 24px; width: 42.57975%;\"><a href=\"https:\/\/banques-ecoles.fr\/cms\/wp-content\/uploads\/2017\/10\/17_2CC_rap_general.pdf\" target=\"_blank\" rel=\"noopener\"><span class=\"internal-link\">ENS de Lyon<\/span><\/a><\/td>\n<\/tr>\n<tr style=\"height: 24px;\">\n<td style=\"text-align: center; height: 24px; width: 13.453537%;\"><strong>2016<\/strong><\/td>\n<td style=\"text-align: center; height: 24px; width: 42.57975%;\">ENS (Paris)<\/td>\n<td style=\"text-align: center; height: 24px; width: 42.57975%;\"><a href=\"https:\/\/banques-ecoles.fr\/cms\/wp-content\/uploads\/2016\/10\/16_2c_rap_general.pdf\" target=\"_blank\" rel=\"noopener\"><span class=\"internal-link\">ENS de Lyon<\/span><\/a><\/td>\n<\/tr>\n<tr style=\"height: 24px;\">\n<td style=\"text-align: center; height: 24px; width: 13.453537%;\"><strong>2015<\/strong><\/td>\n<td style=\"text-align: center; height: 24px; width: 42.57975%;\">ENS (Paris)<\/td>\n<td style=\"text-align: center; height: 24px; width: 42.57975%;\"><a href=\"https:\/\/banques-ecoles.fr\/cms\/wp-content\/uploads\/2015\/10\/15_2clyon_rap_gene.pdf\"><span class=\"internal-link\">ENS de Lyon<\/span><\/a><\/td>\n<\/tr>\n<tr style=\"height: 24px;\">\n<td style=\"text-align: center; height: 24px; width: 13.453537%;\"><strong>2014<\/strong><\/td>\n<td style=\"text-align: center; height: 24px; width: 42.57975%;\">ENS (Paris)<\/td>\n<td style=\"text-align: center; height: 24px; width: 42.57975%;\"><a href=\"https:\/\/banques-ecoles.fr\/cms\/wp-content\/uploads\/2014\/10\/14_2clyon_rap_gene_vp.pdf\"><span class=\"internal-link\">ENS de Lyon<\/span><\/a><\/td>\n<\/tr>\n<tr style=\"height: 24px;\">\n<td style=\"text-align: center; height: 24px; width: 13.453537%;\"><strong>2013<\/strong><\/td>\n<td style=\"text-align: center; height: 24px; width: 42.57975%;\">ENS (Paris)<\/td>\n<td style=\"text-align: center; height: 24px; width: 42.57975%;\"><a href=\"https:\/\/banques-ecoles.fr\/cms\/wp-content\/uploads\/2014\/07\/13_2clyon_rap_gene.pdf\"><span class=\"internal-link\">ENS de Lyon<\/span><\/a><\/td>\n<\/tr>\n<tr style=\"height: 24px;\">\n<td style=\"text-align: center; height: 24px; width: 13.453537%;\"><strong>2012<\/strong><\/td>\n<td style=\"text-align: center; height: 24px; width: 42.57975%;\">ENS (Paris)<\/td>\n<td style=\"text-align: center; height: 24px; width: 42.57975%;\"><a class=\"internal-link\" href=\"rapports-des-presidents-et-vice-presidents\/rap_2c2012_general.pdf\">ENS de Lyon<\/a><\/td>\n<\/tr>\n<tr style=\"height: 24px;\">\n<td style=\"text-align: center; height: 24px; width: 13.453537%;\"><strong>2011<\/strong><\/td>\n<td style=\"text-align: center; height: 24px; width: 42.57975%;\">ENS (Paris)<\/td>\n<td style=\"text-align: center; height: 24px; width: 42.57975%;\"><a class=\"internal-link\" href=\"rapports-des-presidents-et-vice-presidents\/dp06oct11_rapport_general_11.pdf\">ENS de Lyon<\/a><\/td>\n<\/tr>\n<tr style=\"height: 24px;\">\n<td style=\"text-align: center; height: 24px; width: 13.453537%;\"><strong>2010<\/strong><\/td>\n<td style=\"text-align: center; height: 24px; width: 42.57975%;\">ENS (Paris)<\/td>\n<td style=\"text-align: center; height: 24px; width: 42.57975%;\">ENS de Lyon<\/td>\n<\/tr>\n<tr style=\"height: 24px;\">\n<td style=\"text-align: center; height: 24px; width: 13.453537%;\"><strong>2009<\/strong><\/td>\n<td style=\"text-align: center; height: 24px; width: 42.57975%;\">ENS (Paris)<\/td>\n<td style=\"text-align: center; height: 24px; width: 42.57975%;\"><a href=\"\/cms\/wp-content\/data\/filieres-universitaires\/rapports-des-presidents-et-vice-presidents\/rapport-2009-second-concours_president_lyon.pdf\">ENS de Lyon<\/a><\/td>\n<\/tr>\n<tr style=\"height: 24px;\">\n<td style=\"text-align: center; height: 24px; width: 13.453537%;\"><strong>2008<\/strong><\/td>\n<td style=\"text-align: center; height: 24px; width: 42.57975%;\">ENS (Paris)<\/td>\n<td style=\"text-align: center; height: 24px; width: 42.57975%;\"><a href=\"\/cms\/wp-content\/data\/filieres-universitaires\/rapports-des-presidents-et-vice-presidents\/rapport_president_second_concours_lyon_2008.pdf\">ENS de Lyon<\/a><\/td>\n<\/tr>\n<tr style=\"height: 24px;\">\n<td style=\"text-align: center; height: 24px; width: 13.453537%;\"><strong>2007<\/strong><\/td>\n<td style=\"text-align: center; height: 24px; width: 42.57975%;\"><a href=\"\/cms\/wp-content\/data\/filieres-universitaires\/rapports-des-presidents-et-vice-presidents\/rapport_president_second_concours_paris_2007.pdf\">ENS (Paris)<\/a><\/td>\n<td style=\"text-align: center; height: 24px; width: 42.57975%;\"><a href=\"\/cms\/wp-content\/data\/filieres-universitaires\/rapports-des-presidents-et-vice-presidents\/rapport_president_second_concours_lyon_2007.pdf\">ENS de Lyon<\/a><\/td>\n<\/tr>\n<tr style=\"height: 24px;\">\n<td style=\"text-align: center; height: 24px; width: 13.453537%;\"><strong>2006<\/strong><\/td>\n<td style=\"text-align: center; height: 24px; width: 42.57975%;\"><a href=\"\/cms\/wp-content\/data\/filieres-universitaires\/rapports-des-presidents-et-vice-presidents\/rapport_president_second_concours_paris_2006.pdf\">ENS (Paris)<\/a><\/td>\n<td style=\"text-align: center; height: 24px; width: 42.57975%;\"><a href=\"\/cms\/wp-content\/data\/filieres-universitaires\/rapports-des-presidents-et-vice-presidents\/rapport_president_second_concours_lyon_2006.pdf\">ENS de Lyon<\/a><\/td>\n<\/tr>\n<tr style=\"height: 24px;\">\n<td style=\"text-align: center; height: 24px; width: 13.453537%;\"><strong>2005<\/strong><\/td>\n<td style=\"text-align: center; height: 24px; width: 42.57975%;\">ENS (Paris)<\/td>\n<td style=\"text-align: center; height: 24px; width: 42.57975%;\">ENS de Lyon<\/td>\n<\/tr>\n<tr style=\"height: 24px;\">\n<td style=\"text-align: center; height: 24px; width: 13.453537%;\"><strong>2004<\/strong><\/td>\n<td style=\"text-align: center; height: 24px; width: 42.57975%;\">ENS (Paris)<\/td>\n<td style=\"text-align: center; height: 24px; width: 42.57975%;\">ENS de Lyon<\/td>\n<\/tr>\n<tr style=\"height: 24px;\">\n<td style=\"text-align: center; height: 24px; width: 13.453537%;\"><strong>2003<\/strong><\/td>\n<td style=\"text-align: center; height: 24px; width: 42.57975%;\">ENS (Paris)<\/td>\n<td style=\"text-align: center; height: 24px; width: 42.57975%;\">ENS de Lyon<\/td>\n<\/tr>\n<\/tbody>\n<\/table>\n","protected":false},"excerpt":{"rendered":"<p>Document donnant acc\u00e8s aux rapports des pr\u00e9sidents et vice-pr\u00e9sidents des concours d&rsquo;admission des ENS pour les fili\u00e8res universitaires Ann\u00e9e Rapport du pr\u00e9sident et du vice-pr\u00e9sident Rapport du pr\u00e9sident et du vice-pr\u00e9sident 2025 ENS de Lyon 2024 ENS de Lyon 2023 <a href=\"https:\/\/banques-ecoles.fr\/cms\/filieres-universitaires-second-concours-scientifique\/les-rapports-des-presidents-et-vice-presidents\/\">[Lire la suite]<\/a><\/p>\n","protected":false},"author":1,"featured_media":0,"parent":82,"menu_order":15,"comment_status":"closed","ping_status":"open","template":"","meta":{"footnotes":""},"class_list":["post-1236","page","type-page","status-publish","hentry"],"_links":{"self":[{"href":"https:\/\/banques-ecoles.fr\/cms\/wp-json\/wp\/v2\/pages\/1236","targetHints":{"allow":["GET"]}}],"collection":[{"href":"https:\/\/banques-ecoles.fr\/cms\/wp-json\/wp\/v2\/pages"}],"about":[{"href":"https:\/\/banques-ecoles.fr\/cms\/wp-json\/wp\/v2\/types\/page"}],"author":[{"embeddable":true,"href":"https:\/\/banques-ecoles.fr\/cms\/wp-json\/wp\/v2\/users\/1"}],"replies":[{"embeddable":true,"href":"https:\/\/banques-ecoles.fr\/cms\/wp-json\/wp\/v2\/comments?post=1236"}],"version-history":[{"count":19,"href":"https:\/\/banques-ecoles.fr\/cms\/wp-json\/wp\/v2\/pages\/1236\/revisions"}],"predecessor-version":[{"id":12879,"href":"https:\/\/banques-ecoles.fr\/cms\/wp-json\/wp\/v2\/pages\/1236\/revisions\/12879"}],"up":[{"embeddable":true,"href":"https:\/\/banques-ecoles.fr\/cms\/wp-json\/wp\/v2\/pages\/82"}],"wp:attachment":[{"href":"https:\/\/banques-ecoles.fr\/cms\/wp-json\/wp\/v2\/media?parent=1236"}],"curies":[{"name":"wp","href":"https:\/\/api.w.org\/{rel}","templated":true}]}}