{"id":1244,"date":"2013-02-27T10:17:52","date_gmt":"2013-02-27T09:17:52","guid":{"rendered":"http:\/\/banques-ecoles-dev.fr\/cms\/?page_id=1244"},"modified":"2013-04-21T14:53:44","modified_gmt":"2013-04-21T13:53:44","slug":"session-2012","status":"publish","type":"page","link":"https:\/\/banques-ecoles.fr\/cms\/filieres-universitaires-second-concours-scientifique\/annales-du-second-concours-de-lens-de-lyon\/session-2012\/","title":{"rendered":"Session 2012"},"content":{"rendered":"<p>Sujets des \u00e9preuves \u00e9crites du concours des fili\u00e8res universitaires, pour la session 2012.<\/p>\n<p>&nbsp;<\/p>\n<p><a href=\"\/cms\/wp-content\/data\/filieres-universitaires\/annales-du-second-concours-de-lens-lyon\/session-2012\/Ecrit_biologie-biochimie2012.pdf\">Sujet de l&rsquo;\u00e9crit de Biologie-Biochimie<\/a><\/p>\n<p><a href=\"\/cms\/wp-content\/data\/filieres-universitaires\/annales-du-second-concours-de-lens-lyon\/session-2012\/Ecrit_chimie2012.pdf\">Sujet de l&rsquo;\u00e9crit de Chimie<\/a><\/p>\n<p><a href=\"\/cms\/wp-content\/data\/filieres-universitaires\/annales-du-second-concours-de-lens-lyon\/session-2012\/Ecrit_geosciences2012.pdf\">Sujet de l&rsquo;\u00e9crit des G\u00e9osciences<\/a><\/p>\n<p><a href=\"\/cms\/wp-content\/data\/filieres-universitaires\/annales-du-second-concours-de-lens-lyon\/session-2012\/Ecrit_physique2012.pdf\">Sujet de l&rsquo;\u00e9crit de la Physique<\/a><\/p>\n<p><a href=\"\/cms\/wp-content\/data\/filieres-universitaires\/annales-du-second-concours-de-lens-lyon\/session-2012\/Ecrit_mathematiques2012.pdf\">Sujet de l&rsquo;\u00e9crit des Math\u00e9matiques<\/a><\/p>\n<p><a href=\"\/cms\/wp-content\/data\/filieres-universitaires\/annales-du-second-concours-de-lens-lyon\/session-2012\/Ecrit_Informatique2012.pdf\">Sujet de l&rsquo;\u00e9crit de l&rsquo;Informatique<\/a><\/p>\n","protected":false},"excerpt":{"rendered":"<p>Sujets des \u00e9preuves \u00e9crites du concours des fili\u00e8res universitaires, pour la session 2012. &nbsp; Sujet de l&rsquo;\u00e9crit de Biologie-Biochimie Sujet de l&rsquo;\u00e9crit de Chimie Sujet de l&rsquo;\u00e9crit des G\u00e9osciences Sujet de l&rsquo;\u00e9crit de la Physique Sujet de l&rsquo;\u00e9crit des Math\u00e9matiques <a href=\"https:\/\/banques-ecoles.fr\/cms\/filieres-universitaires-second-concours-scientifique\/annales-du-second-concours-de-lens-de-lyon\/session-2012\/\">[Lire la suite]<\/a><\/p>\n","protected":false},"author":1,"featured_media":0,"parent":1184,"menu_order":0,"comment_status":"closed","ping_status":"open","template":"","meta":{"footnotes":""},"class_list":["post-1244","page","type-page","status-publish","hentry"],"_links":{"self":[{"href":"https:\/\/banques-ecoles.fr\/cms\/wp-json\/wp\/v2\/pages\/1244","targetHints":{"allow":["GET"]}}],"collection":[{"href":"https:\/\/banques-ecoles.fr\/cms\/wp-json\/wp\/v2\/pages"}],"about":[{"href":"https:\/\/banques-ecoles.fr\/cms\/wp-json\/wp\/v2\/types\/page"}],"author":[{"embeddable":true,"href":"https:\/\/banques-ecoles.fr\/cms\/wp-json\/wp\/v2\/users\/1"}],"replies":[{"embeddable":true,"href":"https:\/\/banques-ecoles.fr\/cms\/wp-json\/wp\/v2\/comments?post=1244"}],"version-history":[{"count":4,"href":"https:\/\/banques-ecoles.fr\/cms\/wp-json\/wp\/v2\/pages\/1244\/revisions"}],"predecessor-version":[{"id":2465,"href":"https:\/\/banques-ecoles.fr\/cms\/wp-json\/wp\/v2\/pages\/1244\/revisions\/2465"}],"up":[{"embeddable":true,"href":"https:\/\/banques-ecoles.fr\/cms\/wp-json\/wp\/v2\/pages\/1184"}],"wp:attachment":[{"href":"https:\/\/banques-ecoles.fr\/cms\/wp-json\/wp\/v2\/media?parent=1244"}],"curies":[{"name":"wp","href":"https:\/\/api.w.org\/{rel}","templated":true}]}}