{"id":1245,"date":"2013-02-27T10:18:01","date_gmt":"2013-02-27T09:18:01","guid":{"rendered":"http:\/\/banques-ecoles-dev.fr\/cms\/?page_id=1245"},"modified":"2013-04-21T14:54:13","modified_gmt":"2013-04-21T13:54:13","slug":"session-2011","status":"publish","type":"page","link":"https:\/\/banques-ecoles.fr\/cms\/filieres-universitaires-second-concours-scientifique\/annales-du-second-concours-de-lens-de-lyon\/session-2011\/","title":{"rendered":"Session 2011"},"content":{"rendered":"<p>Sujets des \u00e9preuves \u00e9crites du concours des fili\u00e8res universitaires, pour la session 2011.<\/p>\n<p>&nbsp;<\/p>\n<p><a href=\"\/cms\/wp-content\/data\/filieres-universitaires\/annales-du-second-concours-de-lens-lyon\/session-2011\/sujet_ecrit_2c2011_biologie_biochimie.pdf\">Sujet de l&rsquo;\u00e9crit de biologie-biochimie<\/a><\/p>\n<p><a href=\"\/cms\/wp-content\/data\/filieres-universitaires\/annales-du-second-concours-de-lens-lyon\/session-2011\/sujet_ecrit_2c2011_chimie.pdf\">Sujet de l&rsquo;\u00e9crit de chimie<\/a><\/p>\n<p><a href=\"\/cms\/wp-content\/data\/filieres-universitaires\/annales-du-second-concours-de-lens-lyon\/session-2011\/sujet_ecrit_2c2011_geosciences.pdf\">Sujet de l&rsquo;\u00e9crit de g\u00e9osciences<\/a><\/p>\n<p><a href=\"\/cms\/wp-content\/data\/filieres-universitaires\/annales-du-second-concours-de-lens-lyon\/session-2011\/sujet_ecrit_2c2011_informatique.pdf\">Sujet de l&rsquo;\u00e9crit d&rsquo;informatique<\/a><\/p>\n<p><a href=\"\/cms\/wp-content\/data\/filieres-universitaires\/annales-du-second-concours-de-lens-lyon\/session-2011\/sujet_ecrit_2c2011_mathematiques.pdf\">Sujet de l&rsquo;\u00e9crit de math\u00e9matiques<\/a><\/p>\n<p><a href=\"\/cms\/wp-content\/data\/filieres-universitaires\/annales-du-second-concours-de-lens-lyon\/session-2011\/sujet_ecrit_2c2011_physique.pdf\">Sujet de l&rsquo;\u00e9crit de physique<\/a><\/p>\n","protected":false},"excerpt":{"rendered":"<p>Sujets des \u00e9preuves \u00e9crites du concours des fili\u00e8res universitaires, pour la session 2011. &nbsp; Sujet de l&rsquo;\u00e9crit de biologie-biochimie Sujet de l&rsquo;\u00e9crit de chimie Sujet de l&rsquo;\u00e9crit de g\u00e9osciences Sujet de l&rsquo;\u00e9crit d&rsquo;informatique Sujet de l&rsquo;\u00e9crit de math\u00e9matiques Sujet de <a href=\"https:\/\/banques-ecoles.fr\/cms\/filieres-universitaires-second-concours-scientifique\/annales-du-second-concours-de-lens-de-lyon\/session-2011\/\">[Lire la suite]<\/a><\/p>\n","protected":false},"author":1,"featured_media":0,"parent":1184,"menu_order":1,"comment_status":"closed","ping_status":"open","template":"","meta":{"footnotes":""},"class_list":["post-1245","page","type-page","status-publish","hentry"],"_links":{"self":[{"href":"https:\/\/banques-ecoles.fr\/cms\/wp-json\/wp\/v2\/pages\/1245","targetHints":{"allow":["GET"]}}],"collection":[{"href":"https:\/\/banques-ecoles.fr\/cms\/wp-json\/wp\/v2\/pages"}],"about":[{"href":"https:\/\/banques-ecoles.fr\/cms\/wp-json\/wp\/v2\/types\/page"}],"author":[{"embeddable":true,"href":"https:\/\/banques-ecoles.fr\/cms\/wp-json\/wp\/v2\/users\/1"}],"replies":[{"embeddable":true,"href":"https:\/\/banques-ecoles.fr\/cms\/wp-json\/wp\/v2\/comments?post=1245"}],"version-history":[{"count":3,"href":"https:\/\/banques-ecoles.fr\/cms\/wp-json\/wp\/v2\/pages\/1245\/revisions"}],"predecessor-version":[{"id":2158,"href":"https:\/\/banques-ecoles.fr\/cms\/wp-json\/wp\/v2\/pages\/1245\/revisions\/2158"}],"up":[{"embeddable":true,"href":"https:\/\/banques-ecoles.fr\/cms\/wp-json\/wp\/v2\/pages\/1184"}],"wp:attachment":[{"href":"https:\/\/banques-ecoles.fr\/cms\/wp-json\/wp\/v2\/media?parent=1245"}],"curies":[{"name":"wp","href":"https:\/\/api.w.org\/{rel}","templated":true}]}}