{"id":1265,"date":"2013-02-27T10:26:18","date_gmt":"2013-02-27T09:26:18","guid":{"rendered":"http:\/\/banques-ecoles-dev.fr\/cms\/?page_id=1265"},"modified":"2013-04-21T14:57:47","modified_gmt":"2013-04-21T13:57:47","slug":"session-2012","status":"publish","type":"page","link":"https:\/\/banques-ecoles.fr\/cms\/filieres-universitaires-second-concours-scientifique\/annales-du-second-concours-de-lens-paris\/session-2012\/","title":{"rendered":"Session 2012"},"content":{"rendered":"<p>Sujets des \u00e9preuves \u00e9crites du concours des fili\u00e8res m\u00e9dicale et pharmaceutique, pour la session 2012.<\/p>\n<p>&nbsp;<\/p>\n<p><a href=\"\/cms\/wp-content\/data\/filieres-universitaires\/annales-du-second-concours-de-lens-paris\/session-2012\/Sujet_second_concours_Biologie-biochimie_2012.pdf\">Sujet de l&rsquo;\u00e9crit de Biologie-biochimie<\/a><\/p>\n<p><a href=\"\/cms\/wp-content\/data\/filieres-universitaires\/annales-du-second-concours-de-lens-paris\/session-2012\/Sujet_second_concours_Chimie_Physique_2012.pdf\">Sujet de l&rsquo;\u00e9crit de Chimie-Physique<\/a><\/p>\n<p><a href=\"\/cms\/wp-content\/data\/filieres-universitaires\/annales-du-second-concours-de-lens-paris\/session-2012\/Sujet_second_concours_Physique-Maths_2012.pdf\">Sujet de l&rsquo;\u00e9crit de Physique-Maths<\/a><\/p>\n","protected":false},"excerpt":{"rendered":"<p>Sujets des \u00e9preuves \u00e9crites du concours des fili\u00e8res m\u00e9dicale et pharmaceutique, pour la session 2012. &nbsp; Sujet de l&rsquo;\u00e9crit de Biologie-biochimie Sujet de l&rsquo;\u00e9crit de Chimie-Physique Sujet de l&rsquo;\u00e9crit de Physique-Maths<\/p>\n","protected":false},"author":1,"featured_media":0,"parent":1185,"menu_order":0,"comment_status":"closed","ping_status":"open","template":"","meta":{"footnotes":""},"class_list":["post-1265","page","type-page","status-publish","hentry"],"_links":{"self":[{"href":"https:\/\/banques-ecoles.fr\/cms\/wp-json\/wp\/v2\/pages\/1265","targetHints":{"allow":["GET"]}}],"collection":[{"href":"https:\/\/banques-ecoles.fr\/cms\/wp-json\/wp\/v2\/pages"}],"about":[{"href":"https:\/\/banques-ecoles.fr\/cms\/wp-json\/wp\/v2\/types\/page"}],"author":[{"embeddable":true,"href":"https:\/\/banques-ecoles.fr\/cms\/wp-json\/wp\/v2\/users\/1"}],"replies":[{"embeddable":true,"href":"https:\/\/banques-ecoles.fr\/cms\/wp-json\/wp\/v2\/comments?post=1265"}],"version-history":[{"count":3,"href":"https:\/\/banques-ecoles.fr\/cms\/wp-json\/wp\/v2\/pages\/1265\/revisions"}],"predecessor-version":[{"id":2164,"href":"https:\/\/banques-ecoles.fr\/cms\/wp-json\/wp\/v2\/pages\/1265\/revisions\/2164"}],"up":[{"embeddable":true,"href":"https:\/\/banques-ecoles.fr\/cms\/wp-json\/wp\/v2\/pages\/1185"}],"wp:attachment":[{"href":"https:\/\/banques-ecoles.fr\/cms\/wp-json\/wp\/v2\/media?parent=1265"}],"curies":[{"name":"wp","href":"https:\/\/api.w.org\/{rel}","templated":true}]}}