{"id":1268,"date":"2013-02-27T10:26:45","date_gmt":"2013-02-27T09:26:45","guid":{"rendered":"http:\/\/banques-ecoles-dev.fr\/cms\/?page_id=1268"},"modified":"2013-04-21T15:02:18","modified_gmt":"2013-04-21T14:02:18","slug":"session-2008","status":"publish","type":"page","link":"https:\/\/banques-ecoles.fr\/cms\/filieres-universitaires-second-concours-scientifique\/annales-du-second-concours-de-lens-paris\/session-2008\/","title":{"rendered":"Session 2008"},"content":{"rendered":"<p>Sujets des \u00e9preuves \u00e9crites du concours des fili\u00e8res m\u00e9dicale et pharmaceutique, pour la session 2008.<\/p>\n<p>&nbsp;<\/p>\n<p><a href=\"\/cms\/wp-content\/data\/filieres-universitaires\/annales-du-second-concours-de-lens-paris\/session-2008\/sujet-ecrit-2008-second-concours_biologie_biochimie.pdf\">Sujet de l&rsquo;\u00e9crit de biologie-biochimie<\/a><\/p>\n<p><a href=\"\/cms\/wp-content\/data\/filieres-universitaires\/annales-du-second-concours-de-lens-paris\/session-2008\/sujet-ecrit-2008-second-concours_chimie_physique.pdf\">Sujet de l&rsquo;\u00e9crit de chimie-physique<\/a><\/p>\n<p><a href=\"\/cms\/wp-content\/data\/filieres-universitaires\/annales-du-second-concours-de-lens-paris\/session-2008\/sujet-ecrit-2008-second-concours_physique_mathematiques.pdf\">Sujet de l&rsquo;\u00e9crit de physique-math\u00e9matiques<\/a><\/p>\n","protected":false},"excerpt":{"rendered":"<p>Sujets des \u00e9preuves \u00e9crites du concours des fili\u00e8res m\u00e9dicale et pharmaceutique, pour la session 2008. &nbsp; Sujet de l&rsquo;\u00e9crit de biologie-biochimie Sujet de l&rsquo;\u00e9crit de chimie-physique Sujet de l&rsquo;\u00e9crit de physique-math\u00e9matiques<\/p>\n","protected":false},"author":1,"featured_media":0,"parent":1185,"menu_order":2,"comment_status":"closed","ping_status":"open","template":"","meta":{"footnotes":""},"class_list":["post-1268","page","type-page","status-publish","hentry"],"_links":{"self":[{"href":"https:\/\/banques-ecoles.fr\/cms\/wp-json\/wp\/v2\/pages\/1268","targetHints":{"allow":["GET"]}}],"collection":[{"href":"https:\/\/banques-ecoles.fr\/cms\/wp-json\/wp\/v2\/pages"}],"about":[{"href":"https:\/\/banques-ecoles.fr\/cms\/wp-json\/wp\/v2\/types\/page"}],"author":[{"embeddable":true,"href":"https:\/\/banques-ecoles.fr\/cms\/wp-json\/wp\/v2\/users\/1"}],"replies":[{"embeddable":true,"href":"https:\/\/banques-ecoles.fr\/cms\/wp-json\/wp\/v2\/comments?post=1268"}],"version-history":[{"count":5,"href":"https:\/\/banques-ecoles.fr\/cms\/wp-json\/wp\/v2\/pages\/1268\/revisions"}],"predecessor-version":[{"id":2170,"href":"https:\/\/banques-ecoles.fr\/cms\/wp-json\/wp\/v2\/pages\/1268\/revisions\/2170"}],"up":[{"embeddable":true,"href":"https:\/\/banques-ecoles.fr\/cms\/wp-json\/wp\/v2\/pages\/1185"}],"wp:attachment":[{"href":"https:\/\/banques-ecoles.fr\/cms\/wp-json\/wp\/v2\/media?parent=1268"}],"curies":[{"name":"wp","href":"https:\/\/api.w.org\/{rel}","templated":true}]}}