{"id":12685,"date":"2025-05-17T16:02:23","date_gmt":"2025-05-17T14:02:23","guid":{"rendered":"https:\/\/banques-ecoles.fr\/cms\/?page_id=12685"},"modified":"2026-03-10T17:05:53","modified_gmt":"2026-03-10T15:05:53","slug":"session-2025-2","status":"publish","type":"page","link":"https:\/\/banques-ecoles.fr\/cms\/filiere-mp\/annales-des-banques-mp-info-mpi-classees-par-annee\/session-2025-2\/","title":{"rendered":"Session 2025"},"content":{"rendered":"\n\n\n<p><strong>Sujets des \u00e9preuves \u00e9crites des banques MP et MPI 2025 :<\/strong><\/p>\n<p>\u00a0<\/p>\n<p><a href=\"https:\/\/www.ens.psl.eu\/sites\/default\/files\/maths_a_mp-mpi_sujet.pdf\">\u00c9preuve \u00e9crite de Math A \u2013 4h \u2013 MP-MPI XLSR<\/a><\/p>\n<p><a href=\"https:\/\/www.polytechnique.edu\/admission-cycle-ingenieur\/sites\/admission\/files\/content\/Maths%20B%20MP-MPI%20sujet.pdf\">\u00c9preuve \u00e9crite de Math B \u2013 4h \u2013 MP-MPI X<\/a><\/p>\n<p>\u00c9preuve \u00e9crite de Math C \u2013 4h \u2013 MP-MPI ULSR<\/p>\n<p><a href=\"https:\/\/www.ens.psl.eu\/sites\/default\/files\/2025.mathsd.pdf\">\u00c9preuve \u00e9crite de Math D \u2013 6h \u2013 MP U<\/a><\/p>\n<p><a href=\"https:\/\/www.ens.psl.eu\/sites\/default\/files\/info_a_mp-mpi_sujet.pdf\">\u00c9preuve \u00e9crite de Info A \u2013 4h \u2013 MP-MPI XULSR<\/a><\/p>\n<p><a href=\"https:\/\/www.polytechnique.edu\/admission-cycle-ingenieur\/sites\/admission\/files\/content\/Info%20B%20MP%20PC.pdf\">\u00c9preuve \u00e9crite de Info B \u2013 2h \u2013 MP-PC XELSR<\/a><\/p>\n<p>\u00c9preuve \u00e9crite de Info fondamentale \u2013 4h \u2013 MP-MPI ULSR<\/p>\n<p><a href=\"https:\/\/www.ens.psl.eu\/sites\/default\/files\/info_c_mpi.pdf\">\u00c9preuve \u00e9crite de Info C \u2013 4h \u2013 MPI XULSR<\/a><\/p>\n<p><a href=\"https:\/\/www.ens.psl.eu\/sites\/default\/files\/25_mp_suj_psi_x.pdf\">\u00c9preuve \u00e9crite de Physique \u2013 4h \u2013 MP XULSR<\/a><\/p>\n<p><a href=\"https:\/\/banques-ecoles.fr\/cms\/wp-content\/uploads\/2025\/05\/25_mp_suj_psi_x.pdf\" target=\"_blank\" rel=\"noopener\">\u00c9preuve \u00e9crite de Physique &amp; SI \u2013 4h \u2013 MP X<\/a><\/p>\n<p><a href=\"https:\/\/www.polytechnique.edu\/admission-cycle-ingenieur\/sites\/admission\/files\/content\/Physique%20MPI.pdf\">\u00c9preuve \u00e9crite de Physique MPI \u2013 4h \u2013 MPI X<\/a><\/p>\n<p><a href=\"https:\/\/www.ens.psl.eu\/sites\/default\/files\/francais_mp_mpi_pc_sujet.pdf\">\u00c9preuve \u00e9crite de fran\u00e7ais \u2013 4h \u2013 MP-MPI-PC-PSI XEULSR<\/a><\/p>\n<p>\u00a0<\/p>\n<p><em>\u00c9preuve \u00e9crite de LV \u2013 4h \u2013 MP-MPI-PC-PSI XEULSR :<\/em><\/p>\n<ul>\n<li><a href=\"https:\/\/www.ens.psl.eu\/sites\/default\/files\/allemand_sujet.pdf\">allemand<\/a><\/li>\n<li><a href=\"https:\/\/www.ens.psl.eu\/sites\/default\/files\/anglais_sujet.pdf\">anglais<\/a><\/li>\n<li><a href=\"https:\/\/www.ens.psl.eu\/sites\/default\/files\/arabe_sujet.pdf\">arabe<\/a><\/li>\n<li><a href=\"https:\/\/www.ens.psl.eu\/sites\/default\/files\/espagnol_sujet.pdf\">espagnol<\/a><\/li>\n<\/ul>\n\n\n\n\n","protected":false},"excerpt":{"rendered":"<p>Sujets des \u00e9preuves \u00e9crites des banques MP et MPI 2025 : \u00a0 \u00c9preuve \u00e9crite de Math A \u2013 4h \u2013 MP-MPI XLSR \u00c9preuve \u00e9crite de Math B \u2013 4h \u2013 MP-MPI X \u00c9preuve \u00e9crite de Math C \u2013 4h \u2013 <a href=\"https:\/\/banques-ecoles.fr\/cms\/filiere-mp\/annales-des-banques-mp-info-mpi-classees-par-annee\/session-2025-2\/\">[Lire la suite]<\/a><\/p>\n","protected":false},"author":5,"featured_media":0,"parent":11238,"menu_order":0,"comment_status":"closed","ping_status":"closed","template":"","meta":{"footnotes":""},"class_list":["post-12685","page","type-page","status-publish","hentry"],"_links":{"self":[{"href":"https:\/\/banques-ecoles.fr\/cms\/wp-json\/wp\/v2\/pages\/12685","targetHints":{"allow":["GET"]}}],"collection":[{"href":"https:\/\/banques-ecoles.fr\/cms\/wp-json\/wp\/v2\/pages"}],"about":[{"href":"https:\/\/banques-ecoles.fr\/cms\/wp-json\/wp\/v2\/types\/page"}],"author":[{"embeddable":true,"href":"https:\/\/banques-ecoles.fr\/cms\/wp-json\/wp\/v2\/users\/5"}],"replies":[{"embeddable":true,"href":"https:\/\/banques-ecoles.fr\/cms\/wp-json\/wp\/v2\/comments?post=12685"}],"version-history":[{"count":6,"href":"https:\/\/banques-ecoles.fr\/cms\/wp-json\/wp\/v2\/pages\/12685\/revisions"}],"predecessor-version":[{"id":13270,"href":"https:\/\/banques-ecoles.fr\/cms\/wp-json\/wp\/v2\/pages\/12685\/revisions\/13270"}],"up":[{"embeddable":true,"href":"https:\/\/banques-ecoles.fr\/cms\/wp-json\/wp\/v2\/pages\/11238"}],"wp:attachment":[{"href":"https:\/\/banques-ecoles.fr\/cms\/wp-json\/wp\/v2\/media?parent=12685"}],"curies":[{"name":"wp","href":"https:\/\/api.w.org\/{rel}","templated":true}]}}