{"id":12695,"date":"2025-05-17T16:17:31","date_gmt":"2025-05-17T14:17:31","guid":{"rendered":"https:\/\/banques-ecoles.fr\/cms\/?page_id=12695"},"modified":"2025-07-21T12:07:14","modified_gmt":"2025-07-21T10:07:14","slug":"session-2025-3","status":"publish","type":"page","link":"https:\/\/banques-ecoles.fr\/cms\/filiere-pc\/annales-de-la-banque-pc\/session-2025-3\/","title":{"rendered":"Session 2025"},"content":{"rendered":"\n<p><strong>Sujets des \u00e9preuves \u00e9crites de la banque PC, session 2025 :<\/strong><\/p>\n<p>.<\/p>\n<p>\u00c9crit Math \u2013 4h \u2013 PC XEULS<\/p>\n<p>\u00c9crit Chi A \u2013 4h \u2013 PC XEULS<\/p>\n<p>\u00c9crit Chi B \u2013 6h \u2013 PC U<\/p>\n<p>\u00c9crit Phy A \u2013 4h \u2013 PC XE<\/p>\n<p>\u00c9crit Phy B \u2013 4h \u2013 PC XEULS<\/p>\n<p>\u00c9crit Phy C \u2013 6h \u2013 PC U<\/p>\n<p><a href=\"https:\/\/banques-ecoles.fr\/cms\/wp-content\/uploads\/2025\/05\/25_pc_suj_phychi_ls.pdf\" target=\"_blank\" rel=\"noopener\">\u00c9crit PhyChi \u2013 5h \u2013 PC LS<\/a><\/p>\n<p>\u00c9crit Info B \u2013 2h \u2013 MP-PC XELSR<\/p>\n<p>\u00c9crit de fran\u00e7ais \u2013 4h \u2013 MP-MPI-PC-PSI XEULSR<\/p>\n<p>\u00a0<\/p>\n<p><em>\u00c9crit de langue vivante \u2013 4h \u2013 MP-MPI-PC-PSI XEULSR :<\/em><\/p>\n<ul>\n<li>allemand<\/li>\n<li>anglais<\/li>\n<li>arabe<\/li>\n<li>espagnol<\/li>\n<\/ul>\n","protected":false},"excerpt":{"rendered":"<p>Sujets des \u00e9preuves \u00e9crites de la banque PC, session 2025 : . \u00c9crit Math \u2013 4h \u2013 PC XEULS \u00c9crit Chi A \u2013 4h \u2013 PC XEULS \u00c9crit Chi B \u2013 6h \u2013 PC U \u00c9crit Phy A \u2013 4h <a href=\"https:\/\/banques-ecoles.fr\/cms\/filiere-pc\/annales-de-la-banque-pc\/session-2025-3\/\">[Lire la suite]<\/a><\/p>\n","protected":false},"author":5,"featured_media":0,"parent":968,"menu_order":0,"comment_status":"closed","ping_status":"closed","template":"","meta":{"footnotes":""},"class_list":["post-12695","page","type-page","status-publish","hentry"],"_links":{"self":[{"href":"https:\/\/banques-ecoles.fr\/cms\/wp-json\/wp\/v2\/pages\/12695","targetHints":{"allow":["GET"]}}],"collection":[{"href":"https:\/\/banques-ecoles.fr\/cms\/wp-json\/wp\/v2\/pages"}],"about":[{"href":"https:\/\/banques-ecoles.fr\/cms\/wp-json\/wp\/v2\/types\/page"}],"author":[{"embeddable":true,"href":"https:\/\/banques-ecoles.fr\/cms\/wp-json\/wp\/v2\/users\/5"}],"replies":[{"embeddable":true,"href":"https:\/\/banques-ecoles.fr\/cms\/wp-json\/wp\/v2\/comments?post=12695"}],"version-history":[{"count":2,"href":"https:\/\/banques-ecoles.fr\/cms\/wp-json\/wp\/v2\/pages\/12695\/revisions"}],"predecessor-version":[{"id":12697,"href":"https:\/\/banques-ecoles.fr\/cms\/wp-json\/wp\/v2\/pages\/12695\/revisions\/12697"}],"up":[{"embeddable":true,"href":"https:\/\/banques-ecoles.fr\/cms\/wp-json\/wp\/v2\/pages\/968"}],"wp:attachment":[{"href":"https:\/\/banques-ecoles.fr\/cms\/wp-json\/wp\/v2\/media?parent=12695"}],"curies":[{"name":"wp","href":"https:\/\/api.w.org\/{rel}","templated":true}]}}