{"id":12707,"date":"2025-05-24T17:21:38","date_gmt":"2025-05-24T15:21:38","guid":{"rendered":"https:\/\/banques-ecoles.fr\/cms\/?page_id=12707"},"modified":"2025-09-22T15:10:20","modified_gmt":"2025-09-22T13:10:20","slug":"session-2025-4","status":"publish","type":"page","link":"https:\/\/banques-ecoles.fr\/cms\/filiere-pc\/rapports-des-jurys-de-la-banque-pc\/session-2025-4\/","title":{"rendered":"Session 2025"},"content":{"rendered":"\n<p><strong>Rapports sur les \u00e9preuves de la banque PC 2025 :<\/strong><\/p>\n<p>\u00a0<\/p>\n<p>\u00c9preuve \u00e9crite de physique A \u2013 XE<\/p>\n<p>\u00c9preuve \u00e9crite de physique B \u2013 XEULS<\/p>\n<p>\u00c9preuve \u00e9crite de physique C \u2013 U<\/p>\n<p><a href=\"https:\/\/banques-ecoles.fr\/cms\/wp-content\/uploads\/2025\/06\/25_pc_rap_phychi_ls.pdf\" target=\"_blank\" rel=\"noopener\">\u00c9preuve \u00e9crite de physique-chimie \u2013 LS<\/a><\/p>\n<p>\u00c9preuve \u00e9crite de chimie A \u2013 XEULS<\/p>\n<p>\u00c9preuve \u00e9crite de chimie B \u2013 U<\/p>\n<p>\u00c9preuve \u00e9crite de math\u00e9matiques \u2013 XEULS<\/p>\n<p>\u00c9preuve \u00e9crite d\u2019info B 2h \u2013 XELS<\/p>\n<p>\u00c9preuve \u00e9crite de fran\u00e7ais \u2013 4h \u2013 XEULS<\/p>\n<p>\u00a0<\/p>\n<p><em>\u00c9preuve \u00e9crite \u00e9crite de LV \u2013 4h \u2013 XEULS :<\/em><\/p>\n<ul>\n<li>anglais<\/li>\n<li>allemand<\/li>\n<li>arabe<\/li>\n<li>espagnol<\/li>\n<\/ul>\n<p><a href=\"https:\/\/banques-ecoles.fr\/cms\/wp-content\/uploads\/2025\/09\/25_pc_rap_ophy_ls.pdf\" target=\"_blank\" rel=\"noopener\">\u00c9preuve orale de physique \u2013 LS<\/a><\/p>\n<p>\u00c9preuve orale de physique \u2013 U<\/p>\n<p>\u00c9preuve orale de chimie \u2013 LS<\/p>\n<p>\u00c9preuve orale de chimie \u2013 U<\/p>\n<p>\u00c9preuve orale de math\u00e9matiques \u2013 UL<\/p>\n<p>\u00c9preuve de TP de chimie \u2013 ULS<\/p>\n<p>\u00c9preuve de TP de physique \u2013 ULS<\/p>\n<p>\u00c9preuve de TIPE physique-chimie \u2013 ULS<\/p>\n<p>\u00a0<\/p>\n<p><em>\u00c9preuve orale de LV \u2013 XEULS :<\/em><\/p>\n<ul>\n<li>allemand<\/li>\n<li>anglais<\/li>\n<li>arabe<\/li>\n<li>espagnol<\/li>\n<\/ul>\n","protected":false},"excerpt":{"rendered":"<p>Rapports sur les \u00e9preuves de la banque PC 2025 : \u00a0 \u00c9preuve \u00e9crite de physique A \u2013 XE \u00c9preuve \u00e9crite de physique B \u2013 XEULS \u00c9preuve \u00e9crite de physique C \u2013 U \u00c9preuve \u00e9crite de physique-chimie \u2013 LS \u00c9preuve \u00e9crite <a href=\"https:\/\/banques-ecoles.fr\/cms\/filiere-pc\/rapports-des-jurys-de-la-banque-pc\/session-2025-4\/\">[Lire la suite]<\/a><\/p>\n","protected":false},"author":5,"featured_media":0,"parent":969,"menu_order":0,"comment_status":"closed","ping_status":"closed","template":"","meta":{"footnotes":""},"class_list":["post-12707","page","type-page","status-publish","hentry"],"_links":{"self":[{"href":"https:\/\/banques-ecoles.fr\/cms\/wp-json\/wp\/v2\/pages\/12707","targetHints":{"allow":["GET"]}}],"collection":[{"href":"https:\/\/banques-ecoles.fr\/cms\/wp-json\/wp\/v2\/pages"}],"about":[{"href":"https:\/\/banques-ecoles.fr\/cms\/wp-json\/wp\/v2\/types\/page"}],"author":[{"embeddable":true,"href":"https:\/\/banques-ecoles.fr\/cms\/wp-json\/wp\/v2\/users\/5"}],"replies":[{"embeddable":true,"href":"https:\/\/banques-ecoles.fr\/cms\/wp-json\/wp\/v2\/comments?post=12707"}],"version-history":[{"count":3,"href":"https:\/\/banques-ecoles.fr\/cms\/wp-json\/wp\/v2\/pages\/12707\/revisions"}],"predecessor-version":[{"id":13021,"href":"https:\/\/banques-ecoles.fr\/cms\/wp-json\/wp\/v2\/pages\/12707\/revisions\/13021"}],"up":[{"embeddable":true,"href":"https:\/\/banques-ecoles.fr\/cms\/wp-json\/wp\/v2\/pages\/969"}],"wp:attachment":[{"href":"https:\/\/banques-ecoles.fr\/cms\/wp-json\/wp\/v2\/media?parent=12707"}],"curies":[{"name":"wp","href":"https:\/\/api.w.org\/{rel}","templated":true}]}}