{"id":12819,"date":"2025-07-21T12:12:07","date_gmt":"2025-07-21T10:12:07","guid":{"rendered":"https:\/\/banques-ecoles.fr\/cms\/?page_id=12819"},"modified":"2025-12-09T15:51:24","modified_gmt":"2025-12-09T13:51:24","slug":"session-2025","status":"publish","type":"page","link":"https:\/\/banques-ecoles.fr\/cms\/filiere-mp\/rapports-des-jurys-des-banques-mp-info-mpi-classes-par-annee\/session-2025\/","title":{"rendered":"Session 2025"},"content":{"rendered":"\n<p><strong>Rapports des jurys des banques MP-Info-MPI 2025 :<\/strong><\/p>\n<p>\u00a0<\/p>\n<div>\n<p><a href=\"https:\/\/banques-ecoles.fr\/cms\/wp-content\/uploads\/2025\/11\/Ecrits_MP-et-MPI_Maths-A-OK.pdf\" target=\"_blank\" rel=\"noopener\">\u00c9preuve \u00e9crite de math A<\/a><\/p>\n<p>\u00c9preuve \u00e9crite\u00a0de math B<\/p>\n<p><a href=\"https:\/\/banques-ecoles.fr\/cms\/wp-content\/uploads\/2025\/11\/Rapport_ECRIT_Maths_C_2025.pdf\" target=\"_blank\" rel=\"noopener\">\u00c9preuve \u00e9crite de math C<\/a><\/p>\n<p><a href=\"https:\/\/banques-ecoles.fr\/cms\/wp-content\/uploads\/2025\/11\/Rapport_ECRIT_Maths_D_2025.pdf\" target=\"_blank\" rel=\"noopener\">\u00c9preuve \u00e9crite de math D<\/a><\/p>\n<p><a href=\"https:\/\/banques-ecoles.fr\/cms\/wp-content\/uploads\/2025\/11\/Ecrits_MP_Physique-OK.pdf\" target=\"_blank\" rel=\"noopener\">\u00c9preuve \u00e9crite de physique<\/a><\/p>\n<p><a href=\"https:\/\/banques-ecoles.fr\/cms\/wp-content\/uploads\/2025\/11\/Ecrits_MP-et-MPI_Info-A-OK.pdf\" target=\"_blank\" rel=\"noopener\">\u00c9preuve \u00e9crite d\u2019info A<\/a><\/p>\n<p>\u00c9preuve \u00e9crite d\u2019info B<\/p>\n<p>\u00c9preuve \u00e9crite d\u2019Info Fondamentale<\/p>\n<p><a href=\"https:\/\/banques-ecoles.fr\/cms\/wp-content\/uploads\/2025\/11\/Ecrits_MPI_Info-C.pdf\" target=\"_blank\" rel=\"noopener\">\u00c9preuve \u00e9crite d\u2019Info C<\/a><\/p>\n<p>\u00c9preuve \u00e9crite\u00a0de Physique &amp; SI &#8211; X<\/p>\n<p><a href=\"https:\/\/banques-ecoles.fr\/cms\/wp-content\/uploads\/2025\/11\/Ecrits_MPI_Physique-OK.pdf\" target=\"_blank\" rel=\"noopener\">\u00c9preuve \u00e9crite\u00a0de Physique fili\u00e8re MPI &#8211; X<\/a><\/p>\n<p><a href=\"https:\/\/banques-ecoles.fr\/cms\/wp-content\/uploads\/2025\/11\/Ecrits_MP-MPI-et-PC_francais-OK.pdf\" target=\"_blank\" rel=\"noopener\">\u00c9preuve \u00e9crite de fran\u00e7ais<\/a><\/p>\n<p>\u00a0<\/p>\n<p><em>\u00c9preuve \u00e9crite de LV \u2013 XULSR :<\/em><\/p>\n<ul>\n<li><a href=\"https:\/\/banques-ecoles.fr\/cms\/wp-content\/uploads\/2025\/11\/Ecrits_MP-MPI-PC-et-PSI_anglais-OK.pdf\" target=\"_blank\" rel=\"noopener\">anglais<\/a><\/li>\n<li><a href=\"https:\/\/banques-ecoles.fr\/cms\/wp-content\/uploads\/2025\/11\/Ecrits_MP-MPI-PC-et-PSI_allemand-OK.pdf\" target=\"_blank\" rel=\"noopener\">allemand<\/a><\/li>\n<li><a href=\"https:\/\/banques-ecoles.fr\/cms\/wp-content\/uploads\/2025\/11\/Ecrits_MP-MPI-PC-et-PSI_arabe-OK.pdf\" target=\"_blank\" rel=\"noopener\">arabe<\/a><\/li>\n<li><a href=\"https:\/\/banques-ecoles.fr\/cms\/wp-content\/uploads\/2025\/11\/Ecrits_MP-MPI-et-PC_espagnol-OK.pdf\" target=\"_blank\" rel=\"noopener\">espagnol<\/a><\/li>\n<\/ul>\n<p>\u00a0<\/p>\n<p><a href=\"https:\/\/banques-ecoles.fr\/cms\/wp-content\/uploads\/2025\/11\/Rapport_ORAL_Math_ULSR_2025.pdf\" target=\"_blank\" rel=\"noopener\">\u00c9preuve orale de math\u00e9matiques \u2013 ULSR<\/a><\/p>\n<p><a href=\"https:\/\/banques-ecoles.fr\/cms\/wp-content\/uploads\/2025\/11\/Rapport_ORAL_MATH-ULM_2025.pdf\" target=\"_blank\" rel=\"noopener\">\u00c9preuve orale de math\u00e9matiques \u2013 U<\/a><\/p>\n<p><a href=\"https:\/\/banques-ecoles.fr\/cms\/wp-content\/uploads\/2025\/11\/Rapport_ORAL_Maths_SR_2025.pdf\" target=\"_blank\" rel=\"noopener\">\u00c9preuve orale de math\u00e9matiques \u2013 SR<\/a><\/p>\n<p><a href=\"https:\/\/banques-ecoles.fr\/cms\/wp-content\/uploads\/2025\/11\/rapport_Oral_Maths_Lyon_2025.pdf\" target=\"_blank\" rel=\"noopener\">\u00c9preuve orale\u00a0de math\u00e9matiques \u2013 L<\/a><\/p>\n<p><a href=\"https:\/\/banques-ecoles.fr\/cms\/wp-content\/uploads\/2025\/11\/rapport_ORAL_phys_ENS_2025.pdf\" target=\"_blank\" rel=\"noopener\">\u00c9preuve orale de physique \u2013 LSR<\/a><\/p>\n<p><a href=\"https:\/\/banques-ecoles.fr\/cms\/wp-content\/uploads\/2025\/11\/Rapport_Oral_Physique-Ulm-2025.pdf\" target=\"_blank\" rel=\"noopener\">\u00c9preuve orale de physique \u2013 U<\/a><\/p>\n<p><a href=\"https:\/\/banques-ecoles.fr\/cms\/wp-content\/uploads\/2025\/11\/Rapport_ORAL_INFO_2025.pdf\" target=\"_blank\" rel=\"noopener\">\u00c9preuve orale d\u2019informatique fondamentale \u2013 ULSR<\/a><\/p>\n<p><i>\u00c9preuve de TP d\u2019algorithmique et programmation \u2013 ULSR :<\/i><\/p>\n<ul>\n<li>Fili\u00e8re MP<\/li>\n<li>Fili\u00e8re MPI<\/li>\n<\/ul>\n<p>\u00a0<\/p>\n<p><em>\u00c9preuve de TIPE \u2013 ULSR :<\/em><\/p>\n<ul>\n<li><a href=\"https:\/\/banques-ecoles.fr\/cms\/wp-content\/uploads\/2025\/12\/MPMPIRapport_TIPE_Info_2025.pdf\" target=\"_blank\" rel=\"noopener\">informatique<\/a><\/li>\n<li><a href=\"https:\/\/banques-ecoles.fr\/cms\/wp-content\/uploads\/2025\/11\/rapport_TIPE_math_2025.pdf\" target=\"_blank\" rel=\"noopener\">math\u00e9matiques<\/a><\/li>\n<li><a href=\"https:\/\/banques-ecoles.fr\/cms\/wp-content\/uploads\/2025\/12\/25_mp_rap_oTIPE_phy.pdf\" target=\"_blank\" rel=\"noopener\">physique<\/a><\/li>\n<\/ul>\n<p><em>\u00c9preuve orale de LV \u2013 XULSR :<\/em><\/p>\n<ul>\n<li>anglais<\/li>\n<li>allemand<\/li>\n<li>arabe<\/li>\n<li>espagnol<\/li>\n<\/ul>\n<\/div>\n","protected":false},"excerpt":{"rendered":"<p>Rapports des jurys des banques MP-Info-MPI 2025 : \u00a0 \u00c9preuve \u00e9crite de math A \u00c9preuve \u00e9crite\u00a0de math B \u00c9preuve \u00e9crite de math C \u00c9preuve \u00e9crite de math D \u00c9preuve \u00e9crite de physique \u00c9preuve \u00e9crite d\u2019info A \u00c9preuve \u00e9crite d\u2019info B <a href=\"https:\/\/banques-ecoles.fr\/cms\/filiere-mp\/rapports-des-jurys-des-banques-mp-info-mpi-classes-par-annee\/session-2025\/\">[Lire la suite]<\/a><\/p>\n","protected":false},"author":16,"featured_media":0,"parent":11243,"menu_order":0,"comment_status":"closed","ping_status":"closed","template":"","meta":{"footnotes":""},"class_list":["post-12819","page","type-page","status-publish","hentry"],"_links":{"self":[{"href":"https:\/\/banques-ecoles.fr\/cms\/wp-json\/wp\/v2\/pages\/12819","targetHints":{"allow":["GET"]}}],"collection":[{"href":"https:\/\/banques-ecoles.fr\/cms\/wp-json\/wp\/v2\/pages"}],"about":[{"href":"https:\/\/banques-ecoles.fr\/cms\/wp-json\/wp\/v2\/types\/page"}],"author":[{"embeddable":true,"href":"https:\/\/banques-ecoles.fr\/cms\/wp-json\/wp\/v2\/users\/16"}],"replies":[{"embeddable":true,"href":"https:\/\/banques-ecoles.fr\/cms\/wp-json\/wp\/v2\/comments?post=12819"}],"version-history":[{"count":11,"href":"https:\/\/banques-ecoles.fr\/cms\/wp-json\/wp\/v2\/pages\/12819\/revisions"}],"predecessor-version":[{"id":13205,"href":"https:\/\/banques-ecoles.fr\/cms\/wp-json\/wp\/v2\/pages\/12819\/revisions\/13205"}],"up":[{"embeddable":true,"href":"https:\/\/banques-ecoles.fr\/cms\/wp-json\/wp\/v2\/pages\/11243"}],"wp:attachment":[{"href":"https:\/\/banques-ecoles.fr\/cms\/wp-json\/wp\/v2\/media?parent=12819"}],"curies":[{"name":"wp","href":"https:\/\/api.w.org\/{rel}","templated":true}]}}