{"id":1282,"date":"2013-02-27T10:31:28","date_gmt":"2013-02-27T09:31:28","guid":{"rendered":"http:\/\/banques-ecoles-dev.fr\/cms\/?page_id=1282"},"modified":"2013-04-21T15:04:51","modified_gmt":"2013-04-21T14:04:51","slug":"session-2003","status":"publish","type":"page","link":"https:\/\/banques-ecoles.fr\/cms\/filieres-universitaires-second-concours-scientifique\/rapports-des-jurys-des-seconds-concours-des-ens-de-lyon-et-paris\/session-2003\/","title":{"rendered":"Session 2003"},"content":{"rendered":"<p>Rapports des jurys des \u00e9preuves \u00e9crites des concours des fili\u00e8res universitaires de la session 2003.<\/p>\n<p>&nbsp;<\/p>\n<p><a href=\"\/cms\/wp-content\/data\/filieres-universitaires\/rapports-des-jurys-du-second-concours\/session-2003\/rapport-2003-second-concours_ecrit_biologie_biochimie.pdf\">Rapport de l&rsquo;\u00e9crit de biologie-biochimie<\/a><\/p>\n<p><a href=\"\/cms\/wp-content\/data\/filieres-universitaires\/rapports-des-jurys-du-second-concours\/session-2003\/rapport-2003-second-concours_ecrit_chimie.pdf\">Rapport de l&rsquo;\u00e9crit de chimie<\/a><\/p>\n<p><a href=\"\/cms\/wp-content\/data\/filieres-universitaires\/rapports-des-jurys-du-second-concours\/session-2003\/rapport-2003-second-concours_ecrit_geosciences.pdf\">Rapport de l&rsquo;\u00e9crit de g\u00e9osciences<\/a><\/p>\n<p><a href=\"\/cms\/wp-content\/data\/filieres-universitaires\/rapports-des-jurys-du-second-concours\/session-2003\/rapport-2003-second-concours_ecrit_informatique.pdf\">Rapport de l&rsquo;\u00e9crit d&rsquo;informatique<\/a><\/p>\n<p><a href=\"\/cms\/wp-content\/data\/filieres-universitaires\/rapports-des-jurys-du-second-concours\/session-2003\/rapport-2003-second-concours_ecrit_mathematiques.pdf\">Rapport de l&rsquo;\u00e9crit de math\u00e9matiques<\/a><\/p>\n<p><a href=\"\/cms\/wp-content\/data\/filieres-universitaires\/rapports-des-jurys-du-second-concours\/session-2003\/rapport-2003-second-concours_ecrit_physique.pdf\">Rapport de l&rsquo;\u00e9crit de physique<\/a><\/p>\n","protected":false},"excerpt":{"rendered":"<p>Rapports des jurys des \u00e9preuves \u00e9crites des concours des fili\u00e8res universitaires de la session 2003. &nbsp; Rapport de l&rsquo;\u00e9crit de biologie-biochimie Rapport de l&rsquo;\u00e9crit de chimie Rapport de l&rsquo;\u00e9crit de g\u00e9osciences Rapport de l&rsquo;\u00e9crit d&rsquo;informatique Rapport de l&rsquo;\u00e9crit de math\u00e9matiques <a href=\"https:\/\/banques-ecoles.fr\/cms\/filieres-universitaires-second-concours-scientifique\/rapports-des-jurys-des-seconds-concours-des-ens-de-lyon-et-paris\/session-2003\/\">[Lire la suite]<\/a><\/p>\n","protected":false},"author":1,"featured_media":0,"parent":1186,"menu_order":3,"comment_status":"closed","ping_status":"open","template":"","meta":{"footnotes":""},"class_list":["post-1282","page","type-page","status-publish","hentry"],"_links":{"self":[{"href":"https:\/\/banques-ecoles.fr\/cms\/wp-json\/wp\/v2\/pages\/1282","targetHints":{"allow":["GET"]}}],"collection":[{"href":"https:\/\/banques-ecoles.fr\/cms\/wp-json\/wp\/v2\/pages"}],"about":[{"href":"https:\/\/banques-ecoles.fr\/cms\/wp-json\/wp\/v2\/types\/page"}],"author":[{"embeddable":true,"href":"https:\/\/banques-ecoles.fr\/cms\/wp-json\/wp\/v2\/users\/1"}],"replies":[{"embeddable":true,"href":"https:\/\/banques-ecoles.fr\/cms\/wp-json\/wp\/v2\/comments?post=1282"}],"version-history":[{"count":3,"href":"https:\/\/banques-ecoles.fr\/cms\/wp-json\/wp\/v2\/pages\/1282\/revisions"}],"predecessor-version":[{"id":2175,"href":"https:\/\/banques-ecoles.fr\/cms\/wp-json\/wp\/v2\/pages\/1282\/revisions\/2175"}],"up":[{"embeddable":true,"href":"https:\/\/banques-ecoles.fr\/cms\/wp-json\/wp\/v2\/pages\/1186"}],"wp:attachment":[{"href":"https:\/\/banques-ecoles.fr\/cms\/wp-json\/wp\/v2\/media?parent=1282"}],"curies":[{"name":"wp","href":"https:\/\/api.w.org\/{rel}","templated":true}]}}