{"id":12822,"date":"2025-07-21T12:15:57","date_gmt":"2025-07-21T10:15:57","guid":{"rendered":"https:\/\/banques-ecoles.fr\/cms\/?page_id=12822"},"modified":"2025-10-30T23:29:47","modified_gmt":"2025-10-30T21:29:47","slug":"session-2025","status":"publish","type":"page","link":"https:\/\/banques-ecoles.fr\/cms\/filiere-bcpst\/rapports-des-jurys-de-la-banque-bcpst\/session-2025\/","title":{"rendered":"Session 2025"},"content":{"rendered":"\n<p><strong>Rapports des \u00e9preuves de la banque BCPST 2025.<\/strong><\/p>\n<p><a href=\"https:\/\/banques-ecoles.fr\/cms\/wp-content\/uploads\/2025\/10\/25_bcpst_rap_eBio.pdf\" target=\"_blank\" rel=\"noopener\">\u00c9preuve \u00e9crite de biologie<\/a><\/p>\n<p><a href=\"https:\/\/banques-ecoles.fr\/cms\/wp-content\/uploads\/2025\/10\/25_bcpst_rap_eST.pdf\" target=\"_blank\" rel=\"noopener\">\u00c9preuve \u00e9crite de sciences de la Terre<\/a><\/p>\n<p><a href=\"https:\/\/banques-ecoles.fr\/cms\/wp-content\/uploads\/2025\/09\/25_bcpst_rap_eChi.pdf\" target=\"_blank\" rel=\"noopener\">\u00c9preuve \u00e9crite de chimie<\/a><\/p>\n<p><a href=\"https:\/\/banques-ecoles.fr\/cms\/wp-content\/uploads\/2025\/09\/25_bcpst_rap_ePhy.pdf\" target=\"_blank\" rel=\"noopener\">\u00c9preuve \u00e9crite de physique<\/a><\/p>\n<p><a href=\"https:\/\/banques-ecoles.fr\/cms\/wp-content\/uploads\/2025\/09\/25_bcpst_rap_eMath.pdf\" target=\"_blank\" rel=\"noopener\">\u00c9preuve \u00e9crite de math\u00e9matiques<\/a><\/p>\n<p><a href=\"https:\/\/banques-ecoles.fr\/cms\/wp-content\/uploads\/2025\/09\/25_bcpst_rap_eFr.pdf\" target=\"_blank\" rel=\"noopener\">\u00c9preuve \u00e9crite de fran\u00e7ais<\/a><\/p>\n<p>\u00a0<\/p>\n<p><em>\u00c9preuve \u00e9crite de LV :<\/em><\/p>\n<ul>\n<li><a href=\"https:\/\/banques-ecoles.fr\/cms\/wp-content\/uploads\/2025\/10\/25_bcpst_rap_eAll.pdf\" target=\"_blank\" rel=\"noopener\">allemand<\/a><\/li>\n<li><a href=\"https:\/\/banques-ecoles.fr\/cms\/wp-content\/uploads\/2025\/10\/25_bcpst_rap_eAng.pdf\" target=\"_blank\" rel=\"noopener\">anglais<\/a><\/li>\n<li><a href=\"https:\/\/banques-ecoles.fr\/cms\/wp-content\/uploads\/2025\/10\/25_bcpst_rap_eEsp.pdf\" target=\"_blank\" rel=\"noopener\">espagnol<\/a><\/li>\n<\/ul>\n<p><a href=\"https:\/\/banques-ecoles.fr\/cms\/wp-content\/uploads\/2025\/10\/Sujet_zero_2026_LV.pdf\" target=\"_blank\" rel=\"noopener\">Sujet z\u00e9ro et compl\u00e9ments m\u00e9thodologiques<\/a>\u00a0pr\u00e9sentant les \u00e9volutions propos\u00e9es \u00e0 partir du concours 2026.\u00a0<\/p>\n<p><a href=\"https:\/\/banques-ecoles.fr\/cms\/wp-content\/uploads\/2025\/09\/25_bcpst_rap_oBioS.pdf\" target=\"_blank\" rel=\"noopener\">\u00c9preuve orale de biologie Paris-Saclay<\/a><\/p>\n<p><a href=\"https:\/\/banques-ecoles.fr\/cms\/wp-content\/uploads\/2025\/09\/25_bcpst_rap_oBioL.pdf\" target=\"_blank\" rel=\"noopener\">\u00c9preuve orale de biologie Lyon<\/a><\/p>\n<p><a href=\"https:\/\/banques-ecoles.fr\/cms\/wp-content\/uploads\/2025\/09\/25_bcpst_rap_oBioU.pdf\" target=\"_blank\" rel=\"noopener\">\u00c9preuve orale de biologie Ulm<\/a><\/p>\n<p><a href=\"https:\/\/banques-ecoles.fr\/cms\/wp-content\/uploads\/2025\/10\/25_bcpst_rap_oSTL.pdf\" target=\"_blank\" rel=\"noopener\">\u00c9preuve orale de sciences de la Terre Lyon\/ENPC\/Mines\/Centrale<\/a><\/p>\n<p><a href=\"https:\/\/banques-ecoles.fr\/cms\/wp-content\/uploads\/2025\/09\/25_bcpst_rap_oSTU.pdf\" target=\"_blank\" rel=\"noopener\">\u00c9preuve orale de sciences de la Terre\u00a0Ulm<\/a><\/p>\n<p><a href=\"https:\/\/banques-ecoles.fr\/cms\/wp-content\/uploads\/2025\/07\/25_bcpst_rap_oChi.pdf\" target=\"_blank\" rel=\"noopener\">\u00c9preuve orale de chimie<\/a><\/p>\n<p><a href=\"https:\/\/banques-ecoles.fr\/cms\/wp-content\/uploads\/2025\/10\/25_bcpst_rap_oPhy.pdf\" target=\"_blank\" rel=\"noopener\">\u00c9preuve orale de physique<\/a><\/p>\n<p><a href=\"https:\/\/banques-ecoles.fr\/cms\/wp-content\/uploads\/2025\/10\/25_bcpst_rap_TP.pdf\" target=\"_blank\" rel=\"noopener\">\u00c9preuve de travaux pratiques de biologie et de chimie<\/a><\/p>\n<p><a href=\"https:\/\/banques-ecoles.fr\/cms\/wp-content\/uploads\/2025\/09\/25_bcpst_rap_oTIPE.pdf\" target=\"_blank\" rel=\"noopener\">\u00c9preuve de TIPE<\/a><\/p>\n<p><a href=\"https:\/\/banques-ecoles.fr\/cms\/wp-content\/uploads\/2025\/09\/25_bcpst_rap_oMath.pdf\" target=\"_blank\" rel=\"noopener\">\u00c9preuve orale de math\u00e9matiques ENPC\/Mines\/Centrale<\/a><\/p>\n<p>\u00a0<\/p>\n<p><em>\u00c9preuve orale de LV :<\/em><\/p>\n<ul>\n<li><a href=\"https:\/\/banques-ecoles.fr\/cms\/wp-content\/uploads\/2025\/10\/25_bcpst_rap_oAll.pdf\" target=\"_blank\" rel=\"noopener\">allemand<\/a><\/li>\n<li><a href=\"https:\/\/banques-ecoles.fr\/cms\/wp-content\/uploads\/2025\/10\/25_bcpst_rap_oAng.pdf\" target=\"_blank\" rel=\"noopener\">anglais<\/a><\/li>\n<li><a href=\"https:\/\/banques-ecoles.fr\/cms\/wp-content\/uploads\/2025\/10\/25_bcpst_rap_oEsp.pdf\" target=\"_blank\" rel=\"noopener\">espagnol<\/a><\/li>\n<\/ul>\n","protected":false},"excerpt":{"rendered":"<p>Rapports des \u00e9preuves de la banque BCPST 2025. \u00c9preuve \u00e9crite de biologie \u00c9preuve \u00e9crite de sciences de la Terre \u00c9preuve \u00e9crite de chimie \u00c9preuve \u00e9crite de physique \u00c9preuve \u00e9crite de math\u00e9matiques \u00c9preuve \u00e9crite de fran\u00e7ais \u00a0 \u00c9preuve \u00e9crite de LV <a href=\"https:\/\/banques-ecoles.fr\/cms\/filiere-bcpst\/rapports-des-jurys-de-la-banque-bcpst\/session-2025\/\">[Lire la suite]<\/a><\/p>\n","protected":false},"author":16,"featured_media":0,"parent":33,"menu_order":0,"comment_status":"closed","ping_status":"closed","template":"","meta":{"footnotes":""},"class_list":["post-12822","page","type-page","status-publish","hentry"],"_links":{"self":[{"href":"https:\/\/banques-ecoles.fr\/cms\/wp-json\/wp\/v2\/pages\/12822","targetHints":{"allow":["GET"]}}],"collection":[{"href":"https:\/\/banques-ecoles.fr\/cms\/wp-json\/wp\/v2\/pages"}],"about":[{"href":"https:\/\/banques-ecoles.fr\/cms\/wp-json\/wp\/v2\/types\/page"}],"author":[{"embeddable":true,"href":"https:\/\/banques-ecoles.fr\/cms\/wp-json\/wp\/v2\/users\/16"}],"replies":[{"embeddable":true,"href":"https:\/\/banques-ecoles.fr\/cms\/wp-json\/wp\/v2\/comments?post=12822"}],"version-history":[{"count":24,"href":"https:\/\/banques-ecoles.fr\/cms\/wp-json\/wp\/v2\/pages\/12822\/revisions"}],"predecessor-version":[{"id":13097,"href":"https:\/\/banques-ecoles.fr\/cms\/wp-json\/wp\/v2\/pages\/12822\/revisions\/13097"}],"up":[{"embeddable":true,"href":"https:\/\/banques-ecoles.fr\/cms\/wp-json\/wp\/v2\/pages\/33"}],"wp:attachment":[{"href":"https:\/\/banques-ecoles.fr\/cms\/wp-json\/wp\/v2\/media?parent=12822"}],"curies":[{"name":"wp","href":"https:\/\/api.w.org\/{rel}","templated":true}]}}