{"id":12873,"date":"2025-07-21T17:57:47","date_gmt":"2025-07-21T15:57:47","guid":{"rendered":"https:\/\/banques-ecoles.fr\/cms\/?page_id=12873"},"modified":"2025-07-21T19:23:31","modified_gmt":"2025-07-21T17:23:31","slug":"session-2025","status":"publish","type":"page","link":"https:\/\/banques-ecoles.fr\/cms\/filieres-universitaires-second-concours-scientifique\/annales-du-second-concours-de-lens-de-lyon\/session-2025\/","title":{"rendered":"Session 2025"},"content":{"rendered":"\n<p>Sujets des \u00e9preuves \u00e9crites du concours des fili\u00e8res universitaires de l\u2019ENS de Lyon, session 2025.<\/p>\n<p><a href=\"https:\/\/banques-ecoles.fr\/cms\/wp-content\/uploads\/2025\/07\/25_2cc_sujet_bio.pdf\" target=\"_blank\" rel=\"noopener\">Sujet de l\u2019\u00e9crit de Biologie-Biochimie<\/a><\/p>\n<p><a href=\"https:\/\/banques-ecoles.fr\/cms\/wp-content\/uploads\/2025\/07\/25_2cc_sujet_chimie.pdf\" target=\"_blank\" rel=\"noopener\">Sujet de l\u2019\u00e9crit de Chimie<\/a><\/p>\n<p><a href=\"https:\/\/banques-ecoles.fr\/cms\/wp-content\/uploads\/2025\/07\/25_2cc_sujet_ST.pdf\" target=\"_blank\" rel=\"noopener\">Sujet de l\u2019\u00e9crit de G\u00e9osciences<\/a><\/p>\n<p><a href=\"https:\/\/banques-ecoles.fr\/cms\/wp-content\/uploads\/2025\/07\/25_2cc_sujet_phys.pdf\" target=\"_blank\" rel=\"noopener\">Sujet de l\u2019\u00e9crit de Physique<\/a><\/p>\n<p><a href=\"https:\/\/banques-ecoles.fr\/cms\/wp-content\/uploads\/2025\/07\/25_2cc_sujet_math.pdf\" target=\"_blank\" rel=\"noopener\">Sujet de l\u2019\u00e9crit de Math\u00e9matiques<\/a><\/p>\n<p><a href=\"https:\/\/banques-ecoles.fr\/cms\/wp-content\/uploads\/2025\/07\/25_2cc_sujet_info.pdf\" target=\"_blank\" rel=\"noopener\">Sujet de l\u2019\u00e9crit d\u2019Informatique<\/a><\/p>\n\n\n","protected":false},"excerpt":{"rendered":"<p>Sujets des \u00e9preuves \u00e9crites du concours des fili\u00e8res universitaires de l\u2019ENS de Lyon, session 2025. Sujet de l\u2019\u00e9crit de Biologie-Biochimie Sujet de l\u2019\u00e9crit de Chimie Sujet de l\u2019\u00e9crit de G\u00e9osciences Sujet de l\u2019\u00e9crit de Physique Sujet de l\u2019\u00e9crit de Math\u00e9matiques <a href=\"https:\/\/banques-ecoles.fr\/cms\/filieres-universitaires-second-concours-scientifique\/annales-du-second-concours-de-lens-de-lyon\/session-2025\/\">[Lire la suite]<\/a><\/p>\n","protected":false},"author":16,"featured_media":0,"parent":1184,"menu_order":0,"comment_status":"closed","ping_status":"closed","template":"","meta":{"footnotes":""},"class_list":["post-12873","page","type-page","status-publish","hentry"],"_links":{"self":[{"href":"https:\/\/banques-ecoles.fr\/cms\/wp-json\/wp\/v2\/pages\/12873","targetHints":{"allow":["GET"]}}],"collection":[{"href":"https:\/\/banques-ecoles.fr\/cms\/wp-json\/wp\/v2\/pages"}],"about":[{"href":"https:\/\/banques-ecoles.fr\/cms\/wp-json\/wp\/v2\/types\/page"}],"author":[{"embeddable":true,"href":"https:\/\/banques-ecoles.fr\/cms\/wp-json\/wp\/v2\/users\/16"}],"replies":[{"embeddable":true,"href":"https:\/\/banques-ecoles.fr\/cms\/wp-json\/wp\/v2\/comments?post=12873"}],"version-history":[{"count":10,"href":"https:\/\/banques-ecoles.fr\/cms\/wp-json\/wp\/v2\/pages\/12873\/revisions"}],"predecessor-version":[{"id":12900,"href":"https:\/\/banques-ecoles.fr\/cms\/wp-json\/wp\/v2\/pages\/12873\/revisions\/12900"}],"up":[{"embeddable":true,"href":"https:\/\/banques-ecoles.fr\/cms\/wp-json\/wp\/v2\/pages\/1184"}],"wp:attachment":[{"href":"https:\/\/banques-ecoles.fr\/cms\/wp-json\/wp\/v2\/media?parent=12873"}],"curies":[{"name":"wp","href":"https:\/\/api.w.org\/{rel}","templated":true}]}}