{"id":12876,"date":"2025-07-21T18:04:16","date_gmt":"2025-07-21T16:04:16","guid":{"rendered":"https:\/\/banques-ecoles.fr\/cms\/?page_id=12876"},"modified":"2025-09-03T22:54:49","modified_gmt":"2025-09-03T20:54:49","slug":"session-2025","status":"publish","type":"page","link":"https:\/\/banques-ecoles.fr\/cms\/filieres-universitaires-second-concours-scientifique\/rapports-des-jurys-du-second-concours-de-lens-de-lyon\/session-2025\/","title":{"rendered":"Session 2025"},"content":{"rendered":"\n<p>Rapports sur les \u00e9preuves du concours ouvert aux fili\u00e8res universitaires de l\u2019ENS de Lyon \u2013 Session 2025.<\/p>\n<p>\u00a0<\/p>\n<p>Rapport g\u00e9n\u00e9ral<\/p>\n<p>\u00a0<\/p>\n<p><a href=\"https:\/\/banques-ecoles.fr\/cms\/wp-content\/uploads\/2025\/09\/25_2cc_rap_eBio.pdf\" target=\"_blank\" rel=\"noopener\">\u00c9preuve \u00e9crite de biologie-biochimie<\/a><\/p>\n<p><a href=\"https:\/\/banques-ecoles.fr\/cms\/wp-content\/uploads\/2025\/09\/25_2cc_rap_eST.pdf\" target=\"_blank\" rel=\"noopener\">\u00c9preuve \u00e9crite de g\u00e9osciences<\/a><\/p>\n<p><a href=\"https:\/\/banques-ecoles.fr\/cms\/wp-content\/uploads\/2025\/07\/25_2cc_rap_eChi.pdf\" target=\"_blank\" rel=\"noopener\">\u00c9preuve \u00e9crite de chimie<\/a><\/p>\n<p><a href=\"https:\/\/banques-ecoles.fr\/cms\/wp-content\/uploads\/2025\/07\/25_2cc_rap_ePhy.pdf\" target=\"_blank\" rel=\"noopener\">\u00c9preuve \u00e9crite de physique<\/a><\/p>\n<p><a href=\"https:\/\/banques-ecoles.fr\/cms\/wp-content\/uploads\/2025\/07\/25_2cc_rap_eMath.pdf\" target=\"_blank\" rel=\"noopener\">\u00c9preuve \u00e9crite de math\u00e9matiques<\/a><\/p>\n<p><a href=\"https:\/\/banques-ecoles.fr\/cms\/wp-content\/uploads\/2025\/07\/25_2cc_rap_eInfo.pdf\" target=\"_blank\" rel=\"noopener\">\u00c9preuve \u00e9crite d\u2019informatique<\/a><\/p>\n<p>\u00a0<\/p>\n<p><a href=\"https:\/\/banques-ecoles.fr\/cms\/wp-content\/uploads\/2025\/07\/25_2cc_rap_oBio.pdf\" target=\"_blank\" rel=\"noopener\">\u00c9preuve orale de biologie-biochimie<\/a><\/p>\n<p><a href=\"https:\/\/banques-ecoles.fr\/cms\/wp-content\/uploads\/2025\/07\/25_2cc_rap_oST.pdf\" target=\"_blank\" rel=\"noopener\">\u00c9preuve orale de g\u00e9osciences<\/a><\/p>\n<p><a href=\"https:\/\/banques-ecoles.fr\/cms\/wp-content\/uploads\/2025\/07\/25_2cc_rap_oChi.pdf\" target=\"_blank\" rel=\"noopener\">\u00c9preuve orale de chimie<\/a><\/p>\n<p><a href=\"https:\/\/banques-ecoles.fr\/cms\/wp-content\/uploads\/2025\/07\/25_2cc_rap_oPhy.pdf\" target=\"_blank\" rel=\"noopener\">\u00c9preuve orale de physique<\/a><\/p>\n<p><a href=\"https:\/\/banques-ecoles.fr\/cms\/wp-content\/uploads\/2025\/07\/25_2cc_rap_oMath.pdf\" target=\"_blank\" rel=\"noopener\">\u00c9preuve orale de math\u00e9matiques<\/a><\/p>\n<p><a href=\"https:\/\/banques-ecoles.fr\/cms\/wp-content\/uploads\/2025\/07\/25_2cc_rap_oInfo.pdf\" target=\"_blank\" rel=\"noopener\">\u00c9preuve orale\u00a0d\u2019informatique<\/a><\/p>\n<p>\u00a0<\/p>\n<p><a href=\"https:\/\/banques-ecoles.fr\/cms\/wp-content\/uploads\/2025\/07\/25_2cc_rap_oLV.pdf\" target=\"_blank\" rel=\"noopener\">\u00c9preuve orale de langue vivante<\/a><\/p>\n<p><a href=\"https:\/\/banques-ecoles.fr\/cms\/wp-content\/uploads\/2025\/07\/25_2cc_rap_projet.pdf\" target=\"_blank\" rel=\"noopener\">\u00c9preuve (orale) de projet personnel<\/a><\/p>\n\n\n","protected":false},"excerpt":{"rendered":"<p>Rapports sur les \u00e9preuves du concours ouvert aux fili\u00e8res universitaires de l\u2019ENS de Lyon \u2013 Session 2025. \u00a0 Rapport g\u00e9n\u00e9ral \u00a0 \u00c9preuve \u00e9crite de biologie-biochimie \u00c9preuve \u00e9crite de g\u00e9osciences \u00c9preuve \u00e9crite de chimie \u00c9preuve \u00e9crite de physique \u00c9preuve \u00e9crite de <a href=\"https:\/\/banques-ecoles.fr\/cms\/filieres-universitaires-second-concours-scientifique\/rapports-des-jurys-du-second-concours-de-lens-de-lyon\/session-2025\/\">[Lire la suite]<\/a><\/p>\n","protected":false},"author":16,"featured_media":0,"parent":1187,"menu_order":0,"comment_status":"closed","ping_status":"closed","template":"","meta":{"footnotes":""},"class_list":["post-12876","page","type-page","status-publish","hentry"],"_links":{"self":[{"href":"https:\/\/banques-ecoles.fr\/cms\/wp-json\/wp\/v2\/pages\/12876","targetHints":{"allow":["GET"]}}],"collection":[{"href":"https:\/\/banques-ecoles.fr\/cms\/wp-json\/wp\/v2\/pages"}],"about":[{"href":"https:\/\/banques-ecoles.fr\/cms\/wp-json\/wp\/v2\/types\/page"}],"author":[{"embeddable":true,"href":"https:\/\/banques-ecoles.fr\/cms\/wp-json\/wp\/v2\/users\/16"}],"replies":[{"embeddable":true,"href":"https:\/\/banques-ecoles.fr\/cms\/wp-json\/wp\/v2\/comments?post=12876"}],"version-history":[{"count":15,"href":"https:\/\/banques-ecoles.fr\/cms\/wp-json\/wp\/v2\/pages\/12876\/revisions"}],"predecessor-version":[{"id":12994,"href":"https:\/\/banques-ecoles.fr\/cms\/wp-json\/wp\/v2\/pages\/12876\/revisions\/12994"}],"up":[{"embeddable":true,"href":"https:\/\/banques-ecoles.fr\/cms\/wp-json\/wp\/v2\/pages\/1187"}],"wp:attachment":[{"href":"https:\/\/banques-ecoles.fr\/cms\/wp-json\/wp\/v2\/media?parent=12876"}],"curies":[{"name":"wp","href":"https:\/\/api.w.org\/{rel}","templated":true}]}}