{"id":129,"date":"2013-02-01T10:37:35","date_gmt":"2013-02-01T09:37:35","guid":{"rendered":"http:\/\/preprod.banques-ecoles.fr\/cms\/?page_id=129"},"modified":"2013-02-25T13:55:57","modified_gmt":"2013-02-25T12:55:57","slug":"ecole-polytechnique-federale-de-lausanne-suisse","status":"publish","type":"page","link":"https:\/\/banques-ecoles.fr\/cms\/ecoles-partenaires\/ecole-polytechnique-federale-de-lausanne-suisse\/","title":{"rendered":"\u00c9cole polytechnique f\u00e9d\u00e9rale de Lausanne &#8211; Suisse"},"content":{"rendered":"<div id=\"parent-fieldname-text\">\n<p>Plus de 7000 \u00e9tudiants, 125 nationalit\u00e9s sur son campus, une vocation de recherche au plus haut niveau.<\/p>\n<p>L&rsquo;EPFL recrute des \u00e9tudiants par l&rsquo;interm\u00e9diaire du concours de l&rsquo;ENS de Lyon et leur propose 7 cursus en ing\u00e9nierie, pour \u00e9largir l&rsquo;\u00e9ventail des formations offertes.<\/p>\n<p>&nbsp;<\/p>\n<ul>\n<li>Adresse :<\/li>\n<\/ul>\n<address>\u00c9cole polytechnique f\u00e9d\u00e9rale de Lausanne<br \/> VPAA DAF<br \/> B\u00e2timent BP 1229<br \/> Station 16<br \/> CH-1015 Lausanne<br \/> Suisse<\/address>\n<ul>\n<li>T\u00e9l\u00e9phone : +41 21 693 43 45<\/li>\n<\/ul>\n<ul>\n<li>Fax : +41 21 693 30 88\u00a0<\/li>\n<\/ul>\n<ul>\n<li><a href=\"http:\/\/www.epfl.ch\/index.fr.html\" target=\"_blank\">Site internet de l&rsquo;\u00c9cole polytechnique f\u00e9d\u00e9rale de Lausanne<\/a><\/li>\n<\/ul>\n<\/div>\n","protected":false},"excerpt":{"rendered":"<p>Plus de 7000 \u00e9tudiants, 125 nationalit\u00e9s sur son campus, une vocation de recherche au plus haut niveau. L&rsquo;EPFL recrute des \u00e9tudiants par l&rsquo;interm\u00e9diaire du concours de l&rsquo;ENS de Lyon et leur propose 7 cursus en ing\u00e9nierie, pour \u00e9largir l&rsquo;\u00e9ventail des <a href=\"https:\/\/banques-ecoles.fr\/cms\/ecoles-partenaires\/ecole-polytechnique-federale-de-lausanne-suisse\/\">[Lire la suite]<\/a><\/p>\n","protected":false},"author":1,"featured_media":0,"parent":127,"menu_order":2,"comment_status":"closed","ping_status":"closed","template":"","meta":{"footnotes":""},"class_list":["post-129","page","type-page","status-publish","hentry"],"_links":{"self":[{"href":"https:\/\/banques-ecoles.fr\/cms\/wp-json\/wp\/v2\/pages\/129","targetHints":{"allow":["GET"]}}],"collection":[{"href":"https:\/\/banques-ecoles.fr\/cms\/wp-json\/wp\/v2\/pages"}],"about":[{"href":"https:\/\/banques-ecoles.fr\/cms\/wp-json\/wp\/v2\/types\/page"}],"author":[{"embeddable":true,"href":"https:\/\/banques-ecoles.fr\/cms\/wp-json\/wp\/v2\/users\/1"}],"replies":[{"embeddable":true,"href":"https:\/\/banques-ecoles.fr\/cms\/wp-json\/wp\/v2\/comments?post=129"}],"version-history":[{"count":5,"href":"https:\/\/banques-ecoles.fr\/cms\/wp-json\/wp\/v2\/pages\/129\/revisions"}],"predecessor-version":[{"id":626,"href":"https:\/\/banques-ecoles.fr\/cms\/wp-json\/wp\/v2\/pages\/129\/revisions\/626"}],"up":[{"embeddable":true,"href":"https:\/\/banques-ecoles.fr\/cms\/wp-json\/wp\/v2\/pages\/127"}],"wp:attachment":[{"href":"https:\/\/banques-ecoles.fr\/cms\/wp-json\/wp\/v2\/media?parent=129"}],"curies":[{"name":"wp","href":"https:\/\/api.w.org\/{rel}","templated":true}]}}