{"id":1297,"date":"2013-02-27T10:41:01","date_gmt":"2013-02-27T09:41:01","guid":{"rendered":"http:\/\/banques-ecoles-dev.fr\/cms\/?page_id=1297"},"modified":"2013-04-21T15:06:35","modified_gmt":"2013-04-21T14:06:35","slug":"session-2012","status":"publish","type":"page","link":"https:\/\/banques-ecoles.fr\/cms\/filieres-universitaires-second-concours-scientifique\/rapports-des-jurys-du-second-concours-de-lens-de-lyon\/session-2012\/","title":{"rendered":"Session 2012"},"content":{"rendered":"<p>Rapports des jurys des \u00e9preuves \u00e9crites et orales du concours des fili\u00e8res universitaires de la session 2012.<\/p>\n<p>&nbsp;<\/p>\n<p><a href=\"\/cms\/wp-content\/data\/filieres-universitaires\/rapports-des-jurys-du-second-concours-de-lens-lyon\/session-2012\/rap_2c2012_ecrit_bio.pdf\">Rapport de l&rsquo;\u00e9crit de biologie-biochimie<\/a><\/p>\n<p><a href=\"\/cms\/wp-content\/data\/filieres-universitaires\/rapports-des-jurys-du-second-concours-de-lens-lyon\/session-2012\/rap_2c2012_e_info.pdf\">Rapport de l&rsquo;\u00e9crit d&rsquo;informatique<\/a><\/p>\n<p><a href=\"\/cms\/wp-content\/data\/filieres-universitaires\/rapports-des-jurys-du-second-concours-de-lens-lyon\/session-2012\/rap_2c2012_o_biobiochi.pdf\">Rapport de l&rsquo;oral de biologie-biochimie<\/a><\/p>\n<p><a href=\"\/cms\/wp-content\/data\/filieres-universitaires\/rapports-des-jurys-du-second-concours-de-lens-lyon\/session-2012\/rap_2c2012_o_math.pdf\">Rapport de l&rsquo;oral de math\u00e9matiques<\/a><\/p>\n<p><a href=\"\/cms\/wp-content\/data\/filieres-universitaires\/rapports-des-jurys-du-second-concours-de-lens-lyon\/session-2012\/rap_2c2012_oral_phy.pdf\">Rapport de l&rsquo;oral de physique<\/a><\/p>\n<p><a href=\"\/cms\/wp-content\/data\/filieres-universitaires\/rapports-des-jurys-du-second-concours-de-lens-lyon\/session-2012\/rap_2c2012_oral_lv_all_ang.pdf\">Rapport de l&rsquo;oral de langue vivante<\/a><\/p>\n<p><a href=\"\/cms\/wp-content\/data\/filieres-universitaires\/rapports-des-jurys-du-second-concours-de-lens-lyon\/session-2012\/rap_2c2012_o_proj.pdf\">Rapport de l&rsquo;\u00e9preuve (orale) de projet personnel<\/a><\/p>\n","protected":false},"excerpt":{"rendered":"<p>Rapports des jurys des \u00e9preuves \u00e9crites et orales du concours des fili\u00e8res universitaires de la session 2012. &nbsp; Rapport de l&rsquo;\u00e9crit de biologie-biochimie Rapport de l&rsquo;\u00e9crit d&rsquo;informatique Rapport de l&rsquo;oral de biologie-biochimie Rapport de l&rsquo;oral de math\u00e9matiques Rapport de l&rsquo;oral <a href=\"https:\/\/banques-ecoles.fr\/cms\/filieres-universitaires-second-concours-scientifique\/rapports-des-jurys-du-second-concours-de-lens-de-lyon\/session-2012\/\">[Lire la suite]<\/a><\/p>\n","protected":false},"author":1,"featured_media":0,"parent":1187,"menu_order":0,"comment_status":"closed","ping_status":"open","template":"","meta":{"footnotes":""},"class_list":["post-1297","page","type-page","status-publish","hentry"],"_links":{"self":[{"href":"https:\/\/banques-ecoles.fr\/cms\/wp-json\/wp\/v2\/pages\/1297","targetHints":{"allow":["GET"]}}],"collection":[{"href":"https:\/\/banques-ecoles.fr\/cms\/wp-json\/wp\/v2\/pages"}],"about":[{"href":"https:\/\/banques-ecoles.fr\/cms\/wp-json\/wp\/v2\/types\/page"}],"author":[{"embeddable":true,"href":"https:\/\/banques-ecoles.fr\/cms\/wp-json\/wp\/v2\/users\/1"}],"replies":[{"embeddable":true,"href":"https:\/\/banques-ecoles.fr\/cms\/wp-json\/wp\/v2\/comments?post=1297"}],"version-history":[{"count":3,"href":"https:\/\/banques-ecoles.fr\/cms\/wp-json\/wp\/v2\/pages\/1297\/revisions"}],"predecessor-version":[{"id":2178,"href":"https:\/\/banques-ecoles.fr\/cms\/wp-json\/wp\/v2\/pages\/1297\/revisions\/2178"}],"up":[{"embeddable":true,"href":"https:\/\/banques-ecoles.fr\/cms\/wp-json\/wp\/v2\/pages\/1187"}],"wp:attachment":[{"href":"https:\/\/banques-ecoles.fr\/cms\/wp-json\/wp\/v2\/media?parent=1297"}],"curies":[{"name":"wp","href":"https:\/\/api.w.org\/{rel}","templated":true}]}}