{"id":1298,"date":"2013-02-27T10:41:11","date_gmt":"2013-02-27T09:41:11","guid":{"rendered":"http:\/\/banques-ecoles-dev.fr\/cms\/?page_id=1298"},"modified":"2013-04-21T15:06:57","modified_gmt":"2013-04-21T14:06:57","slug":"session-2011","status":"publish","type":"page","link":"https:\/\/banques-ecoles.fr\/cms\/filieres-universitaires-second-concours-scientifique\/rapports-des-jurys-du-second-concours-de-lens-de-lyon\/session-2011\/","title":{"rendered":"Session 2011"},"content":{"rendered":"<p>Rapports des jurys des \u00e9preuves \u00e9crites et orales du concours des fili\u00e8res universitaires de la session 2011.<\/p>\n<p>&nbsp;<\/p>\n<p><a href=\"\/cms\/wp-content\/data\/filieres-universitaires\/rapports-des-jurys-du-second-concours-de-lens-lyon\/session-2011\/dp06oct11_rapport_ecrit_bio_11.pdf\">Rapport de l&rsquo;\u00e9crit de biologie-biochimie<\/a><\/p>\n<p><a href=\"\/cms\/wp-content\/data\/filieres-universitaires\/rapports-des-jurys-du-second-concours-de-lens-lyon\/session-2011\/rapports_geoscience_2clyon_2011.pdf\">Rapports de l&rsquo;\u00e9crit et de l&rsquo;oral de g\u00e9oscience<\/a><\/p>\n<p><a href=\"\/cms\/wp-content\/data\/filieres-universitaires\/rapports-des-jurys-du-second-concours-de-lens-lyon\/session-2011\/bio_oral_2c_2011.pdf\">Rapport de l&rsquo;oral de biologie-biochimie<\/a><\/p>\n<p><a href=\"\/cms\/wp-content\/data\/filieres-universitaires\/rapports-des-jurys-du-second-concours-de-lens-lyon\/session-2011\/rap17oct11_phy_oral_2c2011.pdf\">Rapport de l&rsquo;oral de physique<\/a><\/p>\n<p><a href=\"\/cms\/wp-content\/data\/filieres-universitaires\/rapports-des-jurys-du-second-concours-de-lens-lyon\/session-2011\/anglais_vr_2c_lyon_2011.pdf\">Rapport de l&rsquo;oral de langue vivante<\/a><\/p>\n<p><a href=\"\/cms\/wp-content\/data\/filieres-universitaires\/rapports-des-jurys-du-second-concours-de-lens-lyon\/session-2011\/dp07oct11_rapport_projet_11_version_finale.pdf\">Rapport de l&rsquo;\u00e9preuve (orale) de projet personnel<\/a><\/p>\n","protected":false},"excerpt":{"rendered":"<p>Rapports des jurys des \u00e9preuves \u00e9crites et orales du concours des fili\u00e8res universitaires de la session 2011. &nbsp; Rapport de l&rsquo;\u00e9crit de biologie-biochimie Rapports de l&rsquo;\u00e9crit et de l&rsquo;oral de g\u00e9oscience Rapport de l&rsquo;oral de biologie-biochimie Rapport de l&rsquo;oral de <a href=\"https:\/\/banques-ecoles.fr\/cms\/filieres-universitaires-second-concours-scientifique\/rapports-des-jurys-du-second-concours-de-lens-de-lyon\/session-2011\/\">[Lire la suite]<\/a><\/p>\n","protected":false},"author":1,"featured_media":0,"parent":1187,"menu_order":1,"comment_status":"closed","ping_status":"open","template":"","meta":{"footnotes":""},"class_list":["post-1298","page","type-page","status-publish","hentry"],"_links":{"self":[{"href":"https:\/\/banques-ecoles.fr\/cms\/wp-json\/wp\/v2\/pages\/1298","targetHints":{"allow":["GET"]}}],"collection":[{"href":"https:\/\/banques-ecoles.fr\/cms\/wp-json\/wp\/v2\/pages"}],"about":[{"href":"https:\/\/banques-ecoles.fr\/cms\/wp-json\/wp\/v2\/types\/page"}],"author":[{"embeddable":true,"href":"https:\/\/banques-ecoles.fr\/cms\/wp-json\/wp\/v2\/users\/1"}],"replies":[{"embeddable":true,"href":"https:\/\/banques-ecoles.fr\/cms\/wp-json\/wp\/v2\/comments?post=1298"}],"version-history":[{"count":3,"href":"https:\/\/banques-ecoles.fr\/cms\/wp-json\/wp\/v2\/pages\/1298\/revisions"}],"predecessor-version":[{"id":2179,"href":"https:\/\/banques-ecoles.fr\/cms\/wp-json\/wp\/v2\/pages\/1298\/revisions\/2179"}],"up":[{"embeddable":true,"href":"https:\/\/banques-ecoles.fr\/cms\/wp-json\/wp\/v2\/pages\/1187"}],"wp:attachment":[{"href":"https:\/\/banques-ecoles.fr\/cms\/wp-json\/wp\/v2\/media?parent=1298"}],"curies":[{"name":"wp","href":"https:\/\/api.w.org\/{rel}","templated":true}]}}