{"id":1299,"date":"2013-02-27T10:41:20","date_gmt":"2013-02-27T09:41:20","guid":{"rendered":"http:\/\/banques-ecoles-dev.fr\/cms\/?page_id=1299"},"modified":"2013-04-21T15:07:23","modified_gmt":"2013-04-21T14:07:23","slug":"session-2010","status":"publish","type":"page","link":"https:\/\/banques-ecoles.fr\/cms\/filieres-universitaires-second-concours-scientifique\/rapports-des-jurys-du-second-concours-de-lens-de-lyon\/session-2010\/","title":{"rendered":"Session 2010"},"content":{"rendered":"<p>Rapports des jurys des \u00e9preuves \u00e9crites et orales du concours des fili\u00e8res universitaires de la session 2010.<\/p>\n<p>&nbsp;<\/p>\n<p><a href=\"\/cms\/wp-content\/data\/filieres-universitaires\/rapports-des-jurys-du-second-concours-de-lens-lyon\/session-2010\/rapport-2010-second-concours_oral_biologie_biochimie.pdf\">Rapport de l&rsquo;oral de biologie-biochimie<\/a><\/p>\n<p><a href=\"\/cms\/wp-content\/data\/filieres-universitaires\/rapports-des-jurys-du-second-concours-de-lens-lyon\/session-2010\/rapport-2010-second-concours_oral_physique.pdf\">Rapport de l&rsquo;oral de physique<\/a><\/p>\n<p><a href=\"\/cms\/wp-content\/data\/filieres-universitaires\/rapports-des-jurys-du-second-concours-de-lens-lyon\/session-2010\/rapport-2010-second-concours_oral_langues.pdf\">Rapport de l&rsquo;oral de langue vivante<\/a><\/p>\n<p><a href=\"\/cms\/wp-content\/data\/filieres-universitaires\/rapports-des-jurys-du-second-concours-de-lens-lyon\/session-2010\/rapport_second%20concours_projet_personnel_2010.pdf\">Rapport de l&rsquo;\u00e9preuve de projet personnel<\/a><\/p>\n","protected":false},"excerpt":{"rendered":"<p>Rapports des jurys des \u00e9preuves \u00e9crites et orales du concours des fili\u00e8res universitaires de la session 2010. &nbsp; Rapport de l&rsquo;oral de biologie-biochimie Rapport de l&rsquo;oral de physique Rapport de l&rsquo;oral de langue vivante Rapport de l&rsquo;\u00e9preuve de projet personnel<\/p>\n","protected":false},"author":1,"featured_media":0,"parent":1187,"menu_order":2,"comment_status":"closed","ping_status":"open","template":"","meta":{"footnotes":""},"class_list":["post-1299","page","type-page","status-publish","hentry"],"_links":{"self":[{"href":"https:\/\/banques-ecoles.fr\/cms\/wp-json\/wp\/v2\/pages\/1299","targetHints":{"allow":["GET"]}}],"collection":[{"href":"https:\/\/banques-ecoles.fr\/cms\/wp-json\/wp\/v2\/pages"}],"about":[{"href":"https:\/\/banques-ecoles.fr\/cms\/wp-json\/wp\/v2\/types\/page"}],"author":[{"embeddable":true,"href":"https:\/\/banques-ecoles.fr\/cms\/wp-json\/wp\/v2\/users\/1"}],"replies":[{"embeddable":true,"href":"https:\/\/banques-ecoles.fr\/cms\/wp-json\/wp\/v2\/comments?post=1299"}],"version-history":[{"count":4,"href":"https:\/\/banques-ecoles.fr\/cms\/wp-json\/wp\/v2\/pages\/1299\/revisions"}],"predecessor-version":[{"id":2181,"href":"https:\/\/banques-ecoles.fr\/cms\/wp-json\/wp\/v2\/pages\/1299\/revisions\/2181"}],"up":[{"embeddable":true,"href":"https:\/\/banques-ecoles.fr\/cms\/wp-json\/wp\/v2\/pages\/1187"}],"wp:attachment":[{"href":"https:\/\/banques-ecoles.fr\/cms\/wp-json\/wp\/v2\/media?parent=1299"}],"curies":[{"name":"wp","href":"https:\/\/api.w.org\/{rel}","templated":true}]}}