{"id":1302,"date":"2013-02-27T10:41:49","date_gmt":"2013-02-27T09:41:49","guid":{"rendered":"http:\/\/banques-ecoles-dev.fr\/cms\/?page_id=1302"},"modified":"2013-04-21T15:08:43","modified_gmt":"2013-04-21T14:08:43","slug":"session-2007","status":"publish","type":"page","link":"https:\/\/banques-ecoles.fr\/cms\/filieres-universitaires-second-concours-scientifique\/rapports-des-jurys-du-second-concours-de-lens-de-lyon\/session-2007\/","title":{"rendered":"Session 2007"},"content":{"rendered":"<p>Rapports des jurys des \u00e9preuves \u00e9crites et orales du concours des fili\u00e8res universitaires de la session 2007.<\/p>\n<p>&nbsp;<\/p>\n<p><a href=\"\/cms\/wp-content\/data\/filieres-universitaires\/rapports-des-jurys-du-second-concours-de-lens-lyon\/session-2007\/rapport-2007-second-concours_ecrit_biologie_biochimie.pdf\">Rapport de l&rsquo;\u00e9crit de biologie-biochimie<\/a><\/p>\n<p><a href=\"\/cms\/wp-content\/data\/filieres-universitaires\/rapports-des-jurys-du-second-concours-de-lens-lyon\/session-2007\/rapport-2007-second-concours_oral_biologie_biochimie.pdf\">Rapport de l&rsquo;oral de biologie-biochimie<\/a><\/p>\n<p><a href=\"\/cms\/wp-content\/data\/filieres-universitaires\/rapports-des-jurys-du-second-concours-de-lens-lyon\/session-2007\/rapport-2007-second-concours_oral_chimie.pdf\">Rapport de l&rsquo;oral de chimie<\/a><\/p>\n<p><a href=\"\/cms\/wp-content\/data\/filieres-universitaires\/rapports-des-jurys-du-second-concours-de-lens-lyon\/session-2007\/rapport-2007-second-concours_ecrit_geosciences.pdf\">Rapport de l&rsquo;\u00e9crit de g\u00e9osciences<\/a><\/p>\n<p><a href=\"\/cms\/wp-content\/data\/filieres-universitaires\/rapports-des-jurys-du-second-concours-de-lens-lyon\/session-2007\/rapport-2007-second-concours_oral_geosciences.pdf\">Rapport de l&rsquo;oral de g\u00e9osciences<\/a><\/p>\n<p><a href=\"\/cms\/wp-content\/data\/filieres-universitaires\/rapports-des-jurys-du-second-concours-de-lens-lyon\/session-2007\/rapport-2007-second-concours_ecrit_informatique.pdf\">Rapport de l&rsquo;\u00e9crit d&rsquo;informatique<\/a><\/p>\n<p><a href=\"\/cms\/wp-content\/data\/filieres-universitaires\/rapports-des-jurys-du-second-concours-de-lens-lyon\/session-2007\/rapport-2007-second-concours_oral_informatique.pdf\">Rapport de l&rsquo;oral d&rsquo;informatique<\/a><\/p>\n<p><a href=\"\/cms\/wp-content\/data\/filieres-universitaires\/rapports-des-jurys-du-second-concours-de-lens-lyon\/session-2007\/rapport-2007-second-concours_oral_mathematiques.pdf\">Rapport de l&rsquo;oral de math\u00e9matiques<\/a><\/p>\n<p><a href=\"\/cms\/wp-content\/data\/filieres-universitaires\/rapports-des-jurys-du-second-concours-de-lens-lyon\/session-2007\/rapport-2007-second-concours_oral_physique.pdf\">Rapport de l&rsquo;oral de physique<\/a><\/p>\n<p><a href=\"\/cms\/wp-content\/data\/filieres-universitaires\/rapports-des-jurys-du-second-concours-de-lens-lyon\/session-2007\/rapport-2007-second-concours_projet_personnel.pdf\">Rapport de l&rsquo;\u00e9preuve de projet personnel<\/a><\/p>\n<p><a href=\"\/cms\/wp-content\/data\/filieres-universitaires\/rapports-des-jurys-du-second-concours-de-lens-lyon\/session-2007\/rapport-2007-second-concours_oral_langue_vivante_anglais.pdf\">Rapport de l&rsquo;oral de langue vivante &#8211; anglais<\/a><\/p>\n<p><a href=\"\/cms\/wp-content\/data\/filieres-universitaires\/rapports-des-jurys-du-second-concours-de-lens-lyon\/session-2007\/rapport-2007-second-concours_oral_langue_vivante_russe.pdf\">Rapport de l&rsquo;oral de langue vivante &#8211; russe<\/a><\/p>\n","protected":false},"excerpt":{"rendered":"<p>Rapports des jurys des \u00e9preuves \u00e9crites et orales du concours des fili\u00e8res universitaires de la session 2007. &nbsp; Rapport de l&rsquo;\u00e9crit de biologie-biochimie Rapport de l&rsquo;oral de biologie-biochimie Rapport de l&rsquo;oral de chimie Rapport de l&rsquo;\u00e9crit de g\u00e9osciences Rapport de <a href=\"https:\/\/banques-ecoles.fr\/cms\/filieres-universitaires-second-concours-scientifique\/rapports-des-jurys-du-second-concours-de-lens-de-lyon\/session-2007\/\">[Lire la suite]<\/a><\/p>\n","protected":false},"author":1,"featured_media":0,"parent":1187,"menu_order":5,"comment_status":"closed","ping_status":"open","template":"","meta":{"footnotes":""},"class_list":["post-1302","page","type-page","status-publish","hentry"],"_links":{"self":[{"href":"https:\/\/banques-ecoles.fr\/cms\/wp-json\/wp\/v2\/pages\/1302","targetHints":{"allow":["GET"]}}],"collection":[{"href":"https:\/\/banques-ecoles.fr\/cms\/wp-json\/wp\/v2\/pages"}],"about":[{"href":"https:\/\/banques-ecoles.fr\/cms\/wp-json\/wp\/v2\/types\/page"}],"author":[{"embeddable":true,"href":"https:\/\/banques-ecoles.fr\/cms\/wp-json\/wp\/v2\/users\/1"}],"replies":[{"embeddable":true,"href":"https:\/\/banques-ecoles.fr\/cms\/wp-json\/wp\/v2\/comments?post=1302"}],"version-history":[{"count":3,"href":"https:\/\/banques-ecoles.fr\/cms\/wp-json\/wp\/v2\/pages\/1302\/revisions"}],"predecessor-version":[{"id":2185,"href":"https:\/\/banques-ecoles.fr\/cms\/wp-json\/wp\/v2\/pages\/1302\/revisions\/2185"}],"up":[{"embeddable":true,"href":"https:\/\/banques-ecoles.fr\/cms\/wp-json\/wp\/v2\/pages\/1187"}],"wp:attachment":[{"href":"https:\/\/banques-ecoles.fr\/cms\/wp-json\/wp\/v2\/media?parent=1302"}],"curies":[{"name":"wp","href":"https:\/\/api.w.org\/{rel}","templated":true}]}}